{"id":472,"date":"2022-08-30T11:40:48","date_gmt":"2022-08-30T11:40:48","guid":{"rendered":"https:\/\/dev-electrohugcom.srv1.clbr.hu\/cookie-regulations\/"},"modified":"2022-09-01T07:39:47","modified_gmt":"2022-09-01T07:39:47","slug":"cookie-tajekoztato","status":"publish","type":"page","link":"https:\/\/electrohug.com\/hu\/cookie-tajekoztato\/","title":{"rendered":"Cookie t\u00e1j\u00e9koztat\u00f3"},"content":{"rendered":"<p>[vc_row full_height=&#8221;yes&#8221; css=&#8221;.vc_custom_1662017909036{padding-top: 50px !important;}&#8221;][vc_column width=&#8221;5\/6&#8243; offset=&#8221;vc_col-sm-offset-1&#8243;][vc_column_text]<\/p>\n<h1>COOKIE (S\u00dcTI) T\u00c1J\u00c9KOZTAT\u00d3<\/h1>\n<p>\u00c1ltal\u00e1ban a cookie-kr\u00f3l <a href=\"https:\/\/en.wikipedia.org\/wiki\/HTTP_cookie\">itt<\/a> t\u00e1j\u00e9koz\u00f3dhat.<\/p>\n<h3><strong>SZ\u00dcKS\u00c9GES COOKIE-K<\/strong><\/h3>\n<p>A sz\u00fcks\u00e9ges cookie-k lehet\u0151v\u00e9 teszik, hogy olyan inform\u00e1ci\u00f3t jegyezz\u00fcnk meg, melyek els\u0151sorban az oldal m\u0171k\u00f6d\u00e9s\u00e9vel \u00e1llnak kapcsolatban. A sz\u00fcks\u00e9ges cookie-k szolg\u00e1lhatnak tov\u00e1bb\u00e1 analitikai c\u00e9lt, illetve az oldalon fut\u00f3 hirdet\u00e9sek megjelen\u00edt\u00e9s\u00e9re.<br \/>\nA sz\u00fcks\u00e9ges cookie-k az al\u00e1bbi funkci\u00f3kat biztos\u00edtj\u00e1k: Google Analytics forgalomm\u00e9r\u00e9s.<\/p>\n<h3><strong>FUNKCION\u00c1LIS COOKIE-K<\/strong><\/h3>\n<p>A funkcion\u00e1lis cookie-k az \u00e9rdekl\u0151d\u00e9si k\u00f6rnek megfelel\u0151 hirdet\u00e9sek megjelen\u00edt\u00e9s\u00e9t szolg\u00e1lj\u00e1k.<br \/>\nA weboldal nem tartalmaz ilyen elemet.<\/p>\n<h3><strong>KOMFORT COOKIE-K<\/strong><\/h3>\n<p>A komfort cookie-k lehet\u0151v\u00e9 teszik az oldal teljes funkcionalit\u00e1s\u00e1nak a haszn\u00e1lat\u00e1t, \u00edgy szem\u00e9lyre sz\u00f3l\u00f3 tartalmak, hirdet\u00e9sek megjelen\u00edt\u00e9s\u00e9t \u00e9s k\u00fcld\u00e9s\u00e9t biztos\u00edtj\u00e1k a honlap haszn\u00e1lat\u00e1nak elemz\u00e9se \u00e1ltal, valamint visszajelz\u00e9ssel szolg\u00e1lnak szolg\u00e1ltat\u00e1saink ig\u00e9nybe v\u00e9tel\u00e9r\u0151l, ez\u00e1ltal hozz\u00e1j\u00e1rulnak azok ig\u00e9nyekre szabott tov\u00e1bbfejleszt\u00e9s\u00e9hez.<br \/>\nA weboldal nem tartalmaz ilyen elemet.<br \/>\nA cookie be\u00e1ll\u00edt\u00e1sokat b\u00e1rmikor megv\u00e1ltoztathatja b\u00f6ng\u00e9sz\u0151j\u00e9ben is. Az ehhez sz\u00fcks\u00e9ges \u00fatmutat\u00e1s\u00e9rt k\u00e9rj\u00fck, keresse fel b\u00f6ng\u00e9sz\u0151j\u00e9t: <a href=\"https:\/\/www.google.com\/chrome\/\">Chrome<\/a><strong>,<\/strong>&nbsp;<a href=\"https:\/\/www.mozilla.org\/hu\/firefox\/\">Firefox<\/a><strong>,<\/strong>&nbsp;<strong><a href=\"https:\/\/www.apple.com\/safari\/\">Safari<\/a>,<\/strong><a href=\"https:\/\/www.microsoft.com\/hu-hu\/search\/result.aspx?q=internet+explorer\">Internet Explorer<\/a><strong>,<\/strong>&nbsp;<a href=\"https:\/\/www.microsoft.com\/hu-hu\/windows\/microsoft-edge\">Microsoft Edge<\/a>[\/vc_column_text][\/vc_column][\/vc_row]<\/p>\n","protected":false},"excerpt":{"rendered":"<p>[vc_row full_height=&#8221;yes&#8221; css=&#8221;.vc_custom_1662017909036{padding-top: 50px !important;}&#8221;][vc_column width=&#8221;5\/6&#8243; offset=&#8221;vc_col-sm-offset-1&#8243;][vc_column_text] COOKIE (S\u00dcTI) T\u00c1J\u00c9KOZTAT\u00d3 \u00c1ltal\u00e1ban a cookie-kr\u00f3l itt t\u00e1j\u00e9koz\u00f3dhat. SZ\u00dcKS\u00c9GES COOKIE-K A sz\u00fcks\u00e9ges cookie-k lehet\u0151v\u00e9 teszik, hogy olyan inform\u00e1ci\u00f3t jegyezz\u00fcnk meg, melyek els\u0151sorban az oldal m\u0171k\u00f6d\u00e9s\u00e9vel \u00e1llnak kapcsolatban. A sz\u00fcks\u00e9ges cookie-k szolg\u00e1lhatnak tov\u00e1bb\u00e1 analitikai c\u00e9lt, illetve az oldalon fut\u00f3 hirdet\u00e9sek megjelen\u00edt\u00e9s\u00e9re. A sz\u00fcks\u00e9ges cookie-k az al\u00e1bbi funkci\u00f3kat biztos\u00edtj\u00e1k: Google&hellip;<\/p>\n","protected":false},"author":2,"featured_media":0,"parent":0,"menu_order":0,"comment_status":"closed","ping_status":"closed","template":"","meta":{"inline_featured_image":false},"yoast_head":"<!-- This site is optimized with the Yoast SEO plugin v19.10 - https:\/\/yoast.com\/wordpress\/plugins\/seo\/ -->\n<title>Cookie t\u00e1j\u00e9koztat\u00f3 - Electrohug-<\/title>\n<meta name=\"robots\" content=\"index, follow, max-snippet:-1, max-image-preview:large, max-video-preview:-1\" \/>\n<link rel=\"canonical\" href=\"https:\/\/electrohug.com\/hu\/cookie-tajekoztato\/\" \/>\n<meta property=\"og:locale\" content=\"hu_HU\" \/>\n<meta property=\"og:type\" content=\"article\" \/>\n<meta property=\"og:title\" content=\"Cookie t\u00e1j\u00e9koztat\u00f3 - Electrohug-\" \/>\n<meta property=\"og:description\" content=\"[vc_row full_height=&#8221;yes&#8221; css=&#8221;.vc_custom_1662017909036{padding-top: 50px !important;}&#8221;][vc_column width=&#8221;5\/6&#8243; offset=&#8221;vc_col-sm-offset-1&#8243;][vc_column_text] COOKIE (S\u00dcTI) T\u00c1J\u00c9KOZTAT\u00d3 \u00c1ltal\u00e1ban a cookie-kr\u00f3l itt t\u00e1j\u00e9koz\u00f3dhat. SZ\u00dcKS\u00c9GES COOKIE-K A sz\u00fcks\u00e9ges cookie-k lehet\u0151v\u00e9 teszik, hogy olyan inform\u00e1ci\u00f3t jegyezz\u00fcnk meg, melyek els\u0151sorban az oldal m\u0171k\u00f6d\u00e9s\u00e9vel \u00e1llnak kapcsolatban. A sz\u00fcks\u00e9ges cookie-k szolg\u00e1lhatnak tov\u00e1bb\u00e1 analitikai c\u00e9lt, illetve az oldalon fut\u00f3 hirdet\u00e9sek megjelen\u00edt\u00e9s\u00e9re. A sz\u00fcks\u00e9ges cookie-k az al\u00e1bbi funkci\u00f3kat biztos\u00edtj\u00e1k: Google&hellip;\" \/>\n<meta property=\"og:url\" content=\"https:\/\/electrohug.com\/hu\/cookie-tajekoztato\/\" \/>\n<meta property=\"og:site_name\" content=\"Electrohug-\" \/>\n<meta property=\"article:modified_time\" content=\"2022-09-01T07:39:47+00:00\" \/>\n<meta name=\"twitter:card\" content=\"summary_large_image\" \/>\n<meta name=\"twitter:label1\" content=\"Becs\u00fclt olvas\u00e1si id\u0151\" \/>\n\t<meta name=\"twitter:data1\" content=\"1 perc\" \/>\n<script type=\"application\/ld+json\" class=\"yoast-schema-graph\">{\"@context\":\"https:\/\/schema.org\",\"@graph\":[{\"@type\":\"WebPage\",\"@id\":\"https:\/\/electrohug.com\/hu\/cookie-tajekoztato\/\",\"url\":\"https:\/\/electrohug.com\/hu\/cookie-tajekoztato\/\",\"name\":\"Cookie t\u00e1j\u00e9koztat\u00f3 - Electrohug-\",\"isPartOf\":{\"@id\":\"https:\/\/electrohug.com\/#website\"},\"datePublished\":\"2022-08-30T11:40:48+00:00\",\"dateModified\":\"2022-09-01T07:39:47+00:00\",\"breadcrumb\":{\"@id\":\"https:\/\/electrohug.com\/hu\/cookie-tajekoztato\/#breadcrumb\"},\"inLanguage\":\"hu\",\"potentialAction\":[{\"@type\":\"ReadAction\",\"target\":[\"https:\/\/electrohug.com\/hu\/cookie-tajekoztato\/\"]}]},{\"@type\":\"BreadcrumbList\",\"@id\":\"https:\/\/electrohug.com\/hu\/cookie-tajekoztato\/#breadcrumb\",\"itemListElement\":[{\"@type\":\"ListItem\",\"position\":1,\"name\":\"Home\",\"item\":\"https:\/\/electrohug.com\/hu\/\"},{\"@type\":\"ListItem\",\"position\":2,\"name\":\"Cookie t\u00e1j\u00e9koztat\u00f3\"}]},{\"@type\":\"WebSite\",\"@id\":\"https:\/\/electrohug.com\/#website\",\"url\":\"https:\/\/electrohug.com\/\",\"name\":\"Electrohug-\",\"description\":\"\",\"potentialAction\":[{\"@type\":\"SearchAction\",\"target\":{\"@type\":\"EntryPoint\",\"urlTemplate\":\"https:\/\/electrohug.com\/?s={search_term_string}\"},\"query-input\":\"required name=search_term_string\"}],\"inLanguage\":\"hu\"}]}<\/script>\n<!-- \/ Yoast SEO plugin. -->","yoast_head_json":{"title":"Cookie t\u00e1j\u00e9koztat\u00f3 - Electrohug-","robots":{"index":"index","follow":"follow","max-snippet":"max-snippet:-1","max-image-preview":"max-image-preview:large","max-video-preview":"max-video-preview:-1"},"canonical":"https:\/\/electrohug.com\/hu\/cookie-tajekoztato\/","og_locale":"hu_HU","og_type":"article","og_title":"Cookie t\u00e1j\u00e9koztat\u00f3 - Electrohug-","og_description":"[vc_row full_height=&#8221;yes&#8221; css=&#8221;.vc_custom_1662017909036{padding-top: 50px !important;}&#8221;][vc_column width=&#8221;5\/6&#8243; offset=&#8221;vc_col-sm-offset-1&#8243;][vc_column_text] COOKIE (S\u00dcTI) T\u00c1J\u00c9KOZTAT\u00d3 \u00c1ltal\u00e1ban a cookie-kr\u00f3l itt t\u00e1j\u00e9koz\u00f3dhat. SZ\u00dcKS\u00c9GES COOKIE-K A sz\u00fcks\u00e9ges cookie-k lehet\u0151v\u00e9 teszik, hogy olyan inform\u00e1ci\u00f3t jegyezz\u00fcnk meg, melyek els\u0151sorban az oldal m\u0171k\u00f6d\u00e9s\u00e9vel \u00e1llnak kapcsolatban. A sz\u00fcks\u00e9ges cookie-k szolg\u00e1lhatnak tov\u00e1bb\u00e1 analitikai c\u00e9lt, illetve az oldalon fut\u00f3 hirdet\u00e9sek megjelen\u00edt\u00e9s\u00e9re. A sz\u00fcks\u00e9ges cookie-k az al\u00e1bbi funkci\u00f3kat biztos\u00edtj\u00e1k: Google&hellip;","og_url":"https:\/\/electrohug.com\/hu\/cookie-tajekoztato\/","og_site_name":"Electrohug-","article_modified_time":"2022-09-01T07:39:47+00:00","twitter_card":"summary_large_image","twitter_misc":{"Becs\u00fclt olvas\u00e1si id\u0151":"1 perc"},"schema":{"@context":"https:\/\/schema.org","@graph":[{"@type":"WebPage","@id":"https:\/\/electrohug.com\/hu\/cookie-tajekoztato\/","url":"https:\/\/electrohug.com\/hu\/cookie-tajekoztato\/","name":"Cookie t\u00e1j\u00e9koztat\u00f3 - Electrohug-","isPartOf":{"@id":"https:\/\/electrohug.com\/#website"},"datePublished":"2022-08-30T11:40:48+00:00","dateModified":"2022-09-01T07:39:47+00:00","breadcrumb":{"@id":"https:\/\/electrohug.com\/hu\/cookie-tajekoztato\/#breadcrumb"},"inLanguage":"hu","potentialAction":[{"@type":"ReadAction","target":["https:\/\/electrohug.com\/hu\/cookie-tajekoztato\/"]}]},{"@type":"BreadcrumbList","@id":"https:\/\/electrohug.com\/hu\/cookie-tajekoztato\/#breadcrumb","itemListElement":[{"@type":"ListItem","position":1,"name":"Home","item":"https:\/\/electrohug.com\/hu\/"},{"@type":"ListItem","position":2,"name":"Cookie t\u00e1j\u00e9koztat\u00f3"}]},{"@type":"WebSite","@id":"https:\/\/electrohug.com\/#website","url":"https:\/\/electrohug.com\/","name":"Electrohug-","description":"","potentialAction":[{"@type":"SearchAction","target":{"@type":"EntryPoint","urlTemplate":"https:\/\/electrohug.com\/?s={search_term_string}"},"query-input":"required name=search_term_string"}],"inLanguage":"hu"}]}},"_links":{"self":[{"href":"https:\/\/electrohug.com\/hu\/wp-json\/wp\/v2\/pages\/472"}],"collection":[{"href":"https:\/\/electrohug.com\/hu\/wp-json\/wp\/v2\/pages"}],"about":[{"href":"https:\/\/electrohug.com\/hu\/wp-json\/wp\/v2\/types\/page"}],"author":[{"embeddable":true,"href":"https:\/\/electrohug.com\/hu\/wp-json\/wp\/v2\/users\/2"}],"replies":[{"embeddable":true,"href":"https:\/\/electrohug.com\/hu\/wp-json\/wp\/v2\/comments?post=472"}],"version-history":[{"count":7,"href":"https:\/\/electrohug.com\/hu\/wp-json\/wp\/v2\/pages\/472\/revisions"}],"predecessor-version":[{"id":506,"href":"https:\/\/electrohug.com\/hu\/wp-json\/wp\/v2\/pages\/472\/revisions\/506"}],"wp:attachment":[{"href":"https:\/\/electrohug.com\/hu\/wp-json\/wp\/v2\/media?parent=472"}],"curies":[{"name":"wp","href":"https:\/\/api.w.org\/{rel}","templated":true}]}}