{"id":259,"date":"2022-05-25T09:35:50","date_gmt":"2022-05-25T09:35:50","guid":{"rendered":"http:\/\/dev-electrohugcom.srv1.clbr.hu\/szakmai-hatter\/"},"modified":"2022-10-11T09:55:07","modified_gmt":"2022-10-11T09:55:07","slug":"szakmai-hatter","status":"publish","type":"page","link":"https:\/\/electrohug.com\/hu\/szakmai-hatter\/","title":{"rendered":"Szakmai h\u00e1tt\u00e9r"},"content":{"rendered":"<p>[vc_row full_height=&#8221;yes&#8221; css=&#8221;.vc_custom_1657627557664{padding-top: 50px !important;padding-bottom: 100px !important;}&#8221;][vc_column width=&#8221;5\/6&#8243; offset=&#8221;vc_col-sm-offset-1&#8243;][vc_column_text]<\/p>\n<h1 style=\"text-align: justify;\">Piaci k\u00f6rnyezet<\/h1>\n<p style=\"text-align: justify;\"><strong>Ahogy a verseny \u00e9lesedett az elm\u00falt \u00e9vtizedek sor\u00e1n, a k\u00fcl\u00f6nb\u00f6z\u0151 gazdas\u00e1gi szektorokban m\u0171k\u00f6d\u0151 \u00fczleti d\u00f6nt\u00e9shoz\u00f3k egyre jelent\u0151sebb m\u00e9rt\u00e9kben kezdt\u00e9k alkalmazni az ipar\u00e1gi, gazdas\u00e1gi szektor szerinti specifikus komplex megold\u00e1sokat. A folyamatos versenyben az id\u0151 \u00e9s a k\u00f6lt\u00e9shat\u00e9konys\u00e1g egy\u00e9rtelm\u0171en el\u0151t\u00e9rbe ker\u00fclt, egyre kevesebb megrendel\u0151 akar foglalkozni egy adott term\u00e9kel\u0151\u00e1ll\u00edt\u00e1s r\u00e9szmunk\u00e1lataival, \u00e9s amennyiben van el\u00e9rhet\u0151 megold\u00e1s, azt outsourcing seg\u00edts\u00e9g\u00e9vel pr\u00f3b\u00e1lj\u00e1k megoldani.<\/strong><\/p>\n<p style=\"text-align: justify;\">Ez a v\u00e1ltoz\u00e1s az elektronikai term\u00e9kek piac\u00e1t is jelent\u0151sen \u00e1talak\u00edtotta. A hagyom\u00e1nyos EMS megold\u00e1sokn\u00e1l k\u00e9t alapvet\u0151 ir\u00e1ny alakult ki e tekintetben. Az egyik a nemzetk\u00f6zi c\u00e9gek elv\u00e1r\u00e1sait k\u00f6veti, ahol a szervez\u00e9s, a folyamatok menedzsel\u00e9se a bels\u0151 szervezetben \u00e1ltal\u00e1ban megoldott, \u00edgy a besz\u00e1ll\u00edt\u00f3kkal val\u00f3 kapcsolattart\u00e1son van a hangs\u00faly, de a k\u00fcl\u00f6nb\u00f6z\u0151 r\u00e9szmunk\u00e1kat elv\u00e9gz\u0151 besz\u00e1ll\u00edt\u00f3kat a megrendel\u0151 oldal\u00e1n magas szinten k\u00e9pesek menedzselni. De m\u00e1r ebben az esetben is elv\u00e1r\u00e1s, hogy egy-egy alfolyamat egy adott besz\u00e1ll\u00edt\u00f3hoz tartozzon, legyen egy adott felel\u0151s az elv\u00e9gzett munk\u00e1\u00e9rt, \u00e9s amennyiben tov\u00e1bbi albesz\u00e1ll\u00edt\u00f3kra van sz\u00fcks\u00e9g, azt menedzselje a megrendel\u0151h\u00f6z k\u00f6zvetlen\u00fcl kapcsol\u00f3d\u00f3 besz\u00e1ll\u00edt\u00f3. Vagyis a TIER 1-es besz\u00e1ll\u00edt\u00f3k felel\u0151ss\u00e9g\u00e9t megn\u00f6velt\u00e9k. A m\u00e1sik ir\u00e1ny a kisebb c\u00e9gek term\u00e9kel\u0151\u00e1ll\u00edt\u00e1sa, ahol \u00e1ltal\u00e1ban k\u00f6lts\u00e9ghat\u00e9konys\u00e1gi t\u00e9nyez\u0151k miatt nincs bels\u0151 er\u0151forr\u00e1s a r\u00e9szfolyamatok besz\u00e1ll\u00edt\u00f3inak \u00f6sszehangol\u00e1s\u00e1ra, kontrollj\u00e1ra, menedzsel\u00e9s\u00e9re, \u00edgy egyre ink\u00e1bb elv\u00e1r\u00e1s a \u201emindent egy k\u00e9zb\u0151l\u201d megold\u00e1sok alkalmaz\u00e1sa. Ez viszont a besz\u00e1ll\u00edt\u00f3i oldalon olyan tud\u00e1s megl\u00e9t\u00e9t\u00e9t teszi sz\u00fcks\u00e9gess\u00e9, ami egy hagyom\u00e1nyos TIER l\u00e1ncolatban l\u00e9v\u0151 besz\u00e1ll\u00edt\u00f3 sz\u00e1m\u00e1ra nem volt sz\u00fcks\u00e9ges. A komplex term\u00e9kmenedzsment olyan tud\u00e1s, aminek megszerz\u00e9se els\u0151sorban tapasztalati alapon m\u0171k\u00f6dik. Ezen k\u00edv\u00fcl kiemelt jelent\u0151s\u00e9g\u0171 az igen magas szint\u0171 szakmai network kialak\u00edt\u00e1sa, melynek tagjait biztons\u00e1ggal \u00e9s bizalommal lehet mozgatni egy-egy projekt alkalm\u00e1val.<\/p>\n<p>[\/vc_column_text][vc_raw_html]JTNDZGl2JTIwY2xhc3MlM0QlMjJjb250YWluZXItc2Nyb2xsJTIyJTNFJTBBJTIwJTIwJTNDZGl2JTIwY2xhc3MlM0QlMjJjaGV2cm9uJTIyJTNFJTNDJTJGZGl2JTNFJTBBJTIwJTIwJTNDZGl2JTIwY2xhc3MlM0QlMjJjaGV2cm9uJTIyJTNFJTNDJTJGZGl2JTNFJTBBJTIwJTIwJTNDZGl2JTIwY2xhc3MlM0QlMjJjaGV2cm9uJTIyJTNFJTNDJTJGZGl2JTNFJTBBJTIwJTIwJTNDc3BhbiUyMGNsYXNzJTNEJTIydGV4dCUyMiUzRUclQzMlQjZyZ2Vzc2VuJTIwbGUlM0MlMkZzcGFuJTNFJTBBJTIwJTIwJTNDYSUyMGNsYXNzJTNEJTIydGV4dCUyMGFuY2hvci1saW5rJTIyJTIwaHJlZiUzRCUyMiUyMyUyMSUyRmNvbXBsZXgtZW1zLW1hbmFnZW1lbnQlMjIlM0VLT01QTEVYJTIwRU1TJTIwVEVSTSVDMyU4OUtNRU5FRFpTTUVOVCUzQyUyRmElM0UlMEElM0MlMkZkaXYlM0U=[\/vc_raw_html][\/vc_column][\/vc_row][vc_row el_id=&#8221;complex-ems-management&#8221;][vc_column]<style type=\"text\/css\" data-type=\"the7_shortcodes-inline-css\">.shortcode-single-image-wrap.shortcode-single-image-a220ffb155ebc94efb9fa4778ffbffa3.enable-bg-rollover .rollover i,\n.shortcode-single-image-wrap.shortcode-single-image-a220ffb155ebc94efb9fa4778ffbffa3.enable-bg-rollover .rollover-video i {\n  background: -webkit-linear-gradient();\n  background: linear-gradient();\n}\n.shortcode-single-image-wrap.shortcode-single-image-a220ffb155ebc94efb9fa4778ffbffa3 .rollover-icon {\n  font-size: 32px;\n  color: #ffffff;\n  min-width: 44px;\n  min-height: 44px;\n  line-height: 44px;\n  border-radius: 100px;\n  border-style: solid;\n  border-width: 0px;\n}\n.dt-icon-bg-on.shortcode-single-image-wrap.shortcode-single-image-a220ffb155ebc94efb9fa4778ffbffa3 .rollover-icon {\n  background: rgba(255,255,255,0.3);\n  box-shadow: none;\n}\n<\/style><div class=\"shortcode-single-image-wrap shortcode-single-image-a220ffb155ebc94efb9fa4778ffbffa3 alignnone fadeIn animate-element  enable-bg-rollover dt-icon-bg-off\" style=\"margin-top:0px; margin-bottom:0px; margin-left:0px; margin-right:0px;\"><div class=\"shortcode-single-image hero-head\"><div class=\"fancy-media-wrap  layzr-bg\" style=\"\"><img class=\"preload-me lazy-load\" src=\"data:image\/svg+xml,%3Csvg%20xmlns%3D&#39;http%3A%2F%2Fwww.w3.org%2F2000%2Fsvg&#39;%20viewBox%3D&#39;0%200%202560%20736&#39;%2F%3E\" data-src=\"https:\/\/electrohug.com\/wp-content\/uploads\/2022\/08\/complex-ems-product-management-bg-1.png\" data-srcset=\"https:\/\/electrohug.com\/wp-content\/uploads\/2022\/08\/complex-ems-product-management-bg-1.png 2560w\" width=\"2560\" height=\"736\"  data-dt-location=\"https:\/\/electrohug.com\/hu\/szakmai-hatter\/complex-ems-product-management-bg\/\" style=\"\" alt=\"\" \/><\/div><\/div><\/div>[\/vc_column][\/vc_row][vc_row css=&#8221;.vc_custom_1659959241388{padding-bottom: 100px !important;}&#8221;][vc_column width=&#8221;5\/6&#8243; offset=&#8221;vc_col-sm-offset-1&#8243;][vc_column_text]<\/p>\n<h2 class=\"h1\">Komplex EMS term\u00e9k&shy;menedzs&shy;ment<\/h2>\n<p style=\"text-align: justify;\"><strong>A piaci v\u00e1ltoz\u00e1sok hat\u00e1s\u00e1ra egyre er\u0151teljesebb jelenl\u00e9te van a \u201ekomplex EMS term\u00e9kmenedzsment\u201d megold\u00e1soknak, <\/strong>melyek ir\u00e1nt a kereslet exponenci\u00e1lisan n\u00f6vekedett az elm\u00falt \u00e9vekben. A hat\u00e1st r\u00e1ad\u00e1sul igen intenz\u00edven befoly\u00e1solta a COVID-19 v\u00e1ls\u00e1g elektronikai szektorra gyakorolt hat\u00e1sa. A gy\u00e1rt\u00e1s kisz\u00e1m\u00edthat\u00f3s\u00e1ga, id\u0151ben t\u00f6rt\u00e9n\u0151 kivitelez\u00e9se, mindez magas min\u0151s\u00e9gi szint biztos\u00edt\u00e1sa mellett k\u00f6zponti eleme lett a versenynek. A besz\u00e1ll\u00edt\u00f3kkal t\u00f6rt\u00e9n\u0151 kapcsolattart\u00e1s ter\u00fcleteit is \u00e9rintett\u00e9k, a j\u00f6v\u0151ben is \u00e9rintik a c\u00e9ges szervezetek k\u00f6lts\u00e9ghat\u00e9konys\u00e1gi t\u00f6rekv\u00e9sei, az ezzel egy\u00fctt j\u00e1r\u00f3 l\u00e9tsz\u00e1mle\u00e9p\u00edt\u00e9sek. Nem meglep\u0151, hiszen minden v\u00e1ls\u00e1g egyik egy\u00e9rtelm\u0171 k\u00f6vetkezm\u00e9nye az outsourcing megold\u00e1sok ir\u00e1nti ig\u00e9nyek n\u00f6veked\u00e9se, hiszen ezzel a c\u00e9gek k\u00e9pesek kicser\u00e9lni az \u00e1lland\u00f3 fix munkaer\u0151k\u00f6lts\u00e9get egy, kiz\u00e1r\u00f3lag a konkr\u00e9t term\u00e9kel\u0151\u00e1ll\u00edt\u00e1si folyamat idej\u00e9re vonatkoz\u00f3 id\u0151szakos k\u00f6lts\u00e9ggel, mely a v\u00e9gs\u0151 c\u00e9ges eredm\u00e9nyre komoly hat\u00e1ssal van. A komplex term\u00e9kmenedzsment tulajdonk\u00e9ppen az eg\u00e9sz term\u00e9kel\u0151\u00e1ll\u00edt\u00e1si folyamatot k\u00e9pes fel\u00e9p\u00edteni \u00e9s menedzselni a \u201etervekt\u0151l\u201d a \u201ek\u00e9szterm\u00e9k\u201d el\u0151\u00e1ll\u00edt\u00e1s\u00e1ig. EMS ter\u00fclet\u00e9n ez jelentheti a k\u00f6vetkez\u0151 munkafolyamatokat:<\/p>\n<p>[\/vc_column_text][vc_column_text css=&#8221;.vc_custom_1657529329998{padding-top: 30px !important;padding-right: 30px !important;padding-bottom: 30px !important;padding-left: 30px !important;background-color: rgba(12,51,86,0.5) !important;*background-color: rgb(12,51,86) !important;}&#8221;]<\/p>\n<ul>\n<li>gy\u00e1rt\u00f3hat\u00f3s\u00e1gi tanulm\u00e1ny,<\/li>\n<li>alapanyag beszerz\u00e9s,<\/li>\n<li>term\u00e9k minta el\u0151gy\u00e1rt\u00e1s,<\/li>\n<li>term\u00e9k minta tesztel\u00e9s,<\/li>\n<li>fel\u00fcletszerelt alkatr\u00e9szek be\u00fcltet\u00e9se, forraszt\u00e1sa, 2D\/3D vizsg\u00e1lata,<\/li>\n<li>furatszerelt \u00e1ramk\u00f6ri elemek form\u00e1z\u00e1sa, be\u00fcltet\u00e9s forraszt\u00e1sa, ezek automatiz\u00e1lt vizsg\u00e1lata,<\/li>\n<li>elektronikai f\u00e9l-k\u00e9sz term\u00e9kek szelekt\u00edv v\u00e9d\u0151 fel\u00fclettel t\u00f6rt\u00e9n\u0151 bevon\u00e1sa (lakkoz\u00e1s, vagy szilikonoz\u00e1s),<\/li>\n<li>term\u00e9kek depaneliz\u00e1l\u00e1sa,<\/li>\n<li>term\u00e9kek csavaroz\u00e1sa, ragaszt\u00e1sa k\u00fcl\u00f6nb\u00f6z\u0151 elemek h\u00e1zas\u00edt\u00e1sa,<\/li>\n<li>fr\u00f6ccs\u00f6nt\u00f6tt elemek gy\u00e1rt\u00e1sa, \u00e9s pr\u00e9sel\u00e9se,<\/li>\n<li>f\u00e9l-k\u00e9sz \u2013 k\u00e9sz term\u00e9kek tesztel\u00e9se ICT, vagy funkcion\u00e1lis m\u00f3don,<\/li>\n<li>term\u00e9kek programoz\u00e1sa,<\/li>\n<li>term\u00e9kek \u00f6sszek\u00e9sz\u00edt\u00e9se, illetve csomagol\u00e1sa.<\/li>\n<\/ul>\n<p>[\/vc_column_text][\/vc_column][\/vc_row]<\/p>\n","protected":false},"excerpt":{"rendered":"<p>[vc_row full_height=&#8221;yes&#8221; css=&#8221;.vc_custom_1657627557664{padding-top: 50px !important;padding-bottom: 100px !important;}&#8221;][vc_column width=&#8221;5\/6&#8243; offset=&#8221;vc_col-sm-offset-1&#8243;][vc_column_text] Piaci k\u00f6rnyezet Ahogy a verseny \u00e9lesedett az elm\u00falt \u00e9vtizedek sor\u00e1n, a k\u00fcl\u00f6nb\u00f6z\u0151 gazdas\u00e1gi szektorokban m\u0171k\u00f6d\u0151 \u00fczleti d\u00f6nt\u00e9shoz\u00f3k egyre jelent\u0151sebb m\u00e9rt\u00e9kben kezdt\u00e9k alkalmazni az ipar\u00e1gi, gazdas\u00e1gi szektor szerinti specifikus komplex megold\u00e1sokat. A folyamatos versenyben az id\u0151 \u00e9s a k\u00f6lt\u00e9shat\u00e9konys\u00e1g egy\u00e9rtelm\u0171en el\u0151t\u00e9rbe ker\u00fclt, egyre kevesebb megrendel\u0151 akar foglalkozni&hellip;<\/p>\n","protected":false},"author":1,"featured_media":0,"parent":0,"menu_order":0,"comment_status":"closed","ping_status":"closed","template":"","meta":{"inline_featured_image":false},"yoast_head":"<!-- This site is optimized with the Yoast SEO plugin v19.10 - https:\/\/yoast.com\/wordpress\/plugins\/seo\/ -->\n<title>Szakmai h\u00e1tt\u00e9r - Electrohug-<\/title>\n<meta name=\"robots\" content=\"index, follow, max-snippet:-1, max-image-preview:large, max-video-preview:-1\" \/>\n<link rel=\"canonical\" href=\"https:\/\/electrohug.com\/hu\/szakmai-hatter\/\" \/>\n<meta property=\"og:locale\" content=\"hu_HU\" \/>\n<meta property=\"og:type\" content=\"article\" \/>\n<meta property=\"og:title\" content=\"Szakmai h\u00e1tt\u00e9r - Electrohug-\" \/>\n<meta property=\"og:description\" content=\"[vc_row full_height=&#8221;yes&#8221; css=&#8221;.vc_custom_1657627557664{padding-top: 50px !important;padding-bottom: 100px !important;}&#8221;][vc_column width=&#8221;5\/6&#8243; offset=&#8221;vc_col-sm-offset-1&#8243;][vc_column_text] Piaci k\u00f6rnyezet Ahogy a verseny \u00e9lesedett az elm\u00falt \u00e9vtizedek sor\u00e1n, a k\u00fcl\u00f6nb\u00f6z\u0151 gazdas\u00e1gi szektorokban m\u0171k\u00f6d\u0151 \u00fczleti d\u00f6nt\u00e9shoz\u00f3k egyre jelent\u0151sebb m\u00e9rt\u00e9kben kezdt\u00e9k alkalmazni az ipar\u00e1gi, gazdas\u00e1gi szektor szerinti specifikus komplex megold\u00e1sokat. A folyamatos versenyben az id\u0151 \u00e9s a k\u00f6lt\u00e9shat\u00e9konys\u00e1g egy\u00e9rtelm\u0171en el\u0151t\u00e9rbe ker\u00fclt, egyre kevesebb megrendel\u0151 akar foglalkozni&hellip;\" \/>\n<meta property=\"og:url\" content=\"https:\/\/electrohug.com\/hu\/szakmai-hatter\/\" \/>\n<meta property=\"og:site_name\" content=\"Electrohug-\" \/>\n<meta property=\"article:modified_time\" content=\"2022-10-11T09:55:07+00:00\" \/>\n<meta name=\"twitter:card\" content=\"summary_large_image\" \/>\n<meta name=\"twitter:label1\" content=\"Becs\u00fclt olvas\u00e1si id\u0151\" \/>\n\t<meta name=\"twitter:data1\" content=\"5 perc\" \/>\n<script type=\"application\/ld+json\" class=\"yoast-schema-graph\">{\"@context\":\"https:\/\/schema.org\",\"@graph\":[{\"@type\":\"WebPage\",\"@id\":\"https:\/\/electrohug.com\/hu\/szakmai-hatter\/\",\"url\":\"https:\/\/electrohug.com\/hu\/szakmai-hatter\/\",\"name\":\"Szakmai h\u00e1tt\u00e9r - Electrohug-\",\"isPartOf\":{\"@id\":\"https:\/\/electrohug.com\/#website\"},\"datePublished\":\"2022-05-25T09:35:50+00:00\",\"dateModified\":\"2022-10-11T09:55:07+00:00\",\"breadcrumb\":{\"@id\":\"https:\/\/electrohug.com\/hu\/szakmai-hatter\/#breadcrumb\"},\"inLanguage\":\"hu\",\"potentialAction\":[{\"@type\":\"ReadAction\",\"target\":[\"https:\/\/electrohug.com\/hu\/szakmai-hatter\/\"]}]},{\"@type\":\"BreadcrumbList\",\"@id\":\"https:\/\/electrohug.com\/hu\/szakmai-hatter\/#breadcrumb\",\"itemListElement\":[{\"@type\":\"ListItem\",\"position\":1,\"name\":\"Home\",\"item\":\"https:\/\/electrohug.com\/hu\/\"},{\"@type\":\"ListItem\",\"position\":2,\"name\":\"Szakmai h\u00e1tt\u00e9r\"}]},{\"@type\":\"WebSite\",\"@id\":\"https:\/\/electrohug.com\/#website\",\"url\":\"https:\/\/electrohug.com\/\",\"name\":\"Electrohug-\",\"description\":\"\",\"potentialAction\":[{\"@type\":\"SearchAction\",\"target\":{\"@type\":\"EntryPoint\",\"urlTemplate\":\"https:\/\/electrohug.com\/?s={search_term_string}\"},\"query-input\":\"required name=search_term_string\"}],\"inLanguage\":\"hu\"}]}<\/script>\n<!-- \/ Yoast SEO plugin. -->","yoast_head_json":{"title":"Szakmai h\u00e1tt\u00e9r - Electrohug-","robots":{"index":"index","follow":"follow","max-snippet":"max-snippet:-1","max-image-preview":"max-image-preview:large","max-video-preview":"max-video-preview:-1"},"canonical":"https:\/\/electrohug.com\/hu\/szakmai-hatter\/","og_locale":"hu_HU","og_type":"article","og_title":"Szakmai h\u00e1tt\u00e9r - Electrohug-","og_description":"[vc_row full_height=&#8221;yes&#8221; css=&#8221;.vc_custom_1657627557664{padding-top: 50px !important;padding-bottom: 100px !important;}&#8221;][vc_column width=&#8221;5\/6&#8243; offset=&#8221;vc_col-sm-offset-1&#8243;][vc_column_text] Piaci k\u00f6rnyezet Ahogy a verseny \u00e9lesedett az elm\u00falt \u00e9vtizedek sor\u00e1n, a k\u00fcl\u00f6nb\u00f6z\u0151 gazdas\u00e1gi szektorokban m\u0171k\u00f6d\u0151 \u00fczleti d\u00f6nt\u00e9shoz\u00f3k egyre jelent\u0151sebb m\u00e9rt\u00e9kben kezdt\u00e9k alkalmazni az ipar\u00e1gi, gazdas\u00e1gi szektor szerinti specifikus komplex megold\u00e1sokat. A folyamatos versenyben az id\u0151 \u00e9s a k\u00f6lt\u00e9shat\u00e9konys\u00e1g egy\u00e9rtelm\u0171en el\u0151t\u00e9rbe ker\u00fclt, egyre kevesebb megrendel\u0151 akar foglalkozni&hellip;","og_url":"https:\/\/electrohug.com\/hu\/szakmai-hatter\/","og_site_name":"Electrohug-","article_modified_time":"2022-10-11T09:55:07+00:00","twitter_card":"summary_large_image","twitter_misc":{"Becs\u00fclt olvas\u00e1si id\u0151":"5 perc"},"schema":{"@context":"https:\/\/schema.org","@graph":[{"@type":"WebPage","@id":"https:\/\/electrohug.com\/hu\/szakmai-hatter\/","url":"https:\/\/electrohug.com\/hu\/szakmai-hatter\/","name":"Szakmai h\u00e1tt\u00e9r - Electrohug-","isPartOf":{"@id":"https:\/\/electrohug.com\/#website"},"datePublished":"2022-05-25T09:35:50+00:00","dateModified":"2022-10-11T09:55:07+00:00","breadcrumb":{"@id":"https:\/\/electrohug.com\/hu\/szakmai-hatter\/#breadcrumb"},"inLanguage":"hu","potentialAction":[{"@type":"ReadAction","target":["https:\/\/electrohug.com\/hu\/szakmai-hatter\/"]}]},{"@type":"BreadcrumbList","@id":"https:\/\/electrohug.com\/hu\/szakmai-hatter\/#breadcrumb","itemListElement":[{"@type":"ListItem","position":1,"name":"Home","item":"https:\/\/electrohug.com\/hu\/"},{"@type":"ListItem","position":2,"name":"Szakmai h\u00e1tt\u00e9r"}]},{"@type":"WebSite","@id":"https:\/\/electrohug.com\/#website","url":"https:\/\/electrohug.com\/","name":"Electrohug-","description":"","potentialAction":[{"@type":"SearchAction","target":{"@type":"EntryPoint","urlTemplate":"https:\/\/electrohug.com\/?s={search_term_string}"},"query-input":"required name=search_term_string"}],"inLanguage":"hu"}]}},"_links":{"self":[{"href":"https:\/\/electrohug.com\/hu\/wp-json\/wp\/v2\/pages\/259"}],"collection":[{"href":"https:\/\/electrohug.com\/hu\/wp-json\/wp\/v2\/pages"}],"about":[{"href":"https:\/\/electrohug.com\/hu\/wp-json\/wp\/v2\/types\/page"}],"author":[{"embeddable":true,"href":"https:\/\/electrohug.com\/hu\/wp-json\/wp\/v2\/users\/1"}],"replies":[{"embeddable":true,"href":"https:\/\/electrohug.com\/hu\/wp-json\/wp\/v2\/comments?post=259"}],"version-history":[{"count":13,"href":"https:\/\/electrohug.com\/hu\/wp-json\/wp\/v2\/pages\/259\/revisions"}],"predecessor-version":[{"id":520,"href":"https:\/\/electrohug.com\/hu\/wp-json\/wp\/v2\/pages\/259\/revisions\/520"}],"wp:attachment":[{"href":"https:\/\/electrohug.com\/hu\/wp-json\/wp\/v2\/media?parent=259"}],"curies":[{"name":"wp","href":"https:\/\/api.w.org\/{rel}","templated":true}]}}