{"id":255,"date":"2022-05-25T09:35:36","date_gmt":"2022-05-25T09:35:36","guid":{"rendered":"http:\/\/dev-electrohugcom.srv1.clbr.hu\/rolunk\/"},"modified":"2022-08-24T13:45:27","modified_gmt":"2022-08-24T13:45:27","slug":"rolunk","status":"publish","type":"page","link":"https:\/\/electrohug.com\/hu\/rolunk\/","title":{"rendered":"R\u00f3lunk"},"content":{"rendered":"<p>[vc_row][vc_column]<style type=\"text\/css\" data-type=\"the7_shortcodes-inline-css\">.shortcode-single-image-wrap.shortcode-single-image-682e07423fc265484717e4f746bcbc55.enable-bg-rollover .rollover i,\n.shortcode-single-image-wrap.shortcode-single-image-682e07423fc265484717e4f746bcbc55.enable-bg-rollover .rollover-video i {\n  background: -webkit-linear-gradient();\n  background: linear-gradient();\n}\n.shortcode-single-image-wrap.shortcode-single-image-682e07423fc265484717e4f746bcbc55 .rollover-icon {\n  font-size: 32px;\n  color: #ffffff;\n  min-width: 44px;\n  min-height: 44px;\n  line-height: 44px;\n  border-radius: 100px;\n  border-style: solid;\n  border-width: 0px;\n}\n.dt-icon-bg-on.shortcode-single-image-wrap.shortcode-single-image-682e07423fc265484717e4f746bcbc55 .rollover-icon {\n  background: rgba(255,255,255,0.3);\n  box-shadow: none;\n}\n<\/style><div class=\"shortcode-single-image-wrap shortcode-single-image-682e07423fc265484717e4f746bcbc55 alignnone fadeInDownBig animate-element  enable-bg-rollover dt-icon-bg-off\" style=\"margin-top:0px; margin-bottom:0px; margin-left:0px; margin-right:0px;\"><div class=\"shortcode-single-image hero-head\"><div class=\"fancy-media-wrap  layzr-bg\" style=\"\"><img class=\"preload-me lazy-load\" src=\"data:image\/svg+xml,%3Csvg%20xmlns%3D&#39;http%3A%2F%2Fwww.w3.org%2F2000%2Fsvg&#39;%20viewBox%3D&#39;0%200%202560%20845&#39;%2F%3E\" data-src=\"https:\/\/electrohug.com\/wp-content\/uploads\/2022\/07\/electrohug-rolunk.png\" data-srcset=\"https:\/\/electrohug.com\/wp-content\/uploads\/2022\/07\/electrohug-rolunk.png 2560w\" width=\"2560\" height=\"845\"  data-dt-location=\"https:\/\/electrohug.com\/hu\/about-us\/electrohug-rolunk-2\/\" style=\"\" alt=\"\" \/><\/div><\/div><\/div>[\/vc_column][\/vc_row][vc_row full_height=&#8221;yes&#8221;][vc_column width=&#8221;2\/3&#8243; offset=&#8221;vc_col-sm-offset-2&#8243;][vc_column_text]<\/p>\n<h1>R\u00f3lunk<\/h1>\n<p style=\"text-align: justify;\"><strong>Az ELECTROHUG a nemzetk\u00f6zi EMS piac els\u0151 olyan szerepl\u0151je, mely a hagyom\u00e1nyos megold\u00e1sokon t\u00falmen\u0151en komplex term\u00e9kel\u0151\u00e1ll\u00edt\u00e1si megold\u00e1sokat ny\u00fajt partnerei r\u00e9sz\u00e9re. Az ELECTROHUG az eg\u00e9sz kivitelez\u00e9si folyamatot \u00e1t\u00f6leli, vagy egy adott r\u00e9szfolyamatot k\u00e9pes megoldani, ez a megrendel\u0151 ig\u00e9nyeit\u0151l f\u00fcgg. Az ELECTROHUG fontos piaci el\u0151nye, hogy szakemberei t\u00f6bb mint egy \u00e9vtizedes EMS tapasztalattal rendelkeznek az aut\u00f3ipar, az orvos technol\u00f3gia, smart vez\u00e9rl\u00e9s, telekommunik\u00e1ci\u00f3, ipari automatiz\u00e1l\u00e1s, robotiz\u00e1l\u00e1s, informatikai eszk\u00f6z\u00f6k, energetika ter\u00fclet\u00e9n. A szakmai csapat komplex term\u00e9kmenedzsment t\u00e1mogat\u00e1st biztos\u00edtott t\u00f6bb mint 30 komplex term\u00e9kfolyamat fel\u00e9p\u00edt\u00e9s\u00e9hez \u00e9s kivitelez\u00e9s\u00e9hez. A komplex megold\u00e1sok sor\u00e1n a term\u00e9k megtervez\u00e9s\u00e9t k\u00f6vet\u0151 kivitelez\u00e9si tan\u00e1csad\u00e1st\u00f3l eg\u00e9szen a term\u00e9k konkr\u00e9t legy\u00e1rt\u00e1s\u00e1ig biztos\u00edtunk megold\u00e1sokat.<\/strong><\/p>\n<p style=\"text-align: justify;\">Az ELECTROHUG l\u00e9trehoz\u00e1s\u00e1nak c\u00e9lja volt, hogy \u00f6tv\u00f6zze a multinacion\u00e1lis c\u00e9gek folyamatir\u00e1ny\u00edt\u00e1si \u00e9s min\u0151s\u00e9gmenedzsment tud\u00e1s\u00e1t, mely garant\u00e1lja a magas \u00e9s egyenletes gy\u00e1rt\u00e1si min\u0151s\u00e9get, illetve a kisebb v\u00e1llalatok flexibilit\u00e1s\u00e1t, mely egy\u00e9rtelm\u0171 piaci el\u0151nyt biztos\u00edtott. M\u00e1ra a v\u00e1llalkoz\u00e1s jelent\u0151s mennyis\u00e9gi \u00e9s min\u0151s\u00e9gi fejl\u0151d\u00e9st k\u00f6vet\u0151en ISO9001, ISO14001, IATF16949 szabv\u00e1nyoknak megfelelve, 5000 m2-es saj\u00e1t telephely\u00e9n fel\u00e9p\u00fclt modern gy\u00e1rt\u00f3b\u00e1zis\u00e1n v\u00e9gzi tev\u00e9kenys\u00e9g\u00e9t.<\/p>\n<p>[\/vc_column_text][\/vc_column][\/vc_row]<\/p>\n","protected":false},"excerpt":{"rendered":"<p>[vc_row][vc_column][\/vc_column][\/vc_row][vc_row full_height=&#8221;yes&#8221;][vc_column width=&#8221;2\/3&#8243; offset=&#8221;vc_col-sm-offset-2&#8243;][vc_column_text] R\u00f3lunk Az ELECTROHUG a nemzetk\u00f6zi EMS piac els\u0151 olyan szerepl\u0151je, mely a hagyom\u00e1nyos megold\u00e1sokon t\u00falmen\u0151en komplex term\u00e9kel\u0151\u00e1ll\u00edt\u00e1si megold\u00e1sokat ny\u00fajt partnerei r\u00e9sz\u00e9re. Az ELECTROHUG az eg\u00e9sz kivitelez\u00e9si folyamatot \u00e1t\u00f6leli, vagy egy adott r\u00e9szfolyamatot k\u00e9pes megoldani, ez a megrendel\u0151 ig\u00e9nyeit\u0151l f\u00fcgg. Az ELECTROHUG fontos piaci el\u0151nye, hogy szakemberei t\u00f6bb mint egy \u00e9vtizedes EMS&hellip;<\/p>\n","protected":false},"author":1,"featured_media":0,"parent":0,"menu_order":0,"comment_status":"closed","ping_status":"closed","template":"","meta":{"inline_featured_image":false},"yoast_head":"<!-- This site is optimized with the Yoast SEO plugin v19.10 - https:\/\/yoast.com\/wordpress\/plugins\/seo\/ -->\n<title>R\u00f3lunk - Electrohug-<\/title>\n<meta name=\"robots\" content=\"index, follow, max-snippet:-1, max-image-preview:large, max-video-preview:-1\" \/>\n<link rel=\"canonical\" href=\"https:\/\/electrohug.com\/hu\/rolunk\/\" \/>\n<meta property=\"og:locale\" content=\"hu_HU\" \/>\n<meta property=\"og:type\" content=\"article\" \/>\n<meta property=\"og:title\" content=\"R\u00f3lunk - Electrohug-\" \/>\n<meta property=\"og:description\" content=\"[vc_row][vc_column][\/vc_column][\/vc_row][vc_row full_height=&#8221;yes&#8221;][vc_column width=&#8221;2\/3&#8243; offset=&#8221;vc_col-sm-offset-2&#8243;][vc_column_text] R\u00f3lunk Az ELECTROHUG a nemzetk\u00f6zi EMS piac els\u0151 olyan szerepl\u0151je, mely a hagyom\u00e1nyos megold\u00e1sokon t\u00falmen\u0151en komplex term\u00e9kel\u0151\u00e1ll\u00edt\u00e1si megold\u00e1sokat ny\u00fajt partnerei r\u00e9sz\u00e9re. Az ELECTROHUG az eg\u00e9sz kivitelez\u00e9si folyamatot \u00e1t\u00f6leli, vagy egy adott r\u00e9szfolyamatot k\u00e9pes megoldani, ez a megrendel\u0151 ig\u00e9nyeit\u0151l f\u00fcgg. Az ELECTROHUG fontos piaci el\u0151nye, hogy szakemberei t\u00f6bb mint egy \u00e9vtizedes EMS&hellip;\" \/>\n<meta property=\"og:url\" content=\"https:\/\/electrohug.com\/hu\/rolunk\/\" \/>\n<meta property=\"og:site_name\" content=\"Electrohug-\" \/>\n<meta property=\"article:modified_time\" content=\"2022-08-24T13:45:27+00:00\" \/>\n<meta name=\"twitter:card\" content=\"summary_large_image\" \/>\n<meta name=\"twitter:label1\" content=\"Becs\u00fclt olvas\u00e1si id\u0151\" \/>\n\t<meta name=\"twitter:data1\" content=\"2 perc\" \/>\n<script type=\"application\/ld+json\" class=\"yoast-schema-graph\">{\"@context\":\"https:\/\/schema.org\",\"@graph\":[{\"@type\":\"WebPage\",\"@id\":\"https:\/\/electrohug.com\/hu\/rolunk\/\",\"url\":\"https:\/\/electrohug.com\/hu\/rolunk\/\",\"name\":\"R\u00f3lunk - Electrohug-\",\"isPartOf\":{\"@id\":\"https:\/\/electrohug.com\/#website\"},\"datePublished\":\"2022-05-25T09:35:36+00:00\",\"dateModified\":\"2022-08-24T13:45:27+00:00\",\"breadcrumb\":{\"@id\":\"https:\/\/electrohug.com\/hu\/rolunk\/#breadcrumb\"},\"inLanguage\":\"hu\",\"potentialAction\":[{\"@type\":\"ReadAction\",\"target\":[\"https:\/\/electrohug.com\/hu\/rolunk\/\"]}]},{\"@type\":\"BreadcrumbList\",\"@id\":\"https:\/\/electrohug.com\/hu\/rolunk\/#breadcrumb\",\"itemListElement\":[{\"@type\":\"ListItem\",\"position\":1,\"name\":\"Home\",\"item\":\"https:\/\/electrohug.com\/hu\/\"},{\"@type\":\"ListItem\",\"position\":2,\"name\":\"R\u00f3lunk\"}]},{\"@type\":\"WebSite\",\"@id\":\"https:\/\/electrohug.com\/#website\",\"url\":\"https:\/\/electrohug.com\/\",\"name\":\"Electrohug-\",\"description\":\"\",\"potentialAction\":[{\"@type\":\"SearchAction\",\"target\":{\"@type\":\"EntryPoint\",\"urlTemplate\":\"https:\/\/electrohug.com\/?s={search_term_string}\"},\"query-input\":\"required name=search_term_string\"}],\"inLanguage\":\"hu\"}]}<\/script>\n<!-- \/ Yoast SEO plugin. -->","yoast_head_json":{"title":"R\u00f3lunk - Electrohug-","robots":{"index":"index","follow":"follow","max-snippet":"max-snippet:-1","max-image-preview":"max-image-preview:large","max-video-preview":"max-video-preview:-1"},"canonical":"https:\/\/electrohug.com\/hu\/rolunk\/","og_locale":"hu_HU","og_type":"article","og_title":"R\u00f3lunk - Electrohug-","og_description":"[vc_row][vc_column][\/vc_column][\/vc_row][vc_row full_height=&#8221;yes&#8221;][vc_column width=&#8221;2\/3&#8243; offset=&#8221;vc_col-sm-offset-2&#8243;][vc_column_text] R\u00f3lunk Az ELECTROHUG a nemzetk\u00f6zi EMS piac els\u0151 olyan szerepl\u0151je, mely a hagyom\u00e1nyos megold\u00e1sokon t\u00falmen\u0151en komplex term\u00e9kel\u0151\u00e1ll\u00edt\u00e1si megold\u00e1sokat ny\u00fajt partnerei r\u00e9sz\u00e9re. Az ELECTROHUG az eg\u00e9sz kivitelez\u00e9si folyamatot \u00e1t\u00f6leli, vagy egy adott r\u00e9szfolyamatot k\u00e9pes megoldani, ez a megrendel\u0151 ig\u00e9nyeit\u0151l f\u00fcgg. Az ELECTROHUG fontos piaci el\u0151nye, hogy szakemberei t\u00f6bb mint egy \u00e9vtizedes EMS&hellip;","og_url":"https:\/\/electrohug.com\/hu\/rolunk\/","og_site_name":"Electrohug-","article_modified_time":"2022-08-24T13:45:27+00:00","twitter_card":"summary_large_image","twitter_misc":{"Becs\u00fclt olvas\u00e1si id\u0151":"2 perc"},"schema":{"@context":"https:\/\/schema.org","@graph":[{"@type":"WebPage","@id":"https:\/\/electrohug.com\/hu\/rolunk\/","url":"https:\/\/electrohug.com\/hu\/rolunk\/","name":"R\u00f3lunk - Electrohug-","isPartOf":{"@id":"https:\/\/electrohug.com\/#website"},"datePublished":"2022-05-25T09:35:36+00:00","dateModified":"2022-08-24T13:45:27+00:00","breadcrumb":{"@id":"https:\/\/electrohug.com\/hu\/rolunk\/#breadcrumb"},"inLanguage":"hu","potentialAction":[{"@type":"ReadAction","target":["https:\/\/electrohug.com\/hu\/rolunk\/"]}]},{"@type":"BreadcrumbList","@id":"https:\/\/electrohug.com\/hu\/rolunk\/#breadcrumb","itemListElement":[{"@type":"ListItem","position":1,"name":"Home","item":"https:\/\/electrohug.com\/hu\/"},{"@type":"ListItem","position":2,"name":"R\u00f3lunk"}]},{"@type":"WebSite","@id":"https:\/\/electrohug.com\/#website","url":"https:\/\/electrohug.com\/","name":"Electrohug-","description":"","potentialAction":[{"@type":"SearchAction","target":{"@type":"EntryPoint","urlTemplate":"https:\/\/electrohug.com\/?s={search_term_string}"},"query-input":"required name=search_term_string"}],"inLanguage":"hu"}]}},"_links":{"self":[{"href":"https:\/\/electrohug.com\/hu\/wp-json\/wp\/v2\/pages\/255"}],"collection":[{"href":"https:\/\/electrohug.com\/hu\/wp-json\/wp\/v2\/pages"}],"about":[{"href":"https:\/\/electrohug.com\/hu\/wp-json\/wp\/v2\/types\/page"}],"author":[{"embeddable":true,"href":"https:\/\/electrohug.com\/hu\/wp-json\/wp\/v2\/users\/1"}],"replies":[{"embeddable":true,"href":"https:\/\/electrohug.com\/hu\/wp-json\/wp\/v2\/comments?post=255"}],"version-history":[{"count":4,"href":"https:\/\/electrohug.com\/hu\/wp-json\/wp\/v2\/pages\/255\/revisions"}],"predecessor-version":[{"id":371,"href":"https:\/\/electrohug.com\/hu\/wp-json\/wp\/v2\/pages\/255\/revisions\/371"}],"wp:attachment":[{"href":"https:\/\/electrohug.com\/hu\/wp-json\/wp\/v2\/media?parent=255"}],"curies":[{"name":"wp","href":"https:\/\/api.w.org\/{rel}","templated":true}]}}