{"id":254,"date":"2022-07-07T12:27:19","date_gmt":"2022-07-07T12:27:19","guid":{"rendered":"http:\/\/dev-electrohugcom.srv1.clbr.hu\/munkaink\/"},"modified":"2022-08-24T14:06:25","modified_gmt":"2022-08-24T14:06:25","slug":"munkaink","status":"publish","type":"page","link":"https:\/\/electrohug.com\/hu\/munkaink\/","title":{"rendered":"Munk\u00e1ink"},"content":{"rendered":"<p>[vc_row][vc_column width=&#8221;5\/6&#8243; offset=&#8221;vc_col-sm-offset-1&#8243; css=&#8221;.vc_custom_1661253042125{border-bottom-width: 1px !important;padding-top: 80px !important;padding-bottom: 80px !important;border-bottom-color: rgba(255,255,255,0.8) !important;border-bottom-style: solid !important;}&#8221;][vc_column_text css=&#8221;.vc_custom_1661349981481{margin-bottom: 0px !important;}&#8221;]<\/p>\n<h3>Partner I.<\/h3>\n<p><strong>1993-ban alap\u00edtott n\u00e9metorsz\u00e1gi gy\u00e1rt\u00f3c\u00e9g, ipari automatiz\u00e1l\u00e1shoz \u00e9s vez\u00e9rl\u00e9shez terveznek \u00e9s gy\u00e1rtatnak \u00faj megold\u00e1sokat.<br \/>\n<\/strong><\/p>\n<h4>Projekt:<\/h4>\n<p><strong>\u00daj term\u00e9k gy\u00e1rt\u00e1sa &#8211; TERM\u00c9KKIVITELEZ\u00c9SI \u00c9S EL\u0150\u00c1LL\u00cdT\u00c1SI TAN\u00c1CSAD\u00c1S<\/strong><\/p>\n<p>Els\u0151 l\u00e9p\u00e9sben a megl\u00e9v\u0151 term\u00e9k vizsg\u00e1lata ut\u00e1n a gy\u00e1rthat\u00f3s\u00e1g felm\u00e9r\u00e9se t\u00f6rt\u00e9nt meg. Ezt kellett a gy\u00e1rt\u00e1si technol\u00f3gia korl\u00e1taihoz igaz\u00edtani \u00e9s ehhez megfelel\u0151en konfigur\u00e1lt gy\u00e1rt\u00e1si be\u00e1ll\u00edt\u00e1sokat l\u00e9trehozni, a term\u00e9ket \u00fajrapaneliz\u00e1lni \u00e9s az alkatr\u00e9szeket optimaliz\u00e1lni. Az els\u0151 \u00e9vekre \u00e9vi 5.000+ term\u00e9k darabsz\u00e1m \u00e9s 2,5 milli\u00f3 alkatr\u00e9sz volt tervezve, ezek mellett hossz\u00fat\u00e1v\u00fa c\u00e9lokat is ki kellett szolg\u00e1lnia a terveknek. Jelenleg 100.000+ darabsz\u00e1mmal gy\u00e1rtja az ELECTROHUG az alap term\u00e9ket, \u00e9s tov\u00e1bbi t\u00f6bb mint 200.000 kieg\u00e9sz\u00edt\u0151 term\u00e9ket, amik \u00f6sszeszerel\u00e9sre is ker\u00fclnek. E projekt sor\u00e1n \u00e9vi 52,8 milli\u00f3 alkatr\u00e9sz ker\u00fcl felhaszn\u00e1l\u00e1sra.<\/p>\n<h4>Eredm\u00e9ny:<\/h4>\n<p>A term\u00e9k volumen t\u00f6bb mint 20\u00d7 n\u00f6veked\u00e9se mellett az ELECTROHUG tov\u00e1bbra is megtartotta a r\u00f6vid \u00e9s pontos gy\u00e1rt\u00e1si \u00e9s sz\u00e1ll\u00edt\u00e1si hat\u00e1rid\u0151t a gy\u00e1rt\u00e1si technol\u00f3gia tov\u00e1bbfejleszt\u00e9s\u00e9vel, a k\u00f6lts\u00e9gek 23%-os cs\u00f6kkent\u00e9se mellett.[\/vc_column_text][\/vc_column][\/vc_row][vc_row css=&#8221;.vc_custom_1661252840620{padding-top: 80px !important;}&#8221;][vc_column width=&#8221;5\/6&#8243; offset=&#8221;vc_col-sm-offset-1&#8243;][vc_column_text]<\/p>\n<h3>Partner II.<\/h3>\n<p><strong>A partner t\u00f6bb mint 30 \u00e9ve a wellness piacra tervez\u0151 \u00e9s fejleszt\u0151 n\u00e9met v\u00e1llalat.<\/strong><\/p>\n<h4>Projekt:<\/h4>\n<p><strong>COMPLEX EMS TERM\u00c9KEL\u0150\u00c1LL\u00cdT\u00c1S MENEDZSEL\u00c9SE<\/strong><\/p>\n<p>A Partner \u00e1ltal gy\u00e1rtott term\u00e9kek jellemz\u0151je a megb\u00edzhat\u00f3s\u00e1g \u00e9s a min\u0151s\u00e9g, viszont ennek k\u00f6sz\u00f6nhet\u0151en sok term\u00e9k\u00fck m\u00e9g a 2000-es \u00e9vek el\u0151tt lett tervezve. Elektronikai szempontb\u00f3l ezek gy\u00e1rt\u00e1sa ma m\u00e1r nem hat\u00e9kony \u00e9s nem gazdas\u00e1gos. Az ELECTROHUG feladata volt, hogy ezen specifik\u00e1ci\u00f3kat megismerve egyes\u00edtse a hagyom\u00e1nyos min\u0151s\u00e9g\u00fcket a modern technol\u00f3giai elv\u00e1r\u00e1sokkal, komplex EMS szolg\u00e1ltat\u00e1st ny\u00fajtva sz\u00e1mukra.<\/p>\n<h4>Eredm\u00e9ny<\/h4>\n<p>Olyan term\u00e9k l\u00e9trej\u00f6tte, melyet \u00e9vek \u00f3ta nem tudtak gy\u00e1rtani az alapanyag hi\u00e1nya miatt. A folyamat sor\u00e1n a term\u00e9kek teljesen \u00fajra lettek tervezve, melyek a r\u00e9gi funkci\u00f3k mellett \u00edgy m\u00e1r \u00fajabb szolg\u00e1ltat\u00e1sokat is tartalmaznak. Mivel a piacon nem voltak el\u00e9rhet\u0151ek, a projekt sor\u00e1n felhaszn\u00e1lt t\u00f6bb alapanyagot egyedileg az ELECTROHUG gy\u00e1rtotta, \u00edgy lehet\u0151v\u00e9 t\u00e9ve a term\u00e9k elk\u00e9sz\u00fclt\u00e9t. A beszerz\u00e9si r\u00e9szlegnek, a m\u00f6g\u00f6tte l\u00e9v\u0151 besz\u00e1ll\u00edt\u00f3i h\u00e1l\u00f3zatnak \u00e9s m\u00e9rn\u00f6keinknek k\u00f6sz\u00f6nhet\u0151en egyes term\u00e9kek sz\u00e1ll\u00edt\u00e1si hat\u00e1rideje 18 h\u00f3napr\u00f3l 1,5 h\u00f3napra cs\u00f6kkent.<br \/>\nAz elektronikai k\u00e9sz term\u00e9kek technol\u00f3giai fejleszt\u00e9s\u00e9vel 46%-kal cs\u00f6kkent a term\u00e9k gy\u00e1rt\u00e1si k\u00f6lts\u00e9ge.[\/vc_column_text][\/vc_column][\/vc_row]<\/p>\n","protected":false},"excerpt":{"rendered":"<p>[vc_row][vc_column width=&#8221;5\/6&#8243; offset=&#8221;vc_col-sm-offset-1&#8243; css=&#8221;.vc_custom_1661253042125{border-bottom-width: 1px !important;padding-top: 80px !important;padding-bottom: 80px !important;border-bottom-color: rgba(255,255,255,0.8) !important;border-bottom-style: solid !important;}&#8221;][vc_column_text css=&#8221;.vc_custom_1661349981481{margin-bottom: 0px !important;}&#8221;] Partner I. 1993-ban alap\u00edtott n\u00e9metorsz\u00e1gi gy\u00e1rt\u00f3c\u00e9g, ipari automatiz\u00e1l\u00e1shoz \u00e9s vez\u00e9rl\u00e9shez terveznek \u00e9s gy\u00e1rtatnak \u00faj megold\u00e1sokat. Projekt: \u00daj term\u00e9k gy\u00e1rt\u00e1sa &#8211; TERM\u00c9KKIVITELEZ\u00c9SI \u00c9S EL\u0150\u00c1LL\u00cdT\u00c1SI TAN\u00c1CSAD\u00c1S Els\u0151 l\u00e9p\u00e9sben a megl\u00e9v\u0151 term\u00e9k vizsg\u00e1lata ut\u00e1n a gy\u00e1rthat\u00f3s\u00e1g felm\u00e9r\u00e9se t\u00f6rt\u00e9nt meg. Ezt kellett&hellip;<\/p>\n","protected":false},"author":2,"featured_media":0,"parent":0,"menu_order":0,"comment_status":"closed","ping_status":"closed","template":"","meta":{"inline_featured_image":false},"yoast_head":"<!-- This site is optimized with the Yoast SEO plugin v19.10 - https:\/\/yoast.com\/wordpress\/plugins\/seo\/ -->\n<title>Munk\u00e1ink - Electrohug-<\/title>\n<meta name=\"robots\" content=\"index, follow, max-snippet:-1, max-image-preview:large, max-video-preview:-1\" \/>\n<link rel=\"canonical\" href=\"https:\/\/electrohug.com\/hu\/munkaink\/\" \/>\n<meta property=\"og:locale\" content=\"hu_HU\" \/>\n<meta property=\"og:type\" content=\"article\" \/>\n<meta property=\"og:title\" content=\"Munk\u00e1ink - Electrohug-\" \/>\n<meta property=\"og:description\" content=\"[vc_row][vc_column width=&#8221;5\/6&#8243; offset=&#8221;vc_col-sm-offset-1&#8243; css=&#8221;.vc_custom_1661253042125{border-bottom-width: 1px !important;padding-top: 80px !important;padding-bottom: 80px !important;border-bottom-color: rgba(255,255,255,0.8) !important;border-bottom-style: solid !important;}&#8221;][vc_column_text css=&#8221;.vc_custom_1661349981481{margin-bottom: 0px !important;}&#8221;] Partner I. 1993-ban alap\u00edtott n\u00e9metorsz\u00e1gi gy\u00e1rt\u00f3c\u00e9g, ipari automatiz\u00e1l\u00e1shoz \u00e9s vez\u00e9rl\u00e9shez terveznek \u00e9s gy\u00e1rtatnak \u00faj megold\u00e1sokat. Projekt: \u00daj term\u00e9k gy\u00e1rt\u00e1sa &#8211; TERM\u00c9KKIVITELEZ\u00c9SI \u00c9S EL\u0150\u00c1LL\u00cdT\u00c1SI TAN\u00c1CSAD\u00c1S Els\u0151 l\u00e9p\u00e9sben a megl\u00e9v\u0151 term\u00e9k vizsg\u00e1lata ut\u00e1n a gy\u00e1rthat\u00f3s\u00e1g felm\u00e9r\u00e9se t\u00f6rt\u00e9nt meg. Ezt kellett&hellip;\" \/>\n<meta property=\"og:url\" content=\"https:\/\/electrohug.com\/hu\/munkaink\/\" \/>\n<meta property=\"og:site_name\" content=\"Electrohug-\" \/>\n<meta property=\"article:modified_time\" content=\"2022-08-24T14:06:25+00:00\" \/>\n<meta name=\"twitter:card\" content=\"summary_large_image\" \/>\n<meta name=\"twitter:label1\" content=\"Becs\u00fclt olvas\u00e1si id\u0151\" \/>\n\t<meta name=\"twitter:data1\" content=\"3 perc\" \/>\n<script type=\"application\/ld+json\" class=\"yoast-schema-graph\">{\"@context\":\"https:\/\/schema.org\",\"@graph\":[{\"@type\":\"WebPage\",\"@id\":\"https:\/\/electrohug.com\/hu\/munkaink\/\",\"url\":\"https:\/\/electrohug.com\/hu\/munkaink\/\",\"name\":\"Munk\u00e1ink - Electrohug-\",\"isPartOf\":{\"@id\":\"https:\/\/electrohug.com\/#website\"},\"datePublished\":\"2022-07-07T12:27:19+00:00\",\"dateModified\":\"2022-08-24T14:06:25+00:00\",\"breadcrumb\":{\"@id\":\"https:\/\/electrohug.com\/hu\/munkaink\/#breadcrumb\"},\"inLanguage\":\"hu\",\"potentialAction\":[{\"@type\":\"ReadAction\",\"target\":[\"https:\/\/electrohug.com\/hu\/munkaink\/\"]}]},{\"@type\":\"BreadcrumbList\",\"@id\":\"https:\/\/electrohug.com\/hu\/munkaink\/#breadcrumb\",\"itemListElement\":[{\"@type\":\"ListItem\",\"position\":1,\"name\":\"Home\",\"item\":\"https:\/\/electrohug.com\/hu\/\"},{\"@type\":\"ListItem\",\"position\":2,\"name\":\"Munk\u00e1ink\"}]},{\"@type\":\"WebSite\",\"@id\":\"https:\/\/electrohug.com\/#website\",\"url\":\"https:\/\/electrohug.com\/\",\"name\":\"Electrohug-\",\"description\":\"\",\"potentialAction\":[{\"@type\":\"SearchAction\",\"target\":{\"@type\":\"EntryPoint\",\"urlTemplate\":\"https:\/\/electrohug.com\/?s={search_term_string}\"},\"query-input\":\"required name=search_term_string\"}],\"inLanguage\":\"hu\"}]}<\/script>\n<!-- \/ Yoast SEO plugin. -->","yoast_head_json":{"title":"Munk\u00e1ink - Electrohug-","robots":{"index":"index","follow":"follow","max-snippet":"max-snippet:-1","max-image-preview":"max-image-preview:large","max-video-preview":"max-video-preview:-1"},"canonical":"https:\/\/electrohug.com\/hu\/munkaink\/","og_locale":"hu_HU","og_type":"article","og_title":"Munk\u00e1ink - Electrohug-","og_description":"[vc_row][vc_column width=&#8221;5\/6&#8243; offset=&#8221;vc_col-sm-offset-1&#8243; css=&#8221;.vc_custom_1661253042125{border-bottom-width: 1px !important;padding-top: 80px !important;padding-bottom: 80px !important;border-bottom-color: rgba(255,255,255,0.8) !important;border-bottom-style: solid !important;}&#8221;][vc_column_text css=&#8221;.vc_custom_1661349981481{margin-bottom: 0px !important;}&#8221;] Partner I. 1993-ban alap\u00edtott n\u00e9metorsz\u00e1gi gy\u00e1rt\u00f3c\u00e9g, ipari automatiz\u00e1l\u00e1shoz \u00e9s vez\u00e9rl\u00e9shez terveznek \u00e9s gy\u00e1rtatnak \u00faj megold\u00e1sokat. Projekt: \u00daj term\u00e9k gy\u00e1rt\u00e1sa &#8211; TERM\u00c9KKIVITELEZ\u00c9SI \u00c9S EL\u0150\u00c1LL\u00cdT\u00c1SI TAN\u00c1CSAD\u00c1S Els\u0151 l\u00e9p\u00e9sben a megl\u00e9v\u0151 term\u00e9k vizsg\u00e1lata ut\u00e1n a gy\u00e1rthat\u00f3s\u00e1g felm\u00e9r\u00e9se t\u00f6rt\u00e9nt meg. Ezt kellett&hellip;","og_url":"https:\/\/electrohug.com\/hu\/munkaink\/","og_site_name":"Electrohug-","article_modified_time":"2022-08-24T14:06:25+00:00","twitter_card":"summary_large_image","twitter_misc":{"Becs\u00fclt olvas\u00e1si id\u0151":"3 perc"},"schema":{"@context":"https:\/\/schema.org","@graph":[{"@type":"WebPage","@id":"https:\/\/electrohug.com\/hu\/munkaink\/","url":"https:\/\/electrohug.com\/hu\/munkaink\/","name":"Munk\u00e1ink - Electrohug-","isPartOf":{"@id":"https:\/\/electrohug.com\/#website"},"datePublished":"2022-07-07T12:27:19+00:00","dateModified":"2022-08-24T14:06:25+00:00","breadcrumb":{"@id":"https:\/\/electrohug.com\/hu\/munkaink\/#breadcrumb"},"inLanguage":"hu","potentialAction":[{"@type":"ReadAction","target":["https:\/\/electrohug.com\/hu\/munkaink\/"]}]},{"@type":"BreadcrumbList","@id":"https:\/\/electrohug.com\/hu\/munkaink\/#breadcrumb","itemListElement":[{"@type":"ListItem","position":1,"name":"Home","item":"https:\/\/electrohug.com\/hu\/"},{"@type":"ListItem","position":2,"name":"Munk\u00e1ink"}]},{"@type":"WebSite","@id":"https:\/\/electrohug.com\/#website","url":"https:\/\/electrohug.com\/","name":"Electrohug-","description":"","potentialAction":[{"@type":"SearchAction","target":{"@type":"EntryPoint","urlTemplate":"https:\/\/electrohug.com\/?s={search_term_string}"},"query-input":"required name=search_term_string"}],"inLanguage":"hu"}]}},"_links":{"self":[{"href":"https:\/\/electrohug.com\/hu\/wp-json\/wp\/v2\/pages\/254"}],"collection":[{"href":"https:\/\/electrohug.com\/hu\/wp-json\/wp\/v2\/pages"}],"about":[{"href":"https:\/\/electrohug.com\/hu\/wp-json\/wp\/v2\/types\/page"}],"author":[{"embeddable":true,"href":"https:\/\/electrohug.com\/hu\/wp-json\/wp\/v2\/users\/2"}],"replies":[{"embeddable":true,"href":"https:\/\/electrohug.com\/hu\/wp-json\/wp\/v2\/comments?post=254"}],"version-history":[{"count":2,"href":"https:\/\/electrohug.com\/hu\/wp-json\/wp\/v2\/pages\/254\/revisions"}],"predecessor-version":[{"id":378,"href":"https:\/\/electrohug.com\/hu\/wp-json\/wp\/v2\/pages\/254\/revisions\/378"}],"wp:attachment":[{"href":"https:\/\/electrohug.com\/hu\/wp-json\/wp\/v2\/media?parent=254"}],"curies":[{"name":"wp","href":"https:\/\/api.w.org\/{rel}","templated":true}]}}