{"id":251,"date":"2022-05-25T09:36:24","date_gmt":"2022-05-25T09:36:24","guid":{"rendered":"http:\/\/dev-electrohugcom.srv1.clbr.hu\/megoldasaink\/"},"modified":"2022-08-08T08:28:55","modified_gmt":"2022-08-08T08:28:55","slug":"megoldasaink","status":"publish","type":"page","link":"https:\/\/electrohug.com\/hu\/megoldasaink\/","title":{"rendered":"Megold\u00e1saink"},"content":{"rendered":"<p>[vc_row full_height=&#8221;yes&#8221; css=&#8221;.vc_custom_1658747151390{padding-top: 50px !important;padding-bottom: 50px !important;}&#8221; el_id=&#8221;complex-ems-management&#8221;][vc_column width=&#8221;5\/6&#8243; offset=&#8221;vc_col-sm-offset-1&#8243;][vc_column_text]<\/p>\n<h2 class=\"h1\" style=\"text-align: center;\">Complex EMS term\u00e9k&shy;el\u0151\u00e1ll\u00edt\u00e1s menedzse&shy;l\u00e9se<\/h2>\n<p style=\"text-align: center;\">A megrendelt term\u00e9kek terv f\u00e1zis\u00e1b\u00f3l k\u00e9szterm\u00e9kk\u00e9 t\u00f6rt\u00e9n\u0151 kivitelez\u00e9s\u00e9nek komplex menedzsmentje, mely minden esetben mag\u00e1ban foglalja a term\u00e9kek gy\u00e1rthat\u00f3s\u00e1g\u00e1nak vizsg\u00e1lat\u00e1t, szakmai megval\u00f3s\u00edt\u00e1s\u00e1nak felt\u00e9tel vizsg\u00e1lat\u00e1t, a gy\u00e1rt\u00e1si id\u0151 \u00e9s k\u00f6lts\u00e9g optimaliz\u00e1l\u00e1st, a mintagy\u00e1rt\u00e1st, illetve a k\u00e9szterm\u00e9k legy\u00e1rt\u00e1s\u00e1t, tesztel\u00e9s\u00e9t a term\u00e9k csomagol\u00e1s\u00e1ig bez\u00e1r\u00f3lag.<\/p>\n<p>[\/vc_column_text][vc_raw_html]JTNDZGl2JTIwY2xhc3MlM0QlMjJjb250YWluZXItc2Nyb2xsJTIyJTNFJTBBJTIwJTIwJTNDZGl2JTIwY2xhc3MlM0QlMjJjaGV2cm9uJTIyJTNFJTNDJTJGZGl2JTNFJTBBJTIwJTIwJTNDZGl2JTIwY2xhc3MlM0QlMjJjaGV2cm9uJTIyJTNFJTNDJTJGZGl2JTNFJTBBJTIwJTIwJTNDZGl2JTIwY2xhc3MlM0QlMjJjaGV2cm9uJTIyJTNFJTNDJTJGZGl2JTNFJTBBJTIwJTIwJTNDc3BhbiUyMGNsYXNzJTNEJTIydGV4dCUyMiUzRUclQzMlQjZyZ2Vzc2VuJTIwbGUlM0MlMkZzcGFuJTNFJTBBJTIwJTIwJTNDYSUyMGNsYXNzJTNEJTIydGV4dCUyMGFuY2hvci1saW5rJTIyJTIwaHJlZiUzRCUyMiUyMyUyMSUyRmV4ZWN1dGlvbi1hZHZpc2luZyUyMiUzRSUyMFRFUk0lQzMlODlLS0lWSVRFTEVaJUMzJTg5U0klMjAlQzMlODlTJTIwRUwlQzUlOTAlQzMlODFMTCVDMyU4RFQlQzMlODFTSSUyMFRBTiVDMyU4MUNTQUQlQzMlODFTJTNDJTJGYSUzRSUwQSUzQyUyRmRpdiUzRQ==[\/vc_raw_html][\/vc_column][\/vc_row][vc_row full_height=&#8221;yes&#8221; el_id=&#8221;execution-advising&#8221;][vc_column width=&#8221;5\/6&#8243; offset=&#8221;vc_col-sm-offset-1&#8243;][vc_column_text]<\/p>\n<h2 class=\"h1\" style=\"text-align: center;\">Term\u00e9k&shy;kivitele&shy;z\u00e9si \u00e9s el\u0151&shy;\u00e1ll\u00edt\u00e1si tan\u00e1cs&shy;ad\u00e1s<\/h2>\n<p style=\"text-align: center;\">Mag\u00e1ban foglalja a m\u00e1r megtervezett \u00e9s gy\u00e1rt\u00e1sra sz\u00e1nt term\u00e9kkel kapcsolatos teljes kontrolt, melynek k\u00f6z\u00e9ppontj\u00e1ban&nbsp;a probl\u00e9mamentes kivitelez\u00e9s el\u0151seg\u00edt\u00e9se, biztos\u00edt\u00e1sa \u00e1ll. Minden term\u00e9k 100%-os ellen\u0151rz\u00e9si folyamatnak van al\u00e1vetve.&nbsp;A term\u00e9k gy\u00e1rt\u00e1s\u00e1nak \u00e9s haszn\u00e1lat\u00e1nak szempontj\u00e1b\u00f3l kock\u00e1zati \u00e9rt\u00e9kel\u00e9s k\u00e9sz\u00fcl a term\u00e9khez sz\u00fcks\u00e9ges alapanyag&nbsp;beszerz\u00e9si \u00e9s a gy\u00e1rt\u00e1si folyamatok sor\u00e1n, amelynek eredm\u00e9nye a megfelel\u0151 ellen\u0151rz\u00e9si folyamatok bevezet\u00e9se. A&nbsp;j\u00f3l megv\u00e1lasztott gy\u00e1rt\u00e1si \u00e9s ellen\u0151rz\u00e9si folyamatok adnak lehet\u0151s\u00e9get a k\u00f6lts\u00e9ghat\u00e9kony \u00e9s magas min\u0151s\u00e9g\u0171 term\u00e9k&nbsp;sorozatgy\u00e1rt\u00e1s\u00e1hoz, ezzel biztos\u00edtva a vev\u0151i el\u00e9gedetts\u00e9g el\u00e9r\u00e9se \u00e9rdek\u00e9ben sz\u00fcks\u00e9ges magas szint\u0171 term\u00e9kmin\u0151s\u00e9get.<\/p>\n<p>[\/vc_column_text][vc_raw_html]JTNDZGl2JTIwY2xhc3MlM0QlMjJjb250YWluZXItc2Nyb2xsJTIyJTNFJTBBJTIwJTIwJTNDZGl2JTIwY2xhc3MlM0QlMjJjaGV2cm9uJTIyJTNFJTNDJTJGZGl2JTNFJTBBJTIwJTIwJTNDZGl2JTIwY2xhc3MlM0QlMjJjaGV2cm9uJTIyJTNFJTNDJTJGZGl2JTNFJTBBJTIwJTIwJTNDZGl2JTIwY2xhc3MlM0QlMjJjaGV2cm9uJTIyJTNFJTNDJTJGZGl2JTNFJTBBJTIwJTIwJTNDc3BhbiUyMGNsYXNzJTNEJTIydGV4dCUyMiUzRUclQzMlQjZyZ2Vzc2VuJTIwbGUlM0MlMkZzcGFuJTNFJTBBJTIwJTIwJTNDYSUyMGNsYXNzJTNEJTIydGV4dCUyMGFuY2hvci1saW5rJTIyJTIwaHJlZiUzRCUyMiUyMyUyMSUyRnN1cHBsaWVyLW5ldHdvcmstbWFuYWdlbWVudCUyMiUzRVNaJUMzJTgxTEwlQzMlOERUJUMzJTkzSSUyMEtBUENTT0xBVCUyME1FTkVEWlNFTCVDMyU4OVNFJTNDJTJGYSUzRSUwQSUzQyUyRmRpdiUzRQ==[\/vc_raw_html][\/vc_column][\/vc_row][vc_row full_height=&#8221;yes&#8221; el_id=&#8221;supplier-network-management&#8221;][vc_column width=&#8221;5\/6&#8243; offset=&#8221;vc_col-sm-offset-1&#8243;][vc_column_text]<\/p>\n<h2 class=\"h1\" style=\"text-align: center;\">Sz\u00e1ll\u00edt\u00f3i kapcsolat menedzse&shy;l\u00e9se<\/h2>\n<p style=\"text-align: center;\">A term\u00e9kel\u0151\u00e1ll\u00edt\u00e1s sor\u00e1n sz\u00fcks\u00e9ges folyamatokra a megfelel\u0151 sz\u00e1ll\u00edt\u00f3k felkutat\u00e1sa, az aj\u00e1nlatok megversenyeztet\u00e9se, vel\u00fck&nbsp;a megfelel\u0151 szinten m\u0171k\u00f6d\u0151 szakmai kapcsolat kialak\u00edt\u00e1sa, a t\u00e1rgyal\u00e1sok sor\u00e1n az \u00fcgyf\u00e9l \u00e9rdekeinek k\u00e9pviselete, vagyis a&nbsp;teljes term\u00e9kel\u0151\u00e1ll\u00edt\u00e1si folyamat menedzsel\u00e9se.<\/p>\n<p>[\/vc_column_text][\/vc_column][\/vc_row]<\/p>\n","protected":false},"excerpt":{"rendered":"<p>[vc_row full_height=&#8221;yes&#8221; css=&#8221;.vc_custom_1658747151390{padding-top: 50px !important;padding-bottom: 50px !important;}&#8221; el_id=&#8221;complex-ems-management&#8221;][vc_column width=&#8221;5\/6&#8243; offset=&#8221;vc_col-sm-offset-1&#8243;][vc_column_text] Complex EMS term\u00e9k&shy;el\u0151\u00e1ll\u00edt\u00e1s menedzse&shy;l\u00e9se A megrendelt term\u00e9kek terv f\u00e1zis\u00e1b\u00f3l k\u00e9szterm\u00e9kk\u00e9 t\u00f6rt\u00e9n\u0151 kivitelez\u00e9s\u00e9nek komplex menedzsmentje, mely minden esetben mag\u00e1ban foglalja a term\u00e9kek gy\u00e1rthat\u00f3s\u00e1g\u00e1nak vizsg\u00e1lat\u00e1t, szakmai megval\u00f3s\u00edt\u00e1s\u00e1nak felt\u00e9tel vizsg\u00e1lat\u00e1t, a gy\u00e1rt\u00e1si id\u0151 \u00e9s k\u00f6lts\u00e9g optimaliz\u00e1l\u00e1st, a mintagy\u00e1rt\u00e1st, illetve a k\u00e9szterm\u00e9k legy\u00e1rt\u00e1s\u00e1t, tesztel\u00e9s\u00e9t a term\u00e9k csomagol\u00e1s\u00e1ig bez\u00e1r\u00f3lag. [\/vc_column_text][vc_raw_html]JTNDZGl2JTIwY2xhc3MlM0QlMjJjb250YWluZXItc2Nyb2xsJTIyJTNFJTBBJTIwJTIwJTNDZGl2JTIwY2xhc3MlM0QlMjJjaGV2cm9uJTIyJTNFJTNDJTJGZGl2JTNFJTBBJTIwJTIwJTNDZGl2JTIwY2xhc3MlM0QlMjJjaGV2cm9uJTIyJTNFJTNDJTJGZGl2JTNFJTBBJTIwJTIwJTNDZGl2JTIwY2xhc3MlM0QlMjJjaGV2cm9uJTIyJTNFJTNDJTJGZGl2JTNFJTBBJTIwJTIwJTNDc3BhbiUyMGNsYXNzJTNEJTIydGV4dCUyMiUzRUclQzMlQjZyZ2Vzc2VuJTIwbGUlM0MlMkZzcGFuJTNFJTBBJTIwJTIwJTNDYSUyMGNsYXNzJTNEJTIydGV4dCUyMGFuY2hvci1saW5rJTIyJTIwaHJlZiUzRCUyMiUyMyUyMSUyRmV4ZWN1dGlvbi1hZHZpc2luZyUyMiUzRSUyMFRFUk0lQzMlODlLS0lWSVRFTEVaJUMzJTg5U0klMjAlQzMlODlTJTIwRUwlQzUlOTAlQzMlODFMTCVDMyU4RFQlQzMlODFTSSUyMFRBTiVDMyU4MUNTQUQlQzMlODFTJTNDJTJGYSUzRSUwQSUzQyUyRmRpdiUzRQ==[\/vc_raw_html][\/vc_column][\/vc_row][vc_row&hellip;<\/p>\n","protected":false},"author":1,"featured_media":0,"parent":0,"menu_order":0,"comment_status":"closed","ping_status":"closed","template":"","meta":{"inline_featured_image":false},"yoast_head":"<!-- This site is optimized with the Yoast SEO plugin v19.10 - https:\/\/yoast.com\/wordpress\/plugins\/seo\/ -->\n<title>Megold\u00e1saink - Electrohug-<\/title>\n<meta name=\"robots\" content=\"index, follow, max-snippet:-1, max-image-preview:large, max-video-preview:-1\" \/>\n<link rel=\"canonical\" href=\"https:\/\/electrohug.com\/hu\/megoldasaink\/\" \/>\n<meta property=\"og:locale\" content=\"hu_HU\" \/>\n<meta property=\"og:type\" content=\"article\" \/>\n<meta property=\"og:title\" content=\"Megold\u00e1saink - Electrohug-\" \/>\n<meta property=\"og:description\" content=\"[vc_row full_height=&#8221;yes&#8221; css=&#8221;.vc_custom_1658747151390{padding-top: 50px !important;padding-bottom: 50px !important;}&#8221; el_id=&#8221;complex-ems-management&#8221;][vc_column width=&#8221;5\/6&#8243; offset=&#8221;vc_col-sm-offset-1&#8243;][vc_column_text] Complex EMS term\u00e9k&shy;el\u0151\u00e1ll\u00edt\u00e1s menedzse&shy;l\u00e9se A megrendelt term\u00e9kek terv f\u00e1zis\u00e1b\u00f3l k\u00e9szterm\u00e9kk\u00e9 t\u00f6rt\u00e9n\u0151 kivitelez\u00e9s\u00e9nek komplex menedzsmentje, mely minden esetben mag\u00e1ban foglalja a term\u00e9kek gy\u00e1rthat\u00f3s\u00e1g\u00e1nak vizsg\u00e1lat\u00e1t, szakmai megval\u00f3s\u00edt\u00e1s\u00e1nak felt\u00e9tel vizsg\u00e1lat\u00e1t, a gy\u00e1rt\u00e1si id\u0151 \u00e9s k\u00f6lts\u00e9g optimaliz\u00e1l\u00e1st, a mintagy\u00e1rt\u00e1st, illetve a k\u00e9szterm\u00e9k legy\u00e1rt\u00e1s\u00e1t, tesztel\u00e9s\u00e9t a term\u00e9k csomagol\u00e1s\u00e1ig bez\u00e1r\u00f3lag. [\/vc_column_text][vc_raw_html]JTNDZGl2JTIwY2xhc3MlM0QlMjJjb250YWluZXItc2Nyb2xsJTIyJTNFJTBBJTIwJTIwJTNDZGl2JTIwY2xhc3MlM0QlMjJjaGV2cm9uJTIyJTNFJTNDJTJGZGl2JTNFJTBBJTIwJTIwJTNDZGl2JTIwY2xhc3MlM0QlMjJjaGV2cm9uJTIyJTNFJTNDJTJGZGl2JTNFJTBBJTIwJTIwJTNDZGl2JTIwY2xhc3MlM0QlMjJjaGV2cm9uJTIyJTNFJTNDJTJGZGl2JTNFJTBBJTIwJTIwJTNDc3BhbiUyMGNsYXNzJTNEJTIydGV4dCUyMiUzRUclQzMlQjZyZ2Vzc2VuJTIwbGUlM0MlMkZzcGFuJTNFJTBBJTIwJTIwJTNDYSUyMGNsYXNzJTNEJTIydGV4dCUyMGFuY2hvci1saW5rJTIyJTIwaHJlZiUzRCUyMiUyMyUyMSUyRmV4ZWN1dGlvbi1hZHZpc2luZyUyMiUzRSUyMFRFUk0lQzMlODlLS0lWSVRFTEVaJUMzJTg5U0klMjAlQzMlODlTJTIwRUwlQzUlOTAlQzMlODFMTCVDMyU4RFQlQzMlODFTSSUyMFRBTiVDMyU4MUNTQUQlQzMlODFTJTNDJTJGYSUzRSUwQSUzQyUyRmRpdiUzRQ==[\/vc_raw_html][\/vc_column][\/vc_row][vc_row&hellip;\" \/>\n<meta property=\"og:url\" content=\"https:\/\/electrohug.com\/hu\/megoldasaink\/\" \/>\n<meta property=\"og:site_name\" content=\"Electrohug-\" \/>\n<meta property=\"article:modified_time\" content=\"2022-08-08T08:28:55+00:00\" \/>\n<meta name=\"twitter:card\" content=\"summary_large_image\" \/>\n<meta name=\"twitter:label1\" content=\"Becs\u00fclt olvas\u00e1si id\u0151\" \/>\n\t<meta name=\"twitter:data1\" content=\"3 perc\" \/>\n<script type=\"application\/ld+json\" class=\"yoast-schema-graph\">{\"@context\":\"https:\/\/schema.org\",\"@graph\":[{\"@type\":\"WebPage\",\"@id\":\"https:\/\/electrohug.com\/hu\/megoldasaink\/\",\"url\":\"https:\/\/electrohug.com\/hu\/megoldasaink\/\",\"name\":\"Megold\u00e1saink - Electrohug-\",\"isPartOf\":{\"@id\":\"https:\/\/electrohug.com\/#website\"},\"datePublished\":\"2022-05-25T09:36:24+00:00\",\"dateModified\":\"2022-08-08T08:28:55+00:00\",\"breadcrumb\":{\"@id\":\"https:\/\/electrohug.com\/hu\/megoldasaink\/#breadcrumb\"},\"inLanguage\":\"hu\",\"potentialAction\":[{\"@type\":\"ReadAction\",\"target\":[\"https:\/\/electrohug.com\/hu\/megoldasaink\/\"]}]},{\"@type\":\"BreadcrumbList\",\"@id\":\"https:\/\/electrohug.com\/hu\/megoldasaink\/#breadcrumb\",\"itemListElement\":[{\"@type\":\"ListItem\",\"position\":1,\"name\":\"Home\",\"item\":\"https:\/\/electrohug.com\/hu\/\"},{\"@type\":\"ListItem\",\"position\":2,\"name\":\"Megold\u00e1saink\"}]},{\"@type\":\"WebSite\",\"@id\":\"https:\/\/electrohug.com\/#website\",\"url\":\"https:\/\/electrohug.com\/\",\"name\":\"Electrohug-\",\"description\":\"\",\"potentialAction\":[{\"@type\":\"SearchAction\",\"target\":{\"@type\":\"EntryPoint\",\"urlTemplate\":\"https:\/\/electrohug.com\/?s={search_term_string}\"},\"query-input\":\"required name=search_term_string\"}],\"inLanguage\":\"hu\"}]}<\/script>\n<!-- \/ Yoast SEO plugin. -->","yoast_head_json":{"title":"Megold\u00e1saink - Electrohug-","robots":{"index":"index","follow":"follow","max-snippet":"max-snippet:-1","max-image-preview":"max-image-preview:large","max-video-preview":"max-video-preview:-1"},"canonical":"https:\/\/electrohug.com\/hu\/megoldasaink\/","og_locale":"hu_HU","og_type":"article","og_title":"Megold\u00e1saink - Electrohug-","og_description":"[vc_row full_height=&#8221;yes&#8221; css=&#8221;.vc_custom_1658747151390{padding-top: 50px !important;padding-bottom: 50px !important;}&#8221; el_id=&#8221;complex-ems-management&#8221;][vc_column width=&#8221;5\/6&#8243; offset=&#8221;vc_col-sm-offset-1&#8243;][vc_column_text] Complex EMS term\u00e9k&shy;el\u0151\u00e1ll\u00edt\u00e1s menedzse&shy;l\u00e9se A megrendelt term\u00e9kek terv f\u00e1zis\u00e1b\u00f3l k\u00e9szterm\u00e9kk\u00e9 t\u00f6rt\u00e9n\u0151 kivitelez\u00e9s\u00e9nek komplex menedzsmentje, mely minden esetben mag\u00e1ban foglalja a term\u00e9kek gy\u00e1rthat\u00f3s\u00e1g\u00e1nak vizsg\u00e1lat\u00e1t, szakmai megval\u00f3s\u00edt\u00e1s\u00e1nak felt\u00e9tel vizsg\u00e1lat\u00e1t, a gy\u00e1rt\u00e1si id\u0151 \u00e9s k\u00f6lts\u00e9g optimaliz\u00e1l\u00e1st, a mintagy\u00e1rt\u00e1st, illetve a k\u00e9szterm\u00e9k legy\u00e1rt\u00e1s\u00e1t, tesztel\u00e9s\u00e9t a term\u00e9k csomagol\u00e1s\u00e1ig bez\u00e1r\u00f3lag. [\/vc_column_text][vc_raw_html]JTNDZGl2JTIwY2xhc3MlM0QlMjJjb250YWluZXItc2Nyb2xsJTIyJTNFJTBBJTIwJTIwJTNDZGl2JTIwY2xhc3MlM0QlMjJjaGV2cm9uJTIyJTNFJTNDJTJGZGl2JTNFJTBBJTIwJTIwJTNDZGl2JTIwY2xhc3MlM0QlMjJjaGV2cm9uJTIyJTNFJTNDJTJGZGl2JTNFJTBBJTIwJTIwJTNDZGl2JTIwY2xhc3MlM0QlMjJjaGV2cm9uJTIyJTNFJTNDJTJGZGl2JTNFJTBBJTIwJTIwJTNDc3BhbiUyMGNsYXNzJTNEJTIydGV4dCUyMiUzRUclQzMlQjZyZ2Vzc2VuJTIwbGUlM0MlMkZzcGFuJTNFJTBBJTIwJTIwJTNDYSUyMGNsYXNzJTNEJTIydGV4dCUyMGFuY2hvci1saW5rJTIyJTIwaHJlZiUzRCUyMiUyMyUyMSUyRmV4ZWN1dGlvbi1hZHZpc2luZyUyMiUzRSUyMFRFUk0lQzMlODlLS0lWSVRFTEVaJUMzJTg5U0klMjAlQzMlODlTJTIwRUwlQzUlOTAlQzMlODFMTCVDMyU4RFQlQzMlODFTSSUyMFRBTiVDMyU4MUNTQUQlQzMlODFTJTNDJTJGYSUzRSUwQSUzQyUyRmRpdiUzRQ==[\/vc_raw_html][\/vc_column][\/vc_row][vc_row&hellip;","og_url":"https:\/\/electrohug.com\/hu\/megoldasaink\/","og_site_name":"Electrohug-","article_modified_time":"2022-08-08T08:28:55+00:00","twitter_card":"summary_large_image","twitter_misc":{"Becs\u00fclt olvas\u00e1si id\u0151":"3 perc"},"schema":{"@context":"https:\/\/schema.org","@graph":[{"@type":"WebPage","@id":"https:\/\/electrohug.com\/hu\/megoldasaink\/","url":"https:\/\/electrohug.com\/hu\/megoldasaink\/","name":"Megold\u00e1saink - Electrohug-","isPartOf":{"@id":"https:\/\/electrohug.com\/#website"},"datePublished":"2022-05-25T09:36:24+00:00","dateModified":"2022-08-08T08:28:55+00:00","breadcrumb":{"@id":"https:\/\/electrohug.com\/hu\/megoldasaink\/#breadcrumb"},"inLanguage":"hu","potentialAction":[{"@type":"ReadAction","target":["https:\/\/electrohug.com\/hu\/megoldasaink\/"]}]},{"@type":"BreadcrumbList","@id":"https:\/\/electrohug.com\/hu\/megoldasaink\/#breadcrumb","itemListElement":[{"@type":"ListItem","position":1,"name":"Home","item":"https:\/\/electrohug.com\/hu\/"},{"@type":"ListItem","position":2,"name":"Megold\u00e1saink"}]},{"@type":"WebSite","@id":"https:\/\/electrohug.com\/#website","url":"https:\/\/electrohug.com\/","name":"Electrohug-","description":"","potentialAction":[{"@type":"SearchAction","target":{"@type":"EntryPoint","urlTemplate":"https:\/\/electrohug.com\/?s={search_term_string}"},"query-input":"required name=search_term_string"}],"inLanguage":"hu"}]}},"_links":{"self":[{"href":"https:\/\/electrohug.com\/hu\/wp-json\/wp\/v2\/pages\/251"}],"collection":[{"href":"https:\/\/electrohug.com\/hu\/wp-json\/wp\/v2\/pages"}],"about":[{"href":"https:\/\/electrohug.com\/hu\/wp-json\/wp\/v2\/types\/page"}],"author":[{"embeddable":true,"href":"https:\/\/electrohug.com\/hu\/wp-json\/wp\/v2\/users\/1"}],"replies":[{"embeddable":true,"href":"https:\/\/electrohug.com\/hu\/wp-json\/wp\/v2\/comments?post=251"}],"version-history":[{"count":3,"href":"https:\/\/electrohug.com\/hu\/wp-json\/wp\/v2\/pages\/251\/revisions"}],"predecessor-version":[{"id":320,"href":"https:\/\/electrohug.com\/hu\/wp-json\/wp\/v2\/pages\/251\/revisions\/320"}],"wp:attachment":[{"href":"https:\/\/electrohug.com\/hu\/wp-json\/wp\/v2\/media?parent=251"}],"curies":[{"name":"wp","href":"https:\/\/api.w.org\/{rel}","templated":true}]}}