{"id":248,"date":"2022-05-25T09:36:39","date_gmt":"2022-05-25T08:36:39","guid":{"rendered":"http:\/\/dev-electrohugcom.srv1.clbr.hu\/kapcsolat\/"},"modified":"2023-01-12T11:47:00","modified_gmt":"2023-01-12T10:47:00","slug":"kapcsolat","status":"publish","type":"page","link":"https:\/\/electrohug.com\/hu\/kapcsolat\/","title":{"rendered":"Kapcsolat"},"content":{"rendered":"<p>[vc_row][vc_column css=&#8221;.vc_custom_1657548500473{padding-right: 0px !important;padding-left: 0px !important;}&#8221;][vc_raw_html]JTNDaWZyYW1lJTIwc3JjJTNEJTIyaHR0cHMlM0ElMkYlMkZ3d3cuZ29vZ2xlLmNvbSUyRm1hcHMlMkZlbWJlZCUzRnBiJTNEJTIxMW0xOCUyMTFtMTIlMjExbTMlMjExZDEwMDc4LjI1MDQwODQxNzgzJTIxMmQxMi4xOTc0MDY1MDEyMjk2MTclMjEzZDQ4Ljk4MjQ0MzM4Njg4NzQ1NCUyMTJtMyUyMTFmMCUyMTJmMCUyMTNmMCUyMTNtMiUyMTFpMTAyNCUyMTJpNzY4JTIxNGYxMy4xJTIxM20zJTIxMW0yJTIxMXMweDQ3OWZjMzEzNGJjYTZkOTUlMjUzQTB4OGNhZWJlNzBiNzI3NTJlNiUyMTJzWndpY2thdWVyJTI1MjBTdHIuJTI1MjAxMSUyNTJDJTI1MjA5MzA3MyUyNTIwTmV1dHJhdWJsaW5nJTI1MkMlMjUyME4lMjVDMyUyNUE5bWV0b3JzeiUyNUMzJTI1QTFnJTIxNWUwJTIxM20yJTIxMXNodSUyMTJzaHUlMjE0djE2NzM1MjAyOTM1MDQlMjE1bTIlMjExc2h1JTIxMnNodSUyMiUyMHdpZHRoJTNEJTIyMTEwJTI1JTIyJTIwaGVpZ2h0JTNEJTIyMzUwJTIyJTIwc3R5bGUlM0QlMjJib3JkZXIlM0EwJTNCJTIyJTIwYWxsb3dmdWxsc2NyZWVuJTNEJTIyJTIyJTIwbG9hZGluZyUzRCUyMmxhenklMjIlMjByZWZlcnJlcnBvbGljeSUzRCUyMm5vLXJlZmVycmVyLXdoZW4tZG93bmdyYWRlJTIyJTNFJTNDJTJGaWZyYW1lJTNF[\/vc_raw_html][\/vc_column][\/vc_row][vc_row][vc_column offset=&#8221;vc_col-lg-4&#8243; css=&#8221;.vc_custom_1657629584778{margin-bottom: 40px !important;padding-top: 50px !important;}&#8221;]<div class=\"ult_row_spacer\"><div class=\"ult-sticky-anchor\"><div class=\"ult-sticky-section ult-sticky \"  data-gutter= '120' data-stick_behaviour= 'stick_with_scroll_row'  data-sticky_position= 'top' data-mobile='no' data-support='no'>[vc_column_text]<\/p>\n<h4 style=\"text-align: right;\">ELECTROHUG GmbH<\/h4>\n<p style=\"text-align: right;\">11 Zwickauerstrasse, D-93073 Neutraubling, N\u00e9metorsz\u00e1g<br \/>\n<a href=\"mailto:info@electrohug.com\">info@electrohug.com<\/a><br \/>\n<a href=\"tel:+36703480319\">+36 70 348 0319<\/a><\/p>\n<p>[\/vc_column_text]<\/div><div class=\"ult-space\"><\/div><\/div><\/div>[\/vc_column][vc_column offset=&#8221;vc_col-lg-offset-1 vc_col-lg-7&#8243; css=&#8221;.vc_custom_1657547801979{padding-top: 20px !important;padding-right: 20px !important;padding-bottom: 20px !important;padding-left: 20px !important;background-color: rgba(85,113,142,0.75) !important;*background-color: rgb(85,113,142) !important;}&#8221;][vc_column_text css=&#8221;.vc_custom_1657548525425{margin-bottom: 20px !important;}&#8221;]<\/p>\n<h2>\u00cdrjon nek\u00fcnk!<\/h2>\n<p>K\u00e9rj\u00fck, ha b\u00e1rmilyen k\u00e9rd\u00e9se van, forduljon hozz\u00e1nk bizalommal vagy \u00edrjon nek\u00fcnk vagy l\u00e9pjen vel\u00fcnk kapcsolatba[\/vc_column_text]<div role=\"form\" class=\"wpcf7\" id=\"wpcf7-f171-o1\" lang=\"hu-HU\" dir=\"ltr\">\n<div class=\"screen-reader-response\"><p role=\"status\" aria-live=\"polite\" aria-atomic=\"true\"><\/p> <ul><\/ul><\/div>\n<form action=\"\/hu\/wp-json\/wp\/v2\/pages\/248#wpcf7-f171-o1\" method=\"post\" class=\"wpcf7-form init\" novalidate=\"novalidate\" data-status=\"init\">\n<div style=\"display: none;\">\n<input type=\"hidden\" name=\"_wpcf7\" value=\"171\" \/>\n<input type=\"hidden\" name=\"_wpcf7_version\" value=\"5.6.4\" \/>\n<input type=\"hidden\" name=\"_wpcf7_locale\" value=\"hu_HU\" \/>\n<input type=\"hidden\" name=\"_wpcf7_unit_tag\" value=\"wpcf7-f171-o1\" \/>\n<input type=\"hidden\" name=\"_wpcf7_container_post\" value=\"0\" \/>\n<input type=\"hidden\" name=\"_wpcf7_posted_data_hash\" value=\"\" \/>\n<input type=\"hidden\" name=\"_wpcf7_recaptcha_response\" value=\"\" \/>\n<\/div>\n<div class=\"wpb_row vc_row\">\n<div class=\"vc_col-sm-6\">\n<p><strong>N\u00e9v<\/strong><span style=\"color:red;\">*<\/span><br \/>\n<span class=\"wpcf7-form-control-wrap\" data-name=\"your-name\"><input type=\"text\" name=\"your-name\" value=\"\" size=\"40\" class=\"wpcf7-form-control wpcf7-text wpcf7-validates-as-required\" aria-required=\"true\" aria-invalid=\"false\" \/><\/span>\n<\/div>\n<div class=\"vc_col-sm-6\">\n<p><strong>Email c\u00edm<\/strong><span style=\"color:red;\">*<\/span><br \/>\n<span class=\"wpcf7-form-control-wrap\" data-name=\"your-email\"><input type=\"email\" name=\"your-email\" value=\"\" size=\"40\" class=\"wpcf7-form-control wpcf7-text wpcf7-email wpcf7-validates-as-required wpcf7-validates-as-email\" aria-required=\"true\" aria-invalid=\"false\" \/><\/span>\n<\/div>\n<\/div>\n<div class=\"wpb_row vc_row\">\n<div class=\"vc_col-sm-6\">\n<p><strong>Telefonsz\u00e1m<\/strong><br \/>\n<span class=\"wpcf7-form-control-wrap\" data-name=\"your-phone\"><input type=\"text\" name=\"your-phone\" value=\"\" size=\"40\" class=\"wpcf7-form-control wpcf7-text\" aria-invalid=\"false\" \/><\/span><\/p>\n<\/div>\n<div class=\"vc_col-sm-6\">\n<p><strong>C\u00e9gn\u00e9v<\/strong><br \/>\n<span class=\"wpcf7-form-control-wrap\" data-name=\"company-name\"><input type=\"text\" name=\"company-name\" value=\"\" size=\"40\" class=\"wpcf7-form-control wpcf7-text\" aria-invalid=\"false\" \/><\/span><\/p>\n<\/div>\n<\/div>\n<div class=\"wpb_row vc_row\">\n<div class=\"vc_col-sm-12\">\n<p><strong>\u00dczenet<\/strong><br \/>\n<span class=\"wpcf7-form-control-wrap\" data-name=\"message\"><textarea name=\"message\" cols=\"40\" rows=\"10\" class=\"wpcf7-form-control wpcf7-textarea\" aria-invalid=\"false\"><\/textarea><\/span><\/p>\n<\/div>\n<\/div>\n<div class=\"wpb_row vc_row\">\n<div class=\"vc_col-sm-8 checkbox-not-checked\">\n<p>\n<span class=\"wpcf7-form-control-wrap\" data-name=\"acceptance-689\"><span class=\"wpcf7-form-control wpcf7-acceptance\"><span class=\"wpcf7-list-item\"><label><input type=\"checkbox\" name=\"acceptance-689\" value=\"1\" aria-invalid=\"false\" \/><span class=\"wpcf7-list-item-label\">Hozz\u00e1j\u00e1rulok adataim kezel\u00e9s\u00e9hez.<span style=\"color:red;\">*<\/span> (<a href=\"\/adatvedelmi-tajekoztato\/\" target=\"_blank\">Adatv\u00e9delmi t\u00e1j\u00e9koztat\u00f3<\/a>)<\/span><\/label><\/span><\/span><\/span>\n<\/p>\n<\/div>\n<div class=\"vc_col-sm-4\">\n<p style=\"text-align: right;\"><input type=\"submit\" value=\"K\u00fcld\u00e9s\" class=\"wpcf7-form-control has-spinner wpcf7-submit\" \/><\/p>\n<\/div>\n<div class=\"vc_col-sm-12\">\n<p>A <span style=\"color:red;\">*<\/span>-al jel\u00f6lt mez\u0151k kit\u00f6lt\u00e9se k\u00f6telez\u0151<\/p>\n<\/div>\n<\/div>\n<p style=\"display: none !important;\"><label>&#916;<textarea name=\"_wpcf7_ak_hp_textarea\" cols=\"45\" rows=\"8\" maxlength=\"100\"><\/textarea><\/label><input type=\"hidden\" id=\"ak_js_1\" name=\"_wpcf7_ak_js\" value=\"208\"\/><script>document.getElementById( \"ak_js_1\" ).setAttribute( \"value\", ( new Date() ).getTime() );<\/script><\/p><div class=\"wpcf7-response-output\" aria-hidden=\"true\"><\/div><\/form><\/div>[\/vc_column][\/vc_row]<\/p>\n","protected":false},"excerpt":{"rendered":"<p>[vc_row][vc_column css=&#8221;.vc_custom_1657548500473{padding-right: 0px !important;padding-left: 0px !important;}&#8221;][vc_raw_html]JTNDaWZyYW1lJTIwc3JjJTNEJTIyaHR0cHMlM0ElMkYlMkZ3d3cuZ29vZ2xlLmNvbSUyRm1hcHMlMkZlbWJlZCUzRnBiJTNEJTIxMW0xOCUyMTFtMTIlMjExbTMlMjExZDEwMDc4LjI1MDQwODQxNzgzJTIxMmQxMi4xOTc0MDY1MDEyMjk2MTclMjEzZDQ4Ljk4MjQ0MzM4Njg4NzQ1NCUyMTJtMyUyMTFmMCUyMTJmMCUyMTNmMCUyMTNtMiUyMTFpMTAyNCUyMTJpNzY4JTIxNGYxMy4xJTIxM20zJTIxMW0yJTIxMXMweDQ3OWZjMzEzNGJjYTZkOTUlMjUzQTB4OGNhZWJlNzBiNzI3NTJlNiUyMTJzWndpY2thdWVyJTI1MjBTdHIuJTI1MjAxMSUyNTJDJTI1MjA5MzA3MyUyNTIwTmV1dHJhdWJsaW5nJTI1MkMlMjUyME4lMjVDMyUyNUE5bWV0b3JzeiUyNUMzJTI1QTFnJTIxNWUwJTIxM20yJTIxMXNodSUyMTJzaHUlMjE0djE2NzM1MjAyOTM1MDQlMjE1bTIlMjExc2h1JTIxMnNodSUyMiUyMHdpZHRoJTNEJTIyMTEwJTI1JTIyJTIwaGVpZ2h0JTNEJTIyMzUwJTIyJTIwc3R5bGUlM0QlMjJib3JkZXIlM0EwJTNCJTIyJTIwYWxsb3dmdWxsc2NyZWVuJTNEJTIyJTIyJTIwbG9hZGluZyUzRCUyMmxhenklMjIlMjByZWZlcnJlcnBvbGljeSUzRCUyMm5vLXJlZmVycmVyLXdoZW4tZG93bmdyYWRlJTIyJTNFJTNDJTJGaWZyYW1lJTNF[\/vc_raw_html][\/vc_column][\/vc_row][vc_row][vc_column offset=&#8221;vc_col-lg-4&#8243; css=&#8221;.vc_custom_1657629584778{margin-bottom: 40px !important;padding-top: 50px !important;}&#8221;][\/vc_column][vc_column offset=&#8221;vc_col-lg-offset-1 vc_col-lg-7&#8243; css=&#8221;.vc_custom_1657547801979{padding-top: 20px !important;padding-right: 20px !important;padding-bottom: 20px !important;padding-left: 20px !important;background-color: rgba(85,113,142,0.75) !important;*background-color: rgb(85,113,142) !important;}&#8221;][vc_column_text css=&#8221;.vc_custom_1657548525425{margin-bottom: 20px !important;}&#8221;] \u00cdrjon nek\u00fcnk! K\u00e9rj\u00fck, ha b\u00e1rmilyen k\u00e9rd\u00e9se van, forduljon hozz\u00e1nk bizalommal vagy \u00edrjon nek\u00fcnk vagy l\u00e9pjen vel\u00fcnk kapcsolatba[\/vc_column_text][\/vc_column][\/vc_row]<\/p>\n","protected":false},"author":1,"featured_media":0,"parent":0,"menu_order":0,"comment_status":"closed","ping_status":"closed","template":"","meta":{"inline_featured_image":false},"yoast_head":"<!-- This site is optimized with the Yoast SEO plugin v19.10 - https:\/\/yoast.com\/wordpress\/plugins\/seo\/ -->\n<title>Kapcsolat - Electrohug-<\/title>\n<meta name=\"robots\" content=\"index, follow, max-snippet:-1, max-image-preview:large, max-video-preview:-1\" \/>\n<link rel=\"canonical\" href=\"https:\/\/electrohug.com\/hu\/kapcsolat\/\" \/>\n<meta property=\"og:locale\" content=\"hu_HU\" \/>\n<meta property=\"og:type\" content=\"article\" \/>\n<meta property=\"og:title\" content=\"Kapcsolat - Electrohug-\" \/>\n<meta property=\"og:description\" content=\"[vc_row][vc_column css=&#8221;.vc_custom_1657548500473{padding-right: 0px !important;padding-left: 0px !important;}&#8221;][vc_raw_html]JTNDaWZyYW1lJTIwc3JjJTNEJTIyaHR0cHMlM0ElMkYlMkZ3d3cuZ29vZ2xlLmNvbSUyRm1hcHMlMkZlbWJlZCUzRnBiJTNEJTIxMW0xOCUyMTFtMTIlMjExbTMlMjExZDEwMDc4LjI1MDQwODQxNzgzJTIxMmQxMi4xOTc0MDY1MDEyMjk2MTclMjEzZDQ4Ljk4MjQ0MzM4Njg4NzQ1NCUyMTJtMyUyMTFmMCUyMTJmMCUyMTNmMCUyMTNtMiUyMTFpMTAyNCUyMTJpNzY4JTIxNGYxMy4xJTIxM20zJTIxMW0yJTIxMXMweDQ3OWZjMzEzNGJjYTZkOTUlMjUzQTB4OGNhZWJlNzBiNzI3NTJlNiUyMTJzWndpY2thdWVyJTI1MjBTdHIuJTI1MjAxMSUyNTJDJTI1MjA5MzA3MyUyNTIwTmV1dHJhdWJsaW5nJTI1MkMlMjUyME4lMjVDMyUyNUE5bWV0b3JzeiUyNUMzJTI1QTFnJTIxNWUwJTIxM20yJTIxMXNodSUyMTJzaHUlMjE0djE2NzM1MjAyOTM1MDQlMjE1bTIlMjExc2h1JTIxMnNodSUyMiUyMHdpZHRoJTNEJTIyMTEwJTI1JTIyJTIwaGVpZ2h0JTNEJTIyMzUwJTIyJTIwc3R5bGUlM0QlMjJib3JkZXIlM0EwJTNCJTIyJTIwYWxsb3dmdWxsc2NyZWVuJTNEJTIyJTIyJTIwbG9hZGluZyUzRCUyMmxhenklMjIlMjByZWZlcnJlcnBvbGljeSUzRCUyMm5vLXJlZmVycmVyLXdoZW4tZG93bmdyYWRlJTIyJTNFJTNDJTJGaWZyYW1lJTNF[\/vc_raw_html][\/vc_column][\/vc_row][vc_row][vc_column offset=&#8221;vc_col-lg-4&#8243; css=&#8221;.vc_custom_1657629584778{margin-bottom: 40px !important;padding-top: 50px !important;}&#8221;][\/vc_column][vc_column offset=&#8221;vc_col-lg-offset-1 vc_col-lg-7&#8243; css=&#8221;.vc_custom_1657547801979{padding-top: 20px !important;padding-right: 20px !important;padding-bottom: 20px !important;padding-left: 20px !important;background-color: rgba(85,113,142,0.75) !important;*background-color: rgb(85,113,142) !important;}&#8221;][vc_column_text css=&#8221;.vc_custom_1657548525425{margin-bottom: 20px !important;}&#8221;] \u00cdrjon nek\u00fcnk! K\u00e9rj\u00fck, ha b\u00e1rmilyen k\u00e9rd\u00e9se van, forduljon hozz\u00e1nk bizalommal vagy \u00edrjon nek\u00fcnk vagy l\u00e9pjen vel\u00fcnk kapcsolatba[\/vc_column_text][\/vc_column][\/vc_row]\" \/>\n<meta property=\"og:url\" content=\"https:\/\/electrohug.com\/hu\/kapcsolat\/\" \/>\n<meta property=\"og:site_name\" content=\"Electrohug-\" \/>\n<meta property=\"article:modified_time\" content=\"2023-01-12T10:47:00+00:00\" \/>\n<meta name=\"twitter:card\" content=\"summary_large_image\" \/>\n<meta name=\"twitter:label1\" content=\"Becs\u00fclt olvas\u00e1si id\u0151\" \/>\n\t<meta name=\"twitter:data1\" content=\"1 perc\" \/>\n<script type=\"application\/ld+json\" class=\"yoast-schema-graph\">{\"@context\":\"https:\/\/schema.org\",\"@graph\":[{\"@type\":\"WebPage\",\"@id\":\"https:\/\/electrohug.com\/hu\/kapcsolat\/\",\"url\":\"https:\/\/electrohug.com\/hu\/kapcsolat\/\",\"name\":\"Kapcsolat - Electrohug-\",\"isPartOf\":{\"@id\":\"https:\/\/electrohug.com\/#website\"},\"datePublished\":\"2022-05-25T08:36:39+00:00\",\"dateModified\":\"2023-01-12T10:47:00+00:00\",\"breadcrumb\":{\"@id\":\"https:\/\/electrohug.com\/hu\/kapcsolat\/#breadcrumb\"},\"inLanguage\":\"hu\",\"potentialAction\":[{\"@type\":\"ReadAction\",\"target\":[\"https:\/\/electrohug.com\/hu\/kapcsolat\/\"]}]},{\"@type\":\"BreadcrumbList\",\"@id\":\"https:\/\/electrohug.com\/hu\/kapcsolat\/#breadcrumb\",\"itemListElement\":[{\"@type\":\"ListItem\",\"position\":1,\"name\":\"Home\",\"item\":\"https:\/\/electrohug.com\/hu\/\"},{\"@type\":\"ListItem\",\"position\":2,\"name\":\"Kapcsolat\"}]},{\"@type\":\"WebSite\",\"@id\":\"https:\/\/electrohug.com\/#website\",\"url\":\"https:\/\/electrohug.com\/\",\"name\":\"Electrohug-\",\"description\":\"\",\"potentialAction\":[{\"@type\":\"SearchAction\",\"target\":{\"@type\":\"EntryPoint\",\"urlTemplate\":\"https:\/\/electrohug.com\/?s={search_term_string}\"},\"query-input\":\"required name=search_term_string\"}],\"inLanguage\":\"hu\"}]}<\/script>\n<!-- \/ Yoast SEO plugin. -->","yoast_head_json":{"title":"Kapcsolat - Electrohug-","robots":{"index":"index","follow":"follow","max-snippet":"max-snippet:-1","max-image-preview":"max-image-preview:large","max-video-preview":"max-video-preview:-1"},"canonical":"https:\/\/electrohug.com\/hu\/kapcsolat\/","og_locale":"hu_HU","og_type":"article","og_title":"Kapcsolat - Electrohug-","og_description":"[vc_row][vc_column css=&#8221;.vc_custom_1657548500473{padding-right: 0px !important;padding-left: 0px !important;}&#8221;][vc_raw_html]JTNDaWZyYW1lJTIwc3JjJTNEJTIyaHR0cHMlM0ElMkYlMkZ3d3cuZ29vZ2xlLmNvbSUyRm1hcHMlMkZlbWJlZCUzRnBiJTNEJTIxMW0xOCUyMTFtMTIlMjExbTMlMjExZDEwMDc4LjI1MDQwODQxNzgzJTIxMmQxMi4xOTc0MDY1MDEyMjk2MTclMjEzZDQ4Ljk4MjQ0MzM4Njg4NzQ1NCUyMTJtMyUyMTFmMCUyMTJmMCUyMTNmMCUyMTNtMiUyMTFpMTAyNCUyMTJpNzY4JTIxNGYxMy4xJTIxM20zJTIxMW0yJTIxMXMweDQ3OWZjMzEzNGJjYTZkOTUlMjUzQTB4OGNhZWJlNzBiNzI3NTJlNiUyMTJzWndpY2thdWVyJTI1MjBTdHIuJTI1MjAxMSUyNTJDJTI1MjA5MzA3MyUyNTIwTmV1dHJhdWJsaW5nJTI1MkMlMjUyME4lMjVDMyUyNUE5bWV0b3JzeiUyNUMzJTI1QTFnJTIxNWUwJTIxM20yJTIxMXNodSUyMTJzaHUlMjE0djE2NzM1MjAyOTM1MDQlMjE1bTIlMjExc2h1JTIxMnNodSUyMiUyMHdpZHRoJTNEJTIyMTEwJTI1JTIyJTIwaGVpZ2h0JTNEJTIyMzUwJTIyJTIwc3R5bGUlM0QlMjJib3JkZXIlM0EwJTNCJTIyJTIwYWxsb3dmdWxsc2NyZWVuJTNEJTIyJTIyJTIwbG9hZGluZyUzRCUyMmxhenklMjIlMjByZWZlcnJlcnBvbGljeSUzRCUyMm5vLXJlZmVycmVyLXdoZW4tZG93bmdyYWRlJTIyJTNFJTNDJTJGaWZyYW1lJTNF[\/vc_raw_html][\/vc_column][\/vc_row][vc_row][vc_column offset=&#8221;vc_col-lg-4&#8243; css=&#8221;.vc_custom_1657629584778{margin-bottom: 40px !important;padding-top: 50px !important;}&#8221;][\/vc_column][vc_column offset=&#8221;vc_col-lg-offset-1 vc_col-lg-7&#8243; css=&#8221;.vc_custom_1657547801979{padding-top: 20px !important;padding-right: 20px !important;padding-bottom: 20px !important;padding-left: 20px !important;background-color: rgba(85,113,142,0.75) !important;*background-color: rgb(85,113,142) !important;}&#8221;][vc_column_text css=&#8221;.vc_custom_1657548525425{margin-bottom: 20px !important;}&#8221;] \u00cdrjon nek\u00fcnk! K\u00e9rj\u00fck, ha b\u00e1rmilyen k\u00e9rd\u00e9se van, forduljon hozz\u00e1nk bizalommal vagy \u00edrjon nek\u00fcnk vagy l\u00e9pjen vel\u00fcnk kapcsolatba[\/vc_column_text][\/vc_column][\/vc_row]","og_url":"https:\/\/electrohug.com\/hu\/kapcsolat\/","og_site_name":"Electrohug-","article_modified_time":"2023-01-12T10:47:00+00:00","twitter_card":"summary_large_image","twitter_misc":{"Becs\u00fclt olvas\u00e1si id\u0151":"1 perc"},"schema":{"@context":"https:\/\/schema.org","@graph":[{"@type":"WebPage","@id":"https:\/\/electrohug.com\/hu\/kapcsolat\/","url":"https:\/\/electrohug.com\/hu\/kapcsolat\/","name":"Kapcsolat - Electrohug-","isPartOf":{"@id":"https:\/\/electrohug.com\/#website"},"datePublished":"2022-05-25T08:36:39+00:00","dateModified":"2023-01-12T10:47:00+00:00","breadcrumb":{"@id":"https:\/\/electrohug.com\/hu\/kapcsolat\/#breadcrumb"},"inLanguage":"hu","potentialAction":[{"@type":"ReadAction","target":["https:\/\/electrohug.com\/hu\/kapcsolat\/"]}]},{"@type":"BreadcrumbList","@id":"https:\/\/electrohug.com\/hu\/kapcsolat\/#breadcrumb","itemListElement":[{"@type":"ListItem","position":1,"name":"Home","item":"https:\/\/electrohug.com\/hu\/"},{"@type":"ListItem","position":2,"name":"Kapcsolat"}]},{"@type":"WebSite","@id":"https:\/\/electrohug.com\/#website","url":"https:\/\/electrohug.com\/","name":"Electrohug-","description":"","potentialAction":[{"@type":"SearchAction","target":{"@type":"EntryPoint","urlTemplate":"https:\/\/electrohug.com\/?s={search_term_string}"},"query-input":"required name=search_term_string"}],"inLanguage":"hu"}]}},"_links":{"self":[{"href":"https:\/\/electrohug.com\/hu\/wp-json\/wp\/v2\/pages\/248"}],"collection":[{"href":"https:\/\/electrohug.com\/hu\/wp-json\/wp\/v2\/pages"}],"about":[{"href":"https:\/\/electrohug.com\/hu\/wp-json\/wp\/v2\/types\/page"}],"author":[{"embeddable":true,"href":"https:\/\/electrohug.com\/hu\/wp-json\/wp\/v2\/users\/1"}],"replies":[{"embeddable":true,"href":"https:\/\/electrohug.com\/hu\/wp-json\/wp\/v2\/comments?post=248"}],"version-history":[{"count":4,"href":"https:\/\/electrohug.com\/hu\/wp-json\/wp\/v2\/pages\/248\/revisions"}],"predecessor-version":[{"id":535,"href":"https:\/\/electrohug.com\/hu\/wp-json\/wp\/v2\/pages\/248\/revisions\/535"}],"wp:attachment":[{"href":"https:\/\/electrohug.com\/hu\/wp-json\/wp\/v2\/media?parent=248"}],"curies":[{"name":"wp","href":"https:\/\/api.w.org\/{rel}","templated":true}]}}