{"id":246,"date":"2022-05-25T09:36:09","date_gmt":"2022-05-25T09:36:09","guid":{"rendered":"http:\/\/dev-electrohugcom.srv1.clbr.hu\/gyartas\/"},"modified":"2022-10-11T09:51:29","modified_gmt":"2022-10-11T09:51:29","slug":"gyartas","status":"publish","type":"page","link":"https:\/\/electrohug.com\/hu\/gyartas\/","title":{"rendered":"Gy\u00e1rt\u00e1s"},"content":{"rendered":"<p>[vc_row][vc_column]<style type=\"text\/css\" data-type=\"the7_shortcodes-inline-css\">.shortcode-single-image-wrap.shortcode-single-image-60ef22c5ff7fed3bbf9d55703849a586.enable-bg-rollover .rollover i,\n.shortcode-single-image-wrap.shortcode-single-image-60ef22c5ff7fed3bbf9d55703849a586.enable-bg-rollover .rollover-video i {\n  background: -webkit-linear-gradient();\n  background: linear-gradient();\n}\n.shortcode-single-image-wrap.shortcode-single-image-60ef22c5ff7fed3bbf9d55703849a586 .rollover-icon {\n  font-size: 32px;\n  color: #ffffff;\n  min-width: 44px;\n  min-height: 44px;\n  line-height: 44px;\n  border-radius: 100px;\n  border-style: solid;\n  border-width: 0px;\n}\n.dt-icon-bg-on.shortcode-single-image-wrap.shortcode-single-image-60ef22c5ff7fed3bbf9d55703849a586 .rollover-icon {\n  background: rgba(255,255,255,0.3);\n  box-shadow: none;\n}\n<\/style><div class=\"shortcode-single-image-wrap shortcode-single-image-60ef22c5ff7fed3bbf9d55703849a586 alignnone fadeInDownBig animate-element  enable-bg-rollover dt-icon-bg-off\" style=\"margin-top:0px; margin-bottom:0px; margin-left:0px; margin-right:0px;\"><div class=\"shortcode-single-image hero-head\"><div class=\"fancy-media-wrap  layzr-bg\" style=\"\"><img class=\"preload-me lazy-load\" src=\"data:image\/svg+xml,%3Csvg%20xmlns%3D&#39;http%3A%2F%2Fwww.w3.org%2F2000%2Fsvg&#39;%20viewBox%3D&#39;0%200%202560%20683&#39;%2F%3E\" data-src=\"https:\/\/electrohug.com\/wp-content\/uploads\/2022\/07\/electrohug-gyartas.png\" data-srcset=\"https:\/\/electrohug.com\/wp-content\/uploads\/2022\/07\/electrohug-gyartas.png 2560w\" width=\"2560\" height=\"683\"  data-dt-location=\"https:\/\/electrohug.com\/hu\/production\/electrohug-gyartas\/\" style=\"\" alt=\"\" \/><\/div><\/div><\/div>[\/vc_column][\/vc_row][vc_row css=&#8221;.vc_custom_1657616555393{margin-bottom: 80px !important;}&#8221;][vc_column width=&#8221;5\/6&#8243; offset=&#8221;vc_col-sm-offset-1&#8243;][vc_column_text]<\/p>\n<h1>SMT gy\u00e1rt\u00e1s<\/h1>\n<p>A nagysz\u00e1m\u00fa sorozatgy\u00e1rt\u00e1st\u00f3l az ak\u00e1r minim\u00e1lis darabsz\u00e1m\u00fa mintadarabgy\u00e1rt\u00e1sig t\u00f6rt\u00e9n\u0151 kivitelez\u00e9s. Az SMT gy\u00e1rt\u00e1s sor\u00e1n szakembereink a komplex term\u00e9kel\u0151\u00e1ll\u00edt\u00e1sban is alkalmazott tapasztalat alapj\u00e1n \u00e9p\u00edtik fel, menedzselik a gy\u00e1rt\u00e1si folyamatot, biztos\u00edtva ezzel az elv\u00e1r\u00e1soknak megfelel\u0151 sz\u00e1ll\u00edt\u00e1st.<\/p>\n<p>SMT gy\u00e1rt\u00f3sorunk teljesen automatiz\u00e1lt, \u00edgy az alkatr\u00e9szs\u00e9r\u00fcl\u00e9sek teljes elker\u00fcl\u00e9se garant\u00e1lt. Magas szint\u0171 ESD rendszer\u00fcnkkel kezelj\u00fck a leg\u00e9rz\u00e9kenyebb IC-ket \u00e9s BGA-kat is. 0201 alkatr\u00e9szm\u00e9rett\u0151l 88x88mm-ig v\u00e9gezz\u00fck fel\u00fcletszerelt \u00e9s furatszerelt alkatr\u00e9szeket automatikusan \u00fcltet\u00e9s\u00e9t, vizsg\u00e1lat\u00e1t. Nagy m\u00e9rettartom\u00e1nyban kezel\u00fcnk nyomtatott \u00e1ramk\u00f6r\u00f6ket, 50-500 mm sz\u00e9less\u00e9g \u00e9s hossz k\u00f6z\u00f6tt.<\/p>\n<p><strong>SMT gy\u00e1rt\u00f3sorunk konfigur\u00e1ci\u00f3ja:<\/strong><\/p>\n<ul>\n<li>Automata PCB kezel\u00e9s magazinban (ASYS,Rommel)<\/li>\n<li>Automatikus paszta nyomtat\u00f3 (EKRA)<\/li>\n<li>3D paszta vizsg\u00e1lat (KohYoung)<\/li>\n<li>Automata alkatr\u00e9sz be\u00fcltet\u00e9s &#8211; tekercsr\u0151l, t\u00e1lc\u00e1b\u00f3l, cs\u0151b\u0151l (Siemens)<\/li>\n<li>Nitrog\u00e9n atmoszf\u00e9r\u00e1s reflow kemence (Rehm)<\/li>\n<li>FIFO t\u00e1raz\u00e1s (ASYS)<\/li>\n<li>AOI (VISCOM, VI)<\/li>\n<li>Vizu\u00e1lis ellen\u0151rz\u00e9s (Optilia system)<\/li>\n<li>C\u00edmk\u00e9z\u00e9s (Zebra)<\/li>\n<li>L\u00e9zer grav\u00edroz\u00e1s<\/li>\n<\/ul>\n<p>[\/vc_column_text][vc_column_text]<\/p>\n<h2 class=\"h1\">TH technol\u00f3gia<\/h2>\n<p>THT &#8211; Through Hole Technology \u2013 Furatszerel\u00e9si technol\u00f3gia axi\u00e1l \u00e9s radi\u00e1l alkatr\u00e9szek be\u00fcltet\u00e9s\u00e9re \u00e9s forraszt\u00e1s\u00e1ra. Az alkatr\u00e9szek be\u00fcltet\u00e9se lehets\u00e9ges k\u00e9zi, illetve g\u00e9pi megold\u00e1ssal, a term\u00e9k ig\u00e9nyeinek megfelel\u0151en. A forraszt\u00e1s szelekt\u00edv automata berendez\u00e9ssel is v\u00e9gezhet\u0151, mely megfelel az aut\u00f3ipari elv\u00e1r\u00e1soknak (folyamatkamera, automata hull\u00e1mszint szab\u00e1lyz\u00e1s, nitrog\u00e9n atmoszf\u00e9r\u00e1s forraszt\u00e1s). A szelekt\u00edv forraszt\u00e1si technol\u00f3gi\u00e1nak k\u00f6sz\u00f6nhet\u0151en, nem csak a forraszt\u00e1s, de a flux felvitel is szelekt\u00edven t\u00f6rt\u00e9nik, mely a k\u00e9sz term\u00e9k flux szennyez\u0151d\u00e9s\u00e9t minimaliz\u00e1lja. A term\u00e9k tiszt\u00edt\u00e1s\u00e1ra f\u00e9lautomata mos\u00f3 berendez\u00e9s \u00e1ll rendelkez\u00e9sre, mellyel a legnagyobb panel tisztas\u00e1got lehet el\u00e9rni, ez\u00e1ltal a legjobb lakkozhat\u00f3s\u00e1gi k\u00f6r\u00fclm\u00e9nyeket biztos\u00edtva.[\/vc_column_text][vc_column_text]<\/p>\n<h2 class=\"h1\">Protot\u00edpus gy\u00e1rt\u00e1s<\/h2>\n<p>Teljes term\u00e9kek komplett mintagy\u00e1rt\u00e1s\u00e1t, sorozatgy\u00e1rt\u00e1s\u00e1t v\u00e9gezz\u00fck kis \u00e9s nagy sz\u00e9ri\u00e1ban. Protot\u00edpusok \u00e9s mint\u00e1k k\u00e9sz\u00edt\u00e9s\u00e9vel megteremtj\u00fck a hat\u00e9kony termel\u00e9s felt\u00e9teleit. Az \u00f6tletekt\u0151l eg\u00e9szen az ellen\u0151rz\u00f6tt \u00e9s \u00e1tvizsg\u00e1lt term\u00e9kekig a gy\u00e1rt\u00e1s rugalmas, gyors \u00e9s innovat\u00edv, mik\u00f6zben megfelel a legmagasabb min\u0151s\u00e9gi elv\u00e1r\u00e1soknak is.&nbsp;Megb\u00edz\u00e1saink sor\u00e1n kiemelt figyelmet ford\u00edtunk az \u00f6sszehangolt technol\u00f3giai felfog\u00e1sra \u00e9s megegyez\u00e9sre.[\/vc_column_text][vc_column_text]<\/p>\n<h2 class=\"h1\">K\u00e9zi szerel\u00e9s \u00e9s jav\u00edt\u00e1s<\/h2>\n<p>A v\u00e9gleges \u00f6sszeszerel\u00e9s sor\u00e1n fell\u00e9p\u0151 egyedi m\u0171veleteket k\u00e9zi vagy f\u00e9lautomata berendez\u00e9ssel v\u00e9gezz\u00fck, \u00fagy mint csavaroz\u00e1s, huzalforraszt\u00e1s, csomagol\u00e1s, tesztel\u00e9s stb. K\u00e9zi szerel\u00e9s sor\u00e1n rugalmasan \u00e9s k\u00f6rnyezetbar\u00e1t k\u00f6r\u00fclm\u00e9nyek k\u00f6z\u00f6tt gy\u00e1rtjuk magas min\u0151s\u00e9gben a nyomtatott \u00e1ramk\u00f6ri term\u00e9keket. Partnereinket t\u00e1mogatjuk a gy\u00e1rt\u00e1si folyamatban l\u00e9v\u0151 technol\u00f3gia maxim\u00e1lis kihaszn\u00e1l\u00e1s\u00e1ban, a k\u00f6lts\u00e9gvet\u00e9s optimaliz\u00e1l\u00e1s\u00e1ban \u00e9s a legmagasabb min\u0151s\u00e9g el\u00e9r\u00e9s\u00e9ben. A gy\u00e1rt\u00e1sk\u00f6zi ellen\u0151rz\u00e9seken t\u00fal minden term\u00e9k\u00fcnk eset\u00e9ben 100%-os vizu\u00e1lis v\u00e9gellen\u0151rz\u00e9st is v\u00e9gz\u00fcnk a magas min\u0151s\u00e9g \u00e9rdek\u00e9ben, ami\u00e9rt az IPC-A-610 vizsg\u00e1val rendelkez\u0151 szak\u00e9rt\u0151ink felelnek.[\/vc_column_text][vc_column_text]<\/p>\n<h2 class=\"h1\">BGA jav\u00edt\u00e1s<\/h2>\n<p>Az \u00f6sszetettebb, speci\u00e1lis SMD alkatr\u00e9szekkel (mint BGA vagy QFP) rendelkez\u0151 szerelv\u00e9nyek jav\u00edt\u00e1s\u00e1t v\u00e9gezz\u00fck rework \u00e1llom\u00e1ssal. Ez lehet\u0151v\u00e9 teszi, hogy a hib\u00e1s komponenseket c\u00e9lzottan lehessen elt\u00e1vol\u00edtani, illetve kicser\u00e9lni. V\u00e9gezz\u00fck QFP, QFN, BGA forraszt\u00e1s\u00e1t, gy\u00e1rt\u00f3sori selejt jav\u00edt\u00e1s\u00e1t, BGA cser\u00e9j\u00e9t, rework-\u00f6t. R\u00f6ntgen vizsg\u00e1latunknak k\u00f6sz\u00f6nhet\u0151en 100%-ban ellen\u0151rizz\u00fck jav\u00edt\u00e1sainkat, ESD rendszer\u00fcnkkel pedig \u00e9rz\u00e9keny alkatr\u00e9szekkel is dolgozhatunk.[\/vc_column_text][vc_column_text]<\/p>\n<h2 class=\"h1\">B\u00e9rgy\u00e1rt\u00e1s, r\u00e9sz&shy;folyamatok<\/h2>\n<p><strong>PCB mos\u00e1s:<br \/>\n<\/strong>DCT INJET f\u00e9lautomata berendez\u00e9ssel a k\u00e9zi vagy hull\u00e1mforraszt\u00e1s ut\u00e1n keletkez\u0151 flux maradv\u00e1nyokat \u00e9s egy\u00e9b szennyez\u0151d\u00e9seket sz\u00fcntetj\u00fck meg a PCB fel\u00fclet\u00e9r\u0151l, ez\u00e1ltal biztos\u00edtva a hosszantart\u00f3, magas min\u0151s\u00e9g\u0171 lakkoz\u00e1st.<\/p>\n<p><strong>Lakkoz\u00e1s:<\/strong><br \/>\nAkril \u00e9s szilikon alap\u00fa, t\u00f6bb elt\u00e9r\u0151 micron vastags\u00e1g\u00fa anyaggal dolgozunk, melyek felvitele a term\u00e9kekre megakad\u00e1lyozza a sz\u00e9ls\u0151s\u00e9ges haszn\u00e1lati k\u00f6r\u00fclm\u00e9nyekb\u0151l ad\u00f3d\u00f3 korr\u00f3zi\u00f3t, \u00e9s egy\u00e9b k\u00e9miai k\u00e1ros\u00edt\u00f3 folyamatokat.<\/p>\n<p><strong>Ragaszt\u00e1s, r\u00f6gz\u00edt\u00e9s:<\/strong><br \/>\nK\u00fcl\u00f6nb\u00f6z\u0151 m\u00e9ret\u0171 SMT (pl. csatlakoz\u00f3) \u00e9s TH (pl. nagy m\u00e9ret\u0171 kondenz\u00e1tor) alkatr\u00e9szeket l\u00e1tunk el extra fizikai r\u00f6gz\u00edt\u00e9ssel, mely tehermentes\u00edti az alkatr\u00e9szek forraszt\u00e1s\u00e1t a fizikai terhel\u00e9sek eset\u00e9n. Javasolt nagy alkatr\u00e9szekn\u00e9l, \u00e9s olyan term\u00e9kek eset\u00e9n, melyek nagy gyorsul\u00e1si er\u0151nek vannak kit\u00e9ve.[\/vc_column_text][\/vc_column][\/vc_row][vc_row][vc_column]<style type=\"text\/css\" data-type=\"the7_shortcodes-inline-css\">.shortcode-single-image-wrap.shortcode-single-image-601cf27d5027835c53980192ef9044d0.enable-bg-rollover .rollover i,\n.shortcode-single-image-wrap.shortcode-single-image-601cf27d5027835c53980192ef9044d0.enable-bg-rollover .rollover-video i {\n  background: -webkit-linear-gradient();\n  background: linear-gradient();\n}\n.shortcode-single-image-wrap.shortcode-single-image-601cf27d5027835c53980192ef9044d0 .rollover-icon {\n  font-size: 32px;\n  color: #ffffff;\n  min-width: 44px;\n  min-height: 44px;\n  line-height: 44px;\n  border-radius: 100px;\n  border-style: solid;\n  border-width: 0px;\n}\n.dt-icon-bg-on.shortcode-single-image-wrap.shortcode-single-image-601cf27d5027835c53980192ef9044d0 .rollover-icon {\n  background: rgba(255,255,255,0.3);\n  box-shadow: none;\n}\n<\/style><div class=\"shortcode-single-image-wrap shortcode-single-image-601cf27d5027835c53980192ef9044d0 alignnone  enable-bg-rollover dt-icon-bg-off\" style=\"margin-top:0px; margin-bottom:0px; margin-left:0px; margin-right:0px;\"><div class=\"shortcode-single-image hero-head\"><div class=\"fancy-media-wrap  layzr-bg\" style=\"\"><img class=\"preload-me lazy-load\" src=\"data:image\/svg+xml,%3Csvg%20xmlns%3D&#39;http%3A%2F%2Fwww.w3.org%2F2000%2Fsvg&#39;%20viewBox%3D&#39;0%200%202560%20736&#39;%2F%3E\" data-src=\"https:\/\/electrohug.com\/wp-content\/uploads\/2022\/08\/electrohug-smt-vizsgalat-03.png\" data-srcset=\"https:\/\/electrohug.com\/wp-content\/uploads\/2022\/08\/electrohug-smt-vizsgalat-03.png 2560w\" width=\"2560\" height=\"736\"  data-dt-location=\"https:\/\/electrohug.com\/hu\/gyartas\/electrohug-smt-vizsgalat-03-2\/\" style=\"\" alt=\"\" \/><\/div><\/div><\/div>[\/vc_column][\/vc_row][vc_row][vc_column width=&#8221;5\/6&#8243; offset=&#8221;vc_col-sm-offset-1&#8243;][vc_column_text]<\/p>\n<h2 class=\"h1\">Vizsg\u00e1latok<\/h2>\n<h3>Optikai vizsg\u00e1lat<\/h3>\n<p>K\u00fcls\u0151 gy\u00e1rt\u00e1sb\u00f3l sz\u00e1rmaz\u00f3 term\u00e9kek 100%-os optikai vizsg\u00e1lat\u00e1t is v\u00e9gezz\u00fck, automata optikai ellen\u0151rz\u0151 g\u00e9peinkkel pedig teljesen automatiz\u00e1lt keretek k\u00f6z\u00f6tt v\u00e9gezz\u00fck magazinb\u00f3l kit\u00e1razva, a vizsg\u00e1lat ut\u00e1n magazinba bet\u00e1razva automata ellen\u0151rz\u00e9st konkr\u00e9t hibak\u00e9pre vagy ak\u00e1r teljes term\u00e9kre vonatkoz\u00f3an.<\/p>\n<h3>R\u00f6ntgen vizsg\u00e1lat X-RAY<\/h3>\n<p>Viscom X7056RS &#8211; Nagy teljes\u00edtm\u00e9ny\u0171 vizsg\u00e1l\u00f3 rendszer, amely egyszerre k\u00e9pes automatikus optikai (AOI) \u00e9s automatikus r\u00f6ntgen (AXI) vizsg\u00e1latra. Ennek eredm\u00e9nyek\u00e9nt m\u00e9g a rejtett forraszt\u00e1si pontok (pl. BGA) hib\u00e1i is megb\u00edzhat\u00f3an detekt\u00e1lhat\u00f3ak.<br \/>\nA berendez\u00e9s megb\u00edzhat\u00f3 \u00e9s gyors in-line ellen\u0151rz\u00e9st biztos\u00edt a g\u00e9phez tartoz\u00f3 transzport seg\u00edts\u00e9g\u00e9vel.<\/p>\n<p>Gy\u00e1rt\u00f3sorunkon az X7056RS g\u00e9p el\u0151tti bead\u00f3 transzport DMC\/QR k\u00f3d olvas\u00f3val van felszerelve, \u00edgy a vizsg\u00e1lt term\u00e9kek azonos\u00edt\u00e1sa biztos\u00edtott. A berendez\u00e9s ut\u00e1ni munka\u00e1llom\u00e1son a DMC\/QR k\u00f3d beolvas\u00e1sa ut\u00e1n megjelenik a term\u00e9k hibak\u00e9pe a monitoron. A PCB-k egyedi azonos\u00edt\u00e1s\u00e1nak k\u00f6sz\u00f6nhet\u0151en minden vizsg\u00e1lt term\u00e9k eredm\u00e9nye visszakereshet\u0151 (VPC).<\/p>\n<p>Az X7056 rendszer teljesen modul\u00e1ris, \u00edgy haszn\u00e1lhat\u00f3 kombin\u00e1lt rendszerk\u00e9nt (AOXI) vagy r\u00f6ntgen ellen\u0151rz\u0151 berendez\u00e9sk\u00e9nt (AXI).<\/p>\n<p><strong>Laborat\u00f3riumi vizsg\u00e1latok gy\u00e1rt\u00e1si probl\u00e9m\u00e1k felt\u00e1r\u00e1s\u00e1ra:<\/strong><\/p>\n<ul>\n<li>Ellen\u00e1ll\u00e1sok s\u00edrk\u00f6vesed\u00e9se<\/li>\n<li>QFP forraszt\u00e1si hib\u00e1k<\/li>\n<li>PAD nedves\u00edt\u00e9si hib\u00e1k<\/li>\n<li>BGA hiba stb.<\/li>\n<\/ul>\n<p><strong>Hiba analiz\u00e1l\u00e1si m\u00f3dszerek:<\/strong><\/p>\n<ul>\n<li>Optikai mikroszk\u00f3p<\/li>\n<li>X-RAY mikroszk\u00f3p<\/li>\n<li>Keresztcsiszolat &#8211; A keresztmetszet c\u00e9lja egy minim\u00e1lis fel\u00fcleti \u00e9rdess\u00e9g\u0171 s\u00edk szakasz l\u00e9trehoz\u00e1sa a minta bels\u0151 szerkezet\u00e9nek felt\u00e1r\u00e1sa \u00e9rdek\u00e9ben.<\/li>\n<li>Ny\u00edr\u00e1svizsg\u00e1lat \u2013 BGA goly\u00f3k ny\u00edr\u00f3szil\u00e1rds\u00e1ga<\/li>\n<li>BGA fest\u00e9s vizsg\u00e1lat &#8211; Egy speci\u00e1lis sz\u00ednez\u0151 folyad\u00e9k felhaszn\u00e1l\u00e1s\u00e1val v\u00e9gzett vizsg\u00e1lat, amely behatol a BGA g\u00f6mb\u00f6k megl\u00e9v\u0151 reped\u00e9seibe.<\/li>\n<li>Elektormikroszk\u00f3p &#8211; lehet\u0151v\u00e9 teszi a minta felsz\u00edn\u00e9nek nagym\u00e9rt\u00e9k\u0171, sz\u00fcrke\u00e1rnyalatos mikro-gr\u00e1fjainak felv\u00e9tel\u00e9t ak\u00e1r 100.000x nagy\u00edt\u00e1ssal.<\/li>\n<\/ul>\n<p>[\/vc_column_text][\/vc_column][\/vc_row]<\/p>\n","protected":false},"excerpt":{"rendered":"<p>[vc_row][vc_column][\/vc_column][\/vc_row][vc_row css=&#8221;.vc_custom_1657616555393{margin-bottom: 80px !important;}&#8221;][vc_column width=&#8221;5\/6&#8243; offset=&#8221;vc_col-sm-offset-1&#8243;][vc_column_text] SMT gy\u00e1rt\u00e1s A nagysz\u00e1m\u00fa sorozatgy\u00e1rt\u00e1st\u00f3l az ak\u00e1r minim\u00e1lis darabsz\u00e1m\u00fa mintadarabgy\u00e1rt\u00e1sig t\u00f6rt\u00e9n\u0151 kivitelez\u00e9s. Az SMT gy\u00e1rt\u00e1s sor\u00e1n szakembereink a komplex term\u00e9kel\u0151\u00e1ll\u00edt\u00e1sban is alkalmazott tapasztalat alapj\u00e1n \u00e9p\u00edtik fel, menedzselik a gy\u00e1rt\u00e1si folyamatot, biztos\u00edtva ezzel az elv\u00e1r\u00e1soknak megfelel\u0151 sz\u00e1ll\u00edt\u00e1st. SMT gy\u00e1rt\u00f3sorunk teljesen automatiz\u00e1lt, \u00edgy az alkatr\u00e9szs\u00e9r\u00fcl\u00e9sek teljes elker\u00fcl\u00e9se garant\u00e1lt. Magas szint\u0171 ESD&hellip;<\/p>\n","protected":false},"author":1,"featured_media":0,"parent":0,"menu_order":0,"comment_status":"closed","ping_status":"closed","template":"","meta":{"inline_featured_image":false},"yoast_head":"<!-- This site is optimized with the Yoast SEO plugin v19.10 - https:\/\/yoast.com\/wordpress\/plugins\/seo\/ -->\n<title>Gy\u00e1rt\u00e1s - Electrohug-<\/title>\n<meta name=\"robots\" content=\"index, follow, max-snippet:-1, max-image-preview:large, max-video-preview:-1\" \/>\n<link rel=\"canonical\" href=\"https:\/\/electrohug.com\/hu\/gyartas\/\" \/>\n<meta property=\"og:locale\" content=\"hu_HU\" \/>\n<meta property=\"og:type\" content=\"article\" \/>\n<meta property=\"og:title\" content=\"Gy\u00e1rt\u00e1s - Electrohug-\" \/>\n<meta property=\"og:description\" content=\"[vc_row][vc_column][\/vc_column][\/vc_row][vc_row css=&#8221;.vc_custom_1657616555393{margin-bottom: 80px !important;}&#8221;][vc_column width=&#8221;5\/6&#8243; offset=&#8221;vc_col-sm-offset-1&#8243;][vc_column_text] SMT gy\u00e1rt\u00e1s A nagysz\u00e1m\u00fa sorozatgy\u00e1rt\u00e1st\u00f3l az ak\u00e1r minim\u00e1lis darabsz\u00e1m\u00fa mintadarabgy\u00e1rt\u00e1sig t\u00f6rt\u00e9n\u0151 kivitelez\u00e9s. Az SMT gy\u00e1rt\u00e1s sor\u00e1n szakembereink a komplex term\u00e9kel\u0151\u00e1ll\u00edt\u00e1sban is alkalmazott tapasztalat alapj\u00e1n \u00e9p\u00edtik fel, menedzselik a gy\u00e1rt\u00e1si folyamatot, biztos\u00edtva ezzel az elv\u00e1r\u00e1soknak megfelel\u0151 sz\u00e1ll\u00edt\u00e1st. SMT gy\u00e1rt\u00f3sorunk teljesen automatiz\u00e1lt, \u00edgy az alkatr\u00e9szs\u00e9r\u00fcl\u00e9sek teljes elker\u00fcl\u00e9se garant\u00e1lt. Magas szint\u0171 ESD&hellip;\" \/>\n<meta property=\"og:url\" content=\"https:\/\/electrohug.com\/hu\/gyartas\/\" \/>\n<meta property=\"og:site_name\" content=\"Electrohug-\" \/>\n<meta property=\"article:modified_time\" content=\"2022-10-11T09:51:29+00:00\" \/>\n<meta name=\"twitter:card\" content=\"summary_large_image\" \/>\n<meta name=\"twitter:label1\" content=\"Becs\u00fclt olvas\u00e1si id\u0151\" \/>\n\t<meta name=\"twitter:data1\" content=\"7 perc\" \/>\n<script type=\"application\/ld+json\" class=\"yoast-schema-graph\">{\"@context\":\"https:\/\/schema.org\",\"@graph\":[{\"@type\":\"WebPage\",\"@id\":\"https:\/\/electrohug.com\/hu\/gyartas\/\",\"url\":\"https:\/\/electrohug.com\/hu\/gyartas\/\",\"name\":\"Gy\u00e1rt\u00e1s - Electrohug-\",\"isPartOf\":{\"@id\":\"https:\/\/electrohug.com\/#website\"},\"datePublished\":\"2022-05-25T09:36:09+00:00\",\"dateModified\":\"2022-10-11T09:51:29+00:00\",\"breadcrumb\":{\"@id\":\"https:\/\/electrohug.com\/hu\/gyartas\/#breadcrumb\"},\"inLanguage\":\"hu\",\"potentialAction\":[{\"@type\":\"ReadAction\",\"target\":[\"https:\/\/electrohug.com\/hu\/gyartas\/\"]}]},{\"@type\":\"BreadcrumbList\",\"@id\":\"https:\/\/electrohug.com\/hu\/gyartas\/#breadcrumb\",\"itemListElement\":[{\"@type\":\"ListItem\",\"position\":1,\"name\":\"Home\",\"item\":\"https:\/\/electrohug.com\/hu\/\"},{\"@type\":\"ListItem\",\"position\":2,\"name\":\"Gy\u00e1rt\u00e1s\"}]},{\"@type\":\"WebSite\",\"@id\":\"https:\/\/electrohug.com\/#website\",\"url\":\"https:\/\/electrohug.com\/\",\"name\":\"Electrohug-\",\"description\":\"\",\"potentialAction\":[{\"@type\":\"SearchAction\",\"target\":{\"@type\":\"EntryPoint\",\"urlTemplate\":\"https:\/\/electrohug.com\/?s={search_term_string}\"},\"query-input\":\"required name=search_term_string\"}],\"inLanguage\":\"hu\"}]}<\/script>\n<!-- \/ Yoast SEO plugin. -->","yoast_head_json":{"title":"Gy\u00e1rt\u00e1s - Electrohug-","robots":{"index":"index","follow":"follow","max-snippet":"max-snippet:-1","max-image-preview":"max-image-preview:large","max-video-preview":"max-video-preview:-1"},"canonical":"https:\/\/electrohug.com\/hu\/gyartas\/","og_locale":"hu_HU","og_type":"article","og_title":"Gy\u00e1rt\u00e1s - Electrohug-","og_description":"[vc_row][vc_column][\/vc_column][\/vc_row][vc_row css=&#8221;.vc_custom_1657616555393{margin-bottom: 80px !important;}&#8221;][vc_column width=&#8221;5\/6&#8243; offset=&#8221;vc_col-sm-offset-1&#8243;][vc_column_text] SMT gy\u00e1rt\u00e1s A nagysz\u00e1m\u00fa sorozatgy\u00e1rt\u00e1st\u00f3l az ak\u00e1r minim\u00e1lis darabsz\u00e1m\u00fa mintadarabgy\u00e1rt\u00e1sig t\u00f6rt\u00e9n\u0151 kivitelez\u00e9s. Az SMT gy\u00e1rt\u00e1s sor\u00e1n szakembereink a komplex term\u00e9kel\u0151\u00e1ll\u00edt\u00e1sban is alkalmazott tapasztalat alapj\u00e1n \u00e9p\u00edtik fel, menedzselik a gy\u00e1rt\u00e1si folyamatot, biztos\u00edtva ezzel az elv\u00e1r\u00e1soknak megfelel\u0151 sz\u00e1ll\u00edt\u00e1st. SMT gy\u00e1rt\u00f3sorunk teljesen automatiz\u00e1lt, \u00edgy az alkatr\u00e9szs\u00e9r\u00fcl\u00e9sek teljes elker\u00fcl\u00e9se garant\u00e1lt. Magas szint\u0171 ESD&hellip;","og_url":"https:\/\/electrohug.com\/hu\/gyartas\/","og_site_name":"Electrohug-","article_modified_time":"2022-10-11T09:51:29+00:00","twitter_card":"summary_large_image","twitter_misc":{"Becs\u00fclt olvas\u00e1si id\u0151":"7 perc"},"schema":{"@context":"https:\/\/schema.org","@graph":[{"@type":"WebPage","@id":"https:\/\/electrohug.com\/hu\/gyartas\/","url":"https:\/\/electrohug.com\/hu\/gyartas\/","name":"Gy\u00e1rt\u00e1s - Electrohug-","isPartOf":{"@id":"https:\/\/electrohug.com\/#website"},"datePublished":"2022-05-25T09:36:09+00:00","dateModified":"2022-10-11T09:51:29+00:00","breadcrumb":{"@id":"https:\/\/electrohug.com\/hu\/gyartas\/#breadcrumb"},"inLanguage":"hu","potentialAction":[{"@type":"ReadAction","target":["https:\/\/electrohug.com\/hu\/gyartas\/"]}]},{"@type":"BreadcrumbList","@id":"https:\/\/electrohug.com\/hu\/gyartas\/#breadcrumb","itemListElement":[{"@type":"ListItem","position":1,"name":"Home","item":"https:\/\/electrohug.com\/hu\/"},{"@type":"ListItem","position":2,"name":"Gy\u00e1rt\u00e1s"}]},{"@type":"WebSite","@id":"https:\/\/electrohug.com\/#website","url":"https:\/\/electrohug.com\/","name":"Electrohug-","description":"","potentialAction":[{"@type":"SearchAction","target":{"@type":"EntryPoint","urlTemplate":"https:\/\/electrohug.com\/?s={search_term_string}"},"query-input":"required name=search_term_string"}],"inLanguage":"hu"}]}},"_links":{"self":[{"href":"https:\/\/electrohug.com\/hu\/wp-json\/wp\/v2\/pages\/246"}],"collection":[{"href":"https:\/\/electrohug.com\/hu\/wp-json\/wp\/v2\/pages"}],"about":[{"href":"https:\/\/electrohug.com\/hu\/wp-json\/wp\/v2\/types\/page"}],"author":[{"embeddable":true,"href":"https:\/\/electrohug.com\/hu\/wp-json\/wp\/v2\/users\/1"}],"replies":[{"embeddable":true,"href":"https:\/\/electrohug.com\/hu\/wp-json\/wp\/v2\/comments?post=246"}],"version-history":[{"count":7,"href":"https:\/\/electrohug.com\/hu\/wp-json\/wp\/v2\/pages\/246\/revisions"}],"predecessor-version":[{"id":517,"href":"https:\/\/electrohug.com\/hu\/wp-json\/wp\/v2\/pages\/246\/revisions\/517"}],"wp:attachment":[{"href":"https:\/\/electrohug.com\/hu\/wp-json\/wp\/v2\/media?parent=246"}],"curies":[{"name":"wp","href":"https:\/\/api.w.org\/{rel}","templated":true}]}}