{"id":244,"date":"2022-05-25T09:31:23","date_gmt":"2022-05-25T09:31:23","guid":{"rendered":"http:\/\/dev-electrohugcom.srv1.clbr.hu\/fooldal\/"},"modified":"2022-08-24T13:15:15","modified_gmt":"2022-08-24T13:15:15","slug":"fooldal","status":"publish","type":"page","link":"https:\/\/electrohug.com\/hu\/","title":{"rendered":"F\u0151oldal"},"content":{"rendered":"<p>[vc_row full_height=&#8221;yes&#8221; columns_placement=&#8221;stretch&#8221;][vc_column width=&#8221;2\/3&#8243; offset=&#8221;vc_col-sm-offset-2&#8243; el_class=&#8221;home-intro&#8221;]<style type=\"text\/css\" data-type=\"the7_shortcodes-inline-css\">.shortcode-single-image-wrap.shortcode-single-image-237ed10499855d87b9f5f1ea1512cccf.enable-bg-rollover .rollover i,\n.shortcode-single-image-wrap.shortcode-single-image-237ed10499855d87b9f5f1ea1512cccf.enable-bg-rollover .rollover-video i {\n  background: -webkit-linear-gradient();\n  background: linear-gradient();\n}\n.shortcode-single-image-wrap.shortcode-single-image-237ed10499855d87b9f5f1ea1512cccf .rollover-icon {\n  font-size: 32px;\n  color: #ffffff;\n  min-width: 44px;\n  min-height: 44px;\n  line-height: 44px;\n  border-radius: 100px;\n  border-style: solid;\n  border-width: 0px;\n}\n.dt-icon-bg-on.shortcode-single-image-wrap.shortcode-single-image-237ed10499855d87b9f5f1ea1512cccf .rollover-icon {\n  background: rgba(255,255,255,0.3);\n  box-shadow: none;\n}\n<\/style><div class=\"shortcode-single-image-wrap shortcode-single-image-237ed10499855d87b9f5f1ea1512cccf alignnone fadeInDownBig animate-element  vc_custom_1657275699822 enable-bg-rollover dt-icon-bg-off\" ><div class=\"shortcode-single-image\"><div class=\"fancy-media-wrap  layzr-bg\" style=\"\"><img class=\"preload-me lazy-load\" src=\"data:image\/svg+xml,%3Csvg%20xmlns%3D&#39;http%3A%2F%2Fwww.w3.org%2F2000%2Fsvg&#39;%20viewBox%3D&#39;0%200%201200%20327&#39;%2F%3E\" data-src=\"https:\/\/electrohug.com\/wp-content\/uploads\/2022\/07\/welcome-electrohug.svg\" data-srcset=\"https:\/\/electrohug.com\/wp-content\/uploads\/2022\/07\/welcome-electrohug.svg 1200w\" width=\"1200\" height=\"327\"  data-dt-location=\"https:\/\/electrohug.com\/hu\/home\/welcome-electrohug\/\" style=\"\" alt=\"\" \/><\/div><\/div><\/div>[vc_raw_html]JTNDZGl2JTIwY2xhc3MlM0QlMjJleGFtcGxlJTIyJTNFJTBBJTIwJTIwJTIwJTIwQXolMjBFTEVDVFJPSFVHJTIwYSUyMG5lbXpldGslQzMlQjZ6aSUyMEVNUyUyMHBpYWMlMjBlbHMlQzUlOTElMjBvbHlhbiUyMHN6ZXJlcGwlQzUlOTFqZSUyQyUyMG1lbHklMjBhJTIwaGFneW9tJUMzJUExbnlvcyUyMG1lZ29sZCVDMyVBMXNva29uJTBBdCVDMyVCQWxtZW4lQzUlOTFlbiUyMGtvbXBsZXglMjB0ZXJtJUMzJUE5a2VsJUM1JTkxJUMzJUExbGwlQzMlQUR0JUMzJUExc2klMjBtZWdvbGQlQzMlQTFzb2thdCUyMG55JUMzJUJBanQlMjBwYXJ0bmVyZWklMjByJUMzJUE5c3olQzMlQTlyZS4lMjBBeiUyMEVMRUNUUk9IVUclMjBheiUyMGVnJUMzJUE5c3olMEFraXZpdGVsZXolQzMlQTlzaSUyMGZvbHlhbWF0b3QlMjAlQzMlQTF0JUMzJUI2bGVsaSUyQyUyMHZhZ3klMjBlZ3klMjBhZG90dCUyMHIlQzMlQTlzemZvbHlhbWF0b3QlMjBrJUMzJUE5cGVzJTIwbWVnb2xkYW5pJTJDJTIwZXolMjBhJTIwbWVncmVuZGVsJUM1JTkxJTIwaWclQzMlQTlueWVpdCVDNSU5MWwlMjBmJUMzJUJDZ2cuJTBBQXolMjBFTEVDVFJPSFVHJTIwZm9udG9zJTIwcGlhY2klMjBlbCVDNSU5MW55ZSUyQyUyMGhvZ3klMjBzemFrZW1iZXJlaSUyMHQlQzMlQjZiYiUyMG1pbnQlMjBlZ3klMjAlQzMlQTl2dGl6ZWRlcyUyMEVNUyUyMHRhcGFzenRhbGF0dGFsJTIwcmVuZGVsa2V6bmVrJTBBYXolMjBhdXQlQzMlQjNpcGFyJTJDJTIwYXolMjBvcnZvcyUyMHRlY2hub2wlQzMlQjNnaWElMkMlMjBzbWFydCUyMHZleiVDMyVBOXJsJUMzJUE5cyUyQyUyMHRlbGVrb21tdW5payVDMyVBMWNpJUMzJUIzJTJDJTIwaXBhcmklMjBhdXRvbWF0aXolQzMlQTFsJUMzJUExcyUyQyUyMHJvYm90aXolQzMlQTFsJUMzJUExcyUyQyUyMGluZm9ybWF0aWthaSUwQWVzemslQzMlQjZ6JUMzJUI2ayUyQyUyMGVuZXJnZXRpa2ElMjB0ZXIlQzMlQkNsZXQlQzMlQTluLiUyMEElMjBzemFrbWFpJTIwY3NhcGF0JTIwa29tcGxleCUyMHRlcm0lQzMlQTlrbWVuZWR6c21lbnQlMjB0JUMzJUExbW9nYXQlQzMlQTFzdCUyMGJpenRvcyVDMyVBRHRvdHQlMjB0JUMzJUI2YmIlMEFtaW50JTIwMzAlMjBrb21wbGV4JTIwdGVybSVDMyVBOWtmb2x5YW1hdCUyMGZlbCVDMyVBOXAlQzMlQUR0JUMzJUE5cyVDMyVBOWhleiUyMCVDMyVBOXMlMjBraXZpdGVsZXolQzMlQTlzJUMzJUE5aGV6LiUyMEElMjBrb21wbGV4JTIwbWVnb2xkJUMzJUExc29rJTIwc29yJUMzJUExbiUyMGElMjB0ZXJtJUMzJUE5ayUwQW1lZ3RlcnZleiVDMyVBOXMlQzMlQTl0JTIwayVDMyVCNnZldCVDNSU5MSUyMGtpdml0ZWxleiVDMyVBOXNpJTIwdGFuJUMzJUExY3NhZCVDMyVBMXN0JUMzJUIzbCUyMGVnJUMzJUE5c3plbiUyMGElMjB0ZXJtJUMzJUE5ayUyMGtvbmtyJUMzJUE5dCUyMGxlZ3klQzMlQTFydCVDMyVBMXMlQzMlQTFpZyUyMGJpenRvcyVDMyVBRHR1bmslMjBtZWdvbGQlQzMlQTFzb2thdC4lMjAlMEElM0MlMkZkaXYlM0U=[\/vc_raw_html][vc_raw_js]JTNDc2NyaXB0JTNFJTBBdmFyJTIwJTI0ZWwlMjAlM0QlMjBqUXVlcnklMjglMjIuZXhhbXBsZSUzQWZpcnN0JTIyJTI5JTJDJTIwdGV4dCUyMCUzRCUyMGpRdWVyeS50cmltJTI4JTI0ZWwudGV4dCUyOCUyOSUyOSUyQyUwQSUyMCUyMCUyMCUyMHdvcmRzJTIwJTNEJTIwdGV4dC5zcGxpdCUyOCUyMiUyMCUyMiUyOSUyQyUyMGh0bWwlMjAlM0QlMjAlMjIlMjIlM0IlMEElMEFmb3IlMjAlMjh2YXIlMjBpJTIwJTNEJTIwMCUzQiUyMGklMjAlM0MlMjB3b3Jkcy5sZW5ndGglM0IlMjBpJTJCJTJCJTI5JTIwJTdCJTBBJTIwJTIwJTIwJTIwaHRtbCUyMCUyQiUzRCUyMCUyMiUzQ3NwYW4lM0UlMjIlMjAlMkIlMjB3b3JkcyU1QmklNUQlMjAlMkIlMjAlMjglMjhpJTJCMSUyOSUyMCUzRCUzRCUzRCUyMHdvcmRzLmxlbmd0aCUyMCUzRiUyMCUyMiUyMiUyMCUzQSUyMCUyMiUyMCUyMiUyOSUyMCUyQiUyMCUyMiUzQyUyRnNwYW4lM0UlMjIlM0IlMEElN0QlM0IlMEElMjRlbC5odG1sJTI4aHRtbCUyOS5jaGlsZHJlbiUyOCUyOS5oaWRlJTI4JTI5LmVhY2glMjhmdW5jdGlvbiUyOGklMjklN0IlMEElMjAlMjBqUXVlcnklMjh0aGlzJTI5LmRlbGF5JTI4aSUyQTUwJTI5LmZhZGVJbiUyODcwMCUyOSUzQiUwQSU3RCUyOSUzQiUwQSUyNGVsLmZpbmQlMjglMjJzcGFuJTIyJTI5LnByb21pc2UlMjglMjkuZG9uZSUyOGZ1bmN0aW9uJTI4JTI5JTdCJTBBJTIwJTIwJTIwJTIwJTI0ZWwudGV4dCUyOGZ1bmN0aW9uJTI4aSUyQyUyMHRleHQlMjklN0IlMEElMjAlMjAlMjAlMjAlMjAlMjAlMjByZXR1cm4lMjBqUXVlcnkudHJpbSUyOHRleHQlMjklM0IlMEElMjAlMjAlMjAlMjAlN0QlMjklM0IlMjAlMjAlMjAlMjAlMjAlMjAlMjAlMjAlMjAlMjAlMjAlMjAlMEElN0QlMjklM0IlMEElMEElM0MlMkZzY3JpcHQlM0U=[\/vc_raw_js][\/vc_column][\/vc_row]<\/p>\n","protected":false},"excerpt":{"rendered":"<p>[vc_row full_height=&#8221;yes&#8221; columns_placement=&#8221;stretch&#8221;][vc_column width=&#8221;2\/3&#8243; offset=&#8221;vc_col-sm-offset-2&#8243; el_class=&#8221;home-intro&#8221;][vc_raw_html]JTNDZGl2JTIwY2xhc3MlM0QlMjJleGFtcGxlJTIyJTNFJTBBJTIwJTIwJTIwJTIwQXolMjBFTEVDVFJPSFVHJTIwYSUyMG5lbXpldGslQzMlQjZ6aSUyMEVNUyUyMHBpYWMlMjBlbHMlQzUlOTElMjBvbHlhbiUyMHN6ZXJlcGwlQzUlOTFqZSUyQyUyMG1lbHklMjBhJTIwaGFneW9tJUMzJUExbnlvcyUyMG1lZ29sZCVDMyVBMXNva29uJTBBdCVDMyVCQWxtZW4lQzUlOTFlbiUyMGtvbXBsZXglMjB0ZXJtJUMzJUE5a2VsJUM1JTkxJUMzJUExbGwlQzMlQUR0JUMzJUExc2klMjBtZWdvbGQlQzMlQTFzb2thdCUyMG55JUMzJUJBanQlMjBwYXJ0bmVyZWklMjByJUMzJUE5c3olQzMlQTlyZS4lMjBBeiUyMEVMRUNUUk9IVUclMjBheiUyMGVnJUMzJUE5c3olMEFraXZpdGVsZXolQzMlQTlzaSUyMGZvbHlhbWF0b3QlMjAlQzMlQTF0JUMzJUI2bGVsaSUyQyUyMHZhZ3klMjBlZ3klMjBhZG90dCUyMHIlQzMlQTlzemZvbHlhbWF0b3QlMjBrJUMzJUE5cGVzJTIwbWVnb2xkYW5pJTJDJTIwZXolMjBhJTIwbWVncmVuZGVsJUM1JTkxJTIwaWclQzMlQTlueWVpdCVDNSU5MWwlMjBmJUMzJUJDZ2cuJTBBQXolMjBFTEVDVFJPSFVHJTIwZm9udG9zJTIwcGlhY2klMjBlbCVDNSU5MW55ZSUyQyUyMGhvZ3klMjBzemFrZW1iZXJlaSUyMHQlQzMlQjZiYiUyMG1pbnQlMjBlZ3klMjAlQzMlQTl2dGl6ZWRlcyUyMEVNUyUyMHRhcGFzenRhbGF0dGFsJTIwcmVuZGVsa2V6bmVrJTBBYXolMjBhdXQlQzMlQjNpcGFyJTJDJTIwYXolMjBvcnZvcyUyMHRlY2hub2wlQzMlQjNnaWElMkMlMjBzbWFydCUyMHZleiVDMyVBOXJsJUMzJUE5cyUyQyUyMHRlbGVrb21tdW5payVDMyVBMWNpJUMzJUIzJTJDJTIwaXBhcmklMjBhdXRvbWF0aXolQzMlQTFsJUMzJUExcyUyQyUyMHJvYm90aXolQzMlQTFsJUMzJUExcyUyQyUyMGluZm9ybWF0aWthaSUwQWVzemslQzMlQjZ6JUMzJUI2ayUyQyUyMGVuZXJnZXRpa2ElMjB0ZXIlQzMlQkNsZXQlQzMlQTluLiUyMEElMjBzemFrbWFpJTIwY3NhcGF0JTIwa29tcGxleCUyMHRlcm0lQzMlQTlrbWVuZWR6c21lbnQlMjB0JUMzJUExbW9nYXQlQzMlQTFzdCUyMGJpenRvcyVDMyVBRHRvdHQlMjB0JUMzJUI2YmIlMEFtaW50JTIwMzAlMjBrb21wbGV4JTIwdGVybSVDMyVBOWtmb2x5YW1hdCUyMGZlbCVDMyVBOXAlQzMlQUR0JUMzJUE5cyVDMyVBOWhleiUyMCVDMyVBOXMlMjBraXZpdGVsZXolQzMlQTlzJUMzJUE5aGV6LiUyMEElMjBrb21wbGV4JTIwbWVnb2xkJUMzJUExc29rJTIwc29yJUMzJUExbiUyMGElMjB0ZXJtJUMzJUE5ayUwQW1lZ3RlcnZleiVDMyVBOXMlQzMlQTl0JTIwayVDMyVCNnZldCVDNSU5MSUyMGtpdml0ZWxleiVDMyVBOXNpJTIwdGFuJUMzJUExY3NhZCVDMyVBMXN0JUMzJUIzbCUyMGVnJUMzJUE5c3plbiUyMGElMjB0ZXJtJUMzJUE5ayUyMGtvbmtyJUMzJUE5dCUyMGxlZ3klQzMlQTFydCVDMyVBMXMlQzMlQTFpZyUyMGJpenRvcyVDMyVBRHR1bmslMjBtZWdvbGQlQzMlQTFzb2thdC4lMjAlMEElM0MlMkZkaXYlM0U=[\/vc_raw_html][vc_raw_js]JTNDc2NyaXB0JTNFJTBBdmFyJTIwJTI0ZWwlMjAlM0QlMjBqUXVlcnklMjglMjIuZXhhbXBsZSUzQWZpcnN0JTIyJTI5JTJDJTIwdGV4dCUyMCUzRCUyMGpRdWVyeS50cmltJTI4JTI0ZWwudGV4dCUyOCUyOSUyOSUyQyUwQSUyMCUyMCUyMCUyMHdvcmRzJTIwJTNEJTIwdGV4dC5zcGxpdCUyOCUyMiUyMCUyMiUyOSUyQyUyMGh0bWwlMjAlM0QlMjAlMjIlMjIlM0IlMEElMEFmb3IlMjAlMjh2YXIlMjBpJTIwJTNEJTIwMCUzQiUyMGklMjAlM0MlMjB3b3Jkcy5sZW5ndGglM0IlMjBpJTJCJTJCJTI5JTIwJTdCJTBBJTIwJTIwJTIwJTIwaHRtbCUyMCUyQiUzRCUyMCUyMiUzQ3NwYW4lM0UlMjIlMjAlMkIlMjB3b3JkcyU1QmklNUQlMjAlMkIlMjAlMjglMjhpJTJCMSUyOSUyMCUzRCUzRCUzRCUyMHdvcmRzLmxlbmd0aCUyMCUzRiUyMCUyMiUyMiUyMCUzQSUyMCUyMiUyMCUyMiUyOSUyMCUyQiUyMCUyMiUzQyUyRnNwYW4lM0UlMjIlM0IlMEElN0QlM0IlMEElMjRlbC5odG1sJTI4aHRtbCUyOS5jaGlsZHJlbiUyOCUyOS5oaWRlJTI4JTI5LmVhY2glMjhmdW5jdGlvbiUyOGklMjklN0IlMEElMjAlMjBqUXVlcnklMjh0aGlzJTI5LmRlbGF5JTI4aSUyQTUwJTI5LmZhZGVJbiUyODcwMCUyOSUzQiUwQSU3RCUyOSUzQiUwQSUyNGVsLmZpbmQlMjglMjJzcGFuJTIyJTI5LnByb21pc2UlMjglMjkuZG9uZSUyOGZ1bmN0aW9uJTI4JTI5JTdCJTBBJTIwJTIwJTIwJTIwJTI0ZWwudGV4dCUyOGZ1bmN0aW9uJTI4aSUyQyUyMHRleHQlMjklN0IlMEElMjAlMjAlMjAlMjAlMjAlMjAlMjByZXR1cm4lMjBqUXVlcnkudHJpbSUyOHRleHQlMjklM0IlMEElMjAlMjAlMjAlMjAlN0QlMjklM0IlMjAlMjAlMjAlMjAlMjAlMjAlMjAlMjAlMjAlMjAlMjAlMjAlMEElN0QlMjklM0IlMEElMEElM0MlMkZzY3JpcHQlM0U=[\/vc_raw_js][\/vc_column][\/vc_row]<\/p>\n","protected":false},"author":1,"featured_media":0,"parent":0,"menu_order":0,"comment_status":"closed","ping_status":"closed","template":"","meta":{"inline_featured_image":false},"yoast_head":"<!-- This site is optimized with the Yoast SEO plugin v19.10 - https:\/\/yoast.com\/wordpress\/plugins\/seo\/ -->\n<title>F\u0151oldal - Electrohug-<\/title>\n<meta name=\"robots\" content=\"index, follow, max-snippet:-1, max-image-preview:large, max-video-preview:-1\" \/>\n<link rel=\"canonical\" href=\"https:\/\/electrohug.com\/hu\/\" \/>\n<meta property=\"og:locale\" content=\"hu_HU\" \/>\n<meta property=\"og:type\" content=\"article\" \/>\n<meta property=\"og:title\" content=\"F\u0151oldal - Electrohug-\" \/>\n<meta property=\"og:description\" content=\"[vc_row full_height=&#8221;yes&#8221; columns_placement=&#8221;stretch&#8221;][vc_column width=&#8221;2\/3&#8243; offset=&#8221;vc_col-sm-offset-2&#8243; el_class=&#8221;home-intro&#8221;][vc_raw_html]JTNDZGl2JTIwY2xhc3MlM0QlMjJleGFtcGxlJTIyJTNFJTBBJTIwJTIwJTIwJTIwQXolMjBFTEVDVFJPSFVHJTIwYSUyMG5lbXpldGslQzMlQjZ6aSUyMEVNUyUyMHBpYWMlMjBlbHMlQzUlOTElMjBvbHlhbiUyMHN6ZXJlcGwlQzUlOTFqZSUyQyUyMG1lbHklMjBhJTIwaGFneW9tJUMzJUExbnlvcyUyMG1lZ29sZCVDMyVBMXNva29uJTBBdCVDMyVCQWxtZW4lQzUlOTFlbiUyMGtvbXBsZXglMjB0ZXJtJUMzJUE5a2VsJUM1JTkxJUMzJUExbGwlQzMlQUR0JUMzJUExc2klMjBtZWdvbGQlQzMlQTFzb2thdCUyMG55JUMzJUJBanQlMjBwYXJ0bmVyZWklMjByJUMzJUE5c3olQzMlQTlyZS4lMjBBeiUyMEVMRUNUUk9IVUclMjBheiUyMGVnJUMzJUE5c3olMEFraXZpdGVsZXolQzMlQTlzaSUyMGZvbHlhbWF0b3QlMjAlQzMlQTF0JUMzJUI2bGVsaSUyQyUyMHZhZ3klMjBlZ3klMjBhZG90dCUyMHIlQzMlQTlzemZvbHlhbWF0b3QlMjBrJUMzJUE5cGVzJTIwbWVnb2xkYW5pJTJDJTIwZXolMjBhJTIwbWVncmVuZGVsJUM1JTkxJTIwaWclQzMlQTlueWVpdCVDNSU5MWwlMjBmJUMzJUJDZ2cuJTBBQXolMjBFTEVDVFJPSFVHJTIwZm9udG9zJTIwcGlhY2klMjBlbCVDNSU5MW55ZSUyQyUyMGhvZ3klMjBzemFrZW1iZXJlaSUyMHQlQzMlQjZiYiUyMG1pbnQlMjBlZ3klMjAlQzMlQTl2dGl6ZWRlcyUyMEVNUyUyMHRhcGFzenRhbGF0dGFsJTIwcmVuZGVsa2V6bmVrJTBBYXolMjBhdXQlQzMlQjNpcGFyJTJDJTIwYXolMjBvcnZvcyUyMHRlY2hub2wlQzMlQjNnaWElMkMlMjBzbWFydCUyMHZleiVDMyVBOXJsJUMzJUE5cyUyQyUyMHRlbGVrb21tdW5payVDMyVBMWNpJUMzJUIzJTJDJTIwaXBhcmklMjBhdXRvbWF0aXolQzMlQTFsJUMzJUExcyUyQyUyMHJvYm90aXolQzMlQTFsJUMzJUExcyUyQyUyMGluZm9ybWF0aWthaSUwQWVzemslQzMlQjZ6JUMzJUI2ayUyQyUyMGVuZXJnZXRpa2ElMjB0ZXIlQzMlQkNsZXQlQzMlQTluLiUyMEElMjBzemFrbWFpJTIwY3NhcGF0JTIwa29tcGxleCUyMHRlcm0lQzMlQTlrbWVuZWR6c21lbnQlMjB0JUMzJUExbW9nYXQlQzMlQTFzdCUyMGJpenRvcyVDMyVBRHRvdHQlMjB0JUMzJUI2YmIlMEFtaW50JTIwMzAlMjBrb21wbGV4JTIwdGVybSVDMyVBOWtmb2x5YW1hdCUyMGZlbCVDMyVBOXAlQzMlQUR0JUMzJUE5cyVDMyVBOWhleiUyMCVDMyVBOXMlMjBraXZpdGVsZXolQzMlQTlzJUMzJUE5aGV6LiUyMEElMjBrb21wbGV4JTIwbWVnb2xkJUMzJUExc29rJTIwc29yJUMzJUExbiUyMGElMjB0ZXJtJUMzJUE5ayUwQW1lZ3RlcnZleiVDMyVBOXMlQzMlQTl0JTIwayVDMyVCNnZldCVDNSU5MSUyMGtpdml0ZWxleiVDMyVBOXNpJTIwdGFuJUMzJUExY3NhZCVDMyVBMXN0JUMzJUIzbCUyMGVnJUMzJUE5c3plbiUyMGElMjB0ZXJtJUMzJUE5ayUyMGtvbmtyJUMzJUE5dCUyMGxlZ3klQzMlQTFydCVDMyVBMXMlQzMlQTFpZyUyMGJpenRvcyVDMyVBRHR1bmslMjBtZWdvbGQlQzMlQTFzb2thdC4lMjAlMEElM0MlMkZkaXYlM0U=[\/vc_raw_html][vc_raw_js]JTNDc2NyaXB0JTNFJTBBdmFyJTIwJTI0ZWwlMjAlM0QlMjBqUXVlcnklMjglMjIuZXhhbXBsZSUzQWZpcnN0JTIyJTI5JTJDJTIwdGV4dCUyMCUzRCUyMGpRdWVyeS50cmltJTI4JTI0ZWwudGV4dCUyOCUyOSUyOSUyQyUwQSUyMCUyMCUyMCUyMHdvcmRzJTIwJTNEJTIwdGV4dC5zcGxpdCUyOCUyMiUyMCUyMiUyOSUyQyUyMGh0bWwlMjAlM0QlMjAlMjIlMjIlM0IlMEElMEFmb3IlMjAlMjh2YXIlMjBpJTIwJTNEJTIwMCUzQiUyMGklMjAlM0MlMjB3b3Jkcy5sZW5ndGglM0IlMjBpJTJCJTJCJTI5JTIwJTdCJTBBJTIwJTIwJTIwJTIwaHRtbCUyMCUyQiUzRCUyMCUyMiUzQ3NwYW4lM0UlMjIlMjAlMkIlMjB3b3JkcyU1QmklNUQlMjAlMkIlMjAlMjglMjhpJTJCMSUyOSUyMCUzRCUzRCUzRCUyMHdvcmRzLmxlbmd0aCUyMCUzRiUyMCUyMiUyMiUyMCUzQSUyMCUyMiUyMCUyMiUyOSUyMCUyQiUyMCUyMiUzQyUyRnNwYW4lM0UlMjIlM0IlMEElN0QlM0IlMEElMjRlbC5odG1sJTI4aHRtbCUyOS5jaGlsZHJlbiUyOCUyOS5oaWRlJTI4JTI5LmVhY2glMjhmdW5jdGlvbiUyOGklMjklN0IlMEElMjAlMjBqUXVlcnklMjh0aGlzJTI5LmRlbGF5JTI4aSUyQTUwJTI5LmZhZGVJbiUyODcwMCUyOSUzQiUwQSU3RCUyOSUzQiUwQSUyNGVsLmZpbmQlMjglMjJzcGFuJTIyJTI5LnByb21pc2UlMjglMjkuZG9uZSUyOGZ1bmN0aW9uJTI4JTI5JTdCJTBBJTIwJTIwJTIwJTIwJTI0ZWwudGV4dCUyOGZ1bmN0aW9uJTI4aSUyQyUyMHRleHQlMjklN0IlMEElMjAlMjAlMjAlMjAlMjAlMjAlMjByZXR1cm4lMjBqUXVlcnkudHJpbSUyOHRleHQlMjklM0IlMEElMjAlMjAlMjAlMjAlN0QlMjklM0IlMjAlMjAlMjAlMjAlMjAlMjAlMjAlMjAlMjAlMjAlMjAlMjAlMEElN0QlMjklM0IlMEElMEElM0MlMkZzY3JpcHQlM0U=[\/vc_raw_js][\/vc_column][\/vc_row]\" \/>\n<meta property=\"og:url\" content=\"https:\/\/electrohug.com\/hu\/\" \/>\n<meta property=\"og:site_name\" content=\"Electrohug-\" \/>\n<meta property=\"article:modified_time\" content=\"2022-08-24T13:15:15+00:00\" \/>\n<meta name=\"twitter:card\" content=\"summary_large_image\" \/>\n<meta name=\"twitter:label1\" content=\"Becs\u00fclt olvas\u00e1si id\u0151\" \/>\n\t<meta name=\"twitter:data1\" content=\"1 perc\" \/>\n<script type=\"application\/ld+json\" class=\"yoast-schema-graph\">{\"@context\":\"https:\/\/schema.org\",\"@graph\":[{\"@type\":\"WebPage\",\"@id\":\"https:\/\/electrohug.com\/hu\/\",\"url\":\"https:\/\/electrohug.com\/hu\/\",\"name\":\"F\u0151oldal - Electrohug-\",\"isPartOf\":{\"@id\":\"https:\/\/electrohug.com\/#website\"},\"datePublished\":\"2022-05-25T09:31:23+00:00\",\"dateModified\":\"2022-08-24T13:15:15+00:00\",\"breadcrumb\":{\"@id\":\"https:\/\/electrohug.com\/hu\/#breadcrumb\"},\"inLanguage\":\"hu\",\"potentialAction\":[{\"@type\":\"ReadAction\",\"target\":[\"https:\/\/electrohug.com\/hu\/\"]}]},{\"@type\":\"BreadcrumbList\",\"@id\":\"https:\/\/electrohug.com\/hu\/#breadcrumb\",\"itemListElement\":[{\"@type\":\"ListItem\",\"position\":1,\"name\":\"Home\",\"item\":\"https:\/\/electrohug.com\/hu\/\"},{\"@type\":\"ListItem\",\"position\":2,\"name\":\"F\u0151oldal\"}]},{\"@type\":\"WebSite\",\"@id\":\"https:\/\/electrohug.com\/#website\",\"url\":\"https:\/\/electrohug.com\/\",\"name\":\"Electrohug-\",\"description\":\"\",\"potentialAction\":[{\"@type\":\"SearchAction\",\"target\":{\"@type\":\"EntryPoint\",\"urlTemplate\":\"https:\/\/electrohug.com\/?s={search_term_string}\"},\"query-input\":\"required name=search_term_string\"}],\"inLanguage\":\"hu\"}]}<\/script>\n<!-- \/ Yoast SEO plugin. -->","yoast_head_json":{"title":"F\u0151oldal - Electrohug-","robots":{"index":"index","follow":"follow","max-snippet":"max-snippet:-1","max-image-preview":"max-image-preview:large","max-video-preview":"max-video-preview:-1"},"canonical":"https:\/\/electrohug.com\/hu\/","og_locale":"hu_HU","og_type":"article","og_title":"F\u0151oldal - Electrohug-","og_description":"[vc_row full_height=&#8221;yes&#8221; columns_placement=&#8221;stretch&#8221;][vc_column width=&#8221;2\/3&#8243; offset=&#8221;vc_col-sm-offset-2&#8243; el_class=&#8221;home-intro&#8221;][vc_raw_html]JTNDZGl2JTIwY2xhc3MlM0QlMjJleGFtcGxlJTIyJTNFJTBBJTIwJTIwJTIwJTIwQXolMjBFTEVDVFJPSFVHJTIwYSUyMG5lbXpldGslQzMlQjZ6aSUyMEVNUyUyMHBpYWMlMjBlbHMlQzUlOTElMjBvbHlhbiUyMHN6ZXJlcGwlQzUlOTFqZSUyQyUyMG1lbHklMjBhJTIwaGFneW9tJUMzJUExbnlvcyUyMG1lZ29sZCVDMyVBMXNva29uJTBBdCVDMyVCQWxtZW4lQzUlOTFlbiUyMGtvbXBsZXglMjB0ZXJtJUMzJUE5a2VsJUM1JTkxJUMzJUExbGwlQzMlQUR0JUMzJUExc2klMjBtZWdvbGQlQzMlQTFzb2thdCUyMG55JUMzJUJBanQlMjBwYXJ0bmVyZWklMjByJUMzJUE5c3olQzMlQTlyZS4lMjBBeiUyMEVMRUNUUk9IVUclMjBheiUyMGVnJUMzJUE5c3olMEFraXZpdGVsZXolQzMlQTlzaSUyMGZvbHlhbWF0b3QlMjAlQzMlQTF0JUMzJUI2bGVsaSUyQyUyMHZhZ3klMjBlZ3klMjBhZG90dCUyMHIlQzMlQTlzemZvbHlhbWF0b3QlMjBrJUMzJUE5cGVzJTIwbWVnb2xkYW5pJTJDJTIwZXolMjBhJTIwbWVncmVuZGVsJUM1JTkxJTIwaWclQzMlQTlueWVpdCVDNSU5MWwlMjBmJUMzJUJDZ2cuJTBBQXolMjBFTEVDVFJPSFVHJTIwZm9udG9zJTIwcGlhY2klMjBlbCVDNSU5MW55ZSUyQyUyMGhvZ3klMjBzemFrZW1iZXJlaSUyMHQlQzMlQjZiYiUyMG1pbnQlMjBlZ3klMjAlQzMlQTl2dGl6ZWRlcyUyMEVNUyUyMHRhcGFzenRhbGF0dGFsJTIwcmVuZGVsa2V6bmVrJTBBYXolMjBhdXQlQzMlQjNpcGFyJTJDJTIwYXolMjBvcnZvcyUyMHRlY2hub2wlQzMlQjNnaWElMkMlMjBzbWFydCUyMHZleiVDMyVBOXJsJUMzJUE5cyUyQyUyMHRlbGVrb21tdW5payVDMyVBMWNpJUMzJUIzJTJDJTIwaXBhcmklMjBhdXRvbWF0aXolQzMlQTFsJUMzJUExcyUyQyUyMHJvYm90aXolQzMlQTFsJUMzJUExcyUyQyUyMGluZm9ybWF0aWthaSUwQWVzemslQzMlQjZ6JUMzJUI2ayUyQyUyMGVuZXJnZXRpa2ElMjB0ZXIlQzMlQkNsZXQlQzMlQTluLiUyMEElMjBzemFrbWFpJTIwY3NhcGF0JTIwa29tcGxleCUyMHRlcm0lQzMlQTlrbWVuZWR6c21lbnQlMjB0JUMzJUExbW9nYXQlQzMlQTFzdCUyMGJpenRvcyVDMyVBRHRvdHQlMjB0JUMzJUI2YmIlMEFtaW50JTIwMzAlMjBrb21wbGV4JTIwdGVybSVDMyVBOWtmb2x5YW1hdCUyMGZlbCVDMyVBOXAlQzMlQUR0JUMzJUE5cyVDMyVBOWhleiUyMCVDMyVBOXMlMjBraXZpdGVsZXolQzMlQTlzJUMzJUE5aGV6LiUyMEElMjBrb21wbGV4JTIwbWVnb2xkJUMzJUExc29rJTIwc29yJUMzJUExbiUyMGElMjB0ZXJtJUMzJUE5ayUwQW1lZ3RlcnZleiVDMyVBOXMlQzMlQTl0JTIwayVDMyVCNnZldCVDNSU5MSUyMGtpdml0ZWxleiVDMyVBOXNpJTIwdGFuJUMzJUExY3NhZCVDMyVBMXN0JUMzJUIzbCUyMGVnJUMzJUE5c3plbiUyMGElMjB0ZXJtJUMzJUE5ayUyMGtvbmtyJUMzJUE5dCUyMGxlZ3klQzMlQTFydCVDMyVBMXMlQzMlQTFpZyUyMGJpenRvcyVDMyVBRHR1bmslMjBtZWdvbGQlQzMlQTFzb2thdC4lMjAlMEElM0MlMkZkaXYlM0U=[\/vc_raw_html][vc_raw_js]JTNDc2NyaXB0JTNFJTBBdmFyJTIwJTI0ZWwlMjAlM0QlMjBqUXVlcnklMjglMjIuZXhhbXBsZSUzQWZpcnN0JTIyJTI5JTJDJTIwdGV4dCUyMCUzRCUyMGpRdWVyeS50cmltJTI4JTI0ZWwudGV4dCUyOCUyOSUyOSUyQyUwQSUyMCUyMCUyMCUyMHdvcmRzJTIwJTNEJTIwdGV4dC5zcGxpdCUyOCUyMiUyMCUyMiUyOSUyQyUyMGh0bWwlMjAlM0QlMjAlMjIlMjIlM0IlMEElMEFmb3IlMjAlMjh2YXIlMjBpJTIwJTNEJTIwMCUzQiUyMGklMjAlM0MlMjB3b3Jkcy5sZW5ndGglM0IlMjBpJTJCJTJCJTI5JTIwJTdCJTBBJTIwJTIwJTIwJTIwaHRtbCUyMCUyQiUzRCUyMCUyMiUzQ3NwYW4lM0UlMjIlMjAlMkIlMjB3b3JkcyU1QmklNUQlMjAlMkIlMjAlMjglMjhpJTJCMSUyOSUyMCUzRCUzRCUzRCUyMHdvcmRzLmxlbmd0aCUyMCUzRiUyMCUyMiUyMiUyMCUzQSUyMCUyMiUyMCUyMiUyOSUyMCUyQiUyMCUyMiUzQyUyRnNwYW4lM0UlMjIlM0IlMEElN0QlM0IlMEElMjRlbC5odG1sJTI4aHRtbCUyOS5jaGlsZHJlbiUyOCUyOS5oaWRlJTI4JTI5LmVhY2glMjhmdW5jdGlvbiUyOGklMjklN0IlMEElMjAlMjBqUXVlcnklMjh0aGlzJTI5LmRlbGF5JTI4aSUyQTUwJTI5LmZhZGVJbiUyODcwMCUyOSUzQiUwQSU3RCUyOSUzQiUwQSUyNGVsLmZpbmQlMjglMjJzcGFuJTIyJTI5LnByb21pc2UlMjglMjkuZG9uZSUyOGZ1bmN0aW9uJTI4JTI5JTdCJTBBJTIwJTIwJTIwJTIwJTI0ZWwudGV4dCUyOGZ1bmN0aW9uJTI4aSUyQyUyMHRleHQlMjklN0IlMEElMjAlMjAlMjAlMjAlMjAlMjAlMjByZXR1cm4lMjBqUXVlcnkudHJpbSUyOHRleHQlMjklM0IlMEElMjAlMjAlMjAlMjAlN0QlMjklM0IlMjAlMjAlMjAlMjAlMjAlMjAlMjAlMjAlMjAlMjAlMjAlMjAlMEElN0QlMjklM0IlMEElMEElM0MlMkZzY3JpcHQlM0U=[\/vc_raw_js][\/vc_column][\/vc_row]","og_url":"https:\/\/electrohug.com\/hu\/","og_site_name":"Electrohug-","article_modified_time":"2022-08-24T13:15:15+00:00","twitter_card":"summary_large_image","twitter_misc":{"Becs\u00fclt olvas\u00e1si id\u0151":"1 perc"},"schema":{"@context":"https:\/\/schema.org","@graph":[{"@type":"WebPage","@id":"https:\/\/electrohug.com\/hu\/","url":"https:\/\/electrohug.com\/hu\/","name":"F\u0151oldal - Electrohug-","isPartOf":{"@id":"https:\/\/electrohug.com\/#website"},"datePublished":"2022-05-25T09:31:23+00:00","dateModified":"2022-08-24T13:15:15+00:00","breadcrumb":{"@id":"https:\/\/electrohug.com\/hu\/#breadcrumb"},"inLanguage":"hu","potentialAction":[{"@type":"ReadAction","target":["https:\/\/electrohug.com\/hu\/"]}]},{"@type":"BreadcrumbList","@id":"https:\/\/electrohug.com\/hu\/#breadcrumb","itemListElement":[{"@type":"ListItem","position":1,"name":"Home","item":"https:\/\/electrohug.com\/hu\/"},{"@type":"ListItem","position":2,"name":"F\u0151oldal"}]},{"@type":"WebSite","@id":"https:\/\/electrohug.com\/#website","url":"https:\/\/electrohug.com\/","name":"Electrohug-","description":"","potentialAction":[{"@type":"SearchAction","target":{"@type":"EntryPoint","urlTemplate":"https:\/\/electrohug.com\/?s={search_term_string}"},"query-input":"required name=search_term_string"}],"inLanguage":"hu"}]}},"_links":{"self":[{"href":"https:\/\/electrohug.com\/hu\/wp-json\/wp\/v2\/pages\/244"}],"collection":[{"href":"https:\/\/electrohug.com\/hu\/wp-json\/wp\/v2\/pages"}],"about":[{"href":"https:\/\/electrohug.com\/hu\/wp-json\/wp\/v2\/types\/page"}],"author":[{"embeddable":true,"href":"https:\/\/electrohug.com\/hu\/wp-json\/wp\/v2\/users\/1"}],"replies":[{"embeddable":true,"href":"https:\/\/electrohug.com\/hu\/wp-json\/wp\/v2\/comments?post=244"}],"version-history":[{"count":12,"href":"https:\/\/electrohug.com\/hu\/wp-json\/wp\/v2\/pages\/244\/revisions"}],"predecessor-version":[{"id":369,"href":"https:\/\/electrohug.com\/hu\/wp-json\/wp\/v2\/pages\/244\/revisions\/369"}],"wp:attachment":[{"href":"https:\/\/electrohug.com\/hu\/wp-json\/wp\/v2\/media?parent=244"}],"curies":[{"name":"wp","href":"https:\/\/api.w.org\/{rel}","templated":true}]}}