{"id":240,"date":"2022-05-25T09:06:00","date_gmt":"2022-05-25T08:06:00","guid":{"rendered":"http:\/\/dev-electrohugcom.srv1.clbr.hu\/?page_id=240"},"modified":"2023-01-12T13:28:57","modified_gmt":"2023-01-12T12:28:57","slug":"adatkezelesi-tajekoztato","status":"publish","type":"page","link":"https:\/\/electrohug.com\/hu\/adatkezelesi-tajekoztato\/","title":{"rendered":"Adatkezel\u00e9si t\u00e1j\u00e9koztat\u00f3"},"content":{"rendered":"<p>[vc_row css=&#8221;.vc_custom_1662018098756{margin-top: 50px !important;}&#8221;][vc_column width=&#8221;5\/6&#8243; offset=&#8221;vc_col-sm-offset-1&#8243;][vc_column_text]<\/p>\r\n<h1>ELECTROHUG\u2013 G-SMT HUNGARY KFT. ADATV\u00c9DELEMI SZAB\u00c1LYOZ\u00c1SA<\/h1>\r\n<h3>PREAMBULUM<\/h3>\r\n<p>Az ELECTROHUG GmbH. (sz\u00e9khely: 11 Zwickauerstrasse, D-93073 Neutraubling, N\u00e9metorsz\u00e1g.), (tov\u00e1bbiakban: V\u00e1llalat) minden \u00fczletfele \u00e9s munkav\u00e1llal\u00f3i szem\u00e9lyes adatainak v\u00e9delme megk\u00fcl\u00f6nb\u00f6ztetetten fontos sz\u00e1munkra. Ennek megfelel\u0151en kezel\u00e9s\u00fck sor\u00e1n folyamatosan gondoskodunk azok biztons\u00e1g\u00e1r\u00f3l, a V\u00e1llalat az alkalmazand\u00f3 t\u00f6rv\u00e9nyi szab\u00e1lyoz\u00e1soknak \u00e9s adatbiztons\u00e1gnak megfelel\u0151en kezeli a szem\u00e9lyes adatokat.<\/p>\r\n<h3><strong>1. \u00c9RV\u00c9NYESS\u00c9GI TER\u00dcLET<\/strong><\/h3>\r\n<p>Tartalmi \u00e9rv\u00e9nyess\u00e9g: a szab\u00e1lyoz\u00e1s kiterjed a szem\u00e9lyekkel kapcsolatos adatok kezel\u00e9s\u00e9re a V\u00e1llalat-on bel\u00fcl.<\/p>\r\n<p>Szem\u00e9lyi \u00e9rv\u00e9nyess\u00e9g: jelen szab\u00e1lyoz\u00e1s kiterjed a V\u00e1llalat valamennyi dolgoz\u00f3j\u00e1ra, partner\u00e9re, \u00fcgyfel\u00e9re \u00e9s besz\u00e1ll\u00edt\u00f3j\u00e1ra, valamint a V\u00e1llalat \u00fczleti tev\u00e9kenys\u00e9g\u00e9vel kapcsolatba hozhat\u00f3 valamennyi szem\u00e9lyre.<\/p>\r\n<p>Id\u0151beli \u00e9rv\u00e9nyess\u00e9g: a szab\u00e1lyoz\u00e1s 2018. 05. 25-\u00e9n l\u00e9p hat\u00e1lyba \u00e9s minimum elvk\u00e9nt \u00e9rv\u00e9nyes a szem\u00e9lyes adatok kezel\u00e9s\u00e9ben.<\/p>\r\n<h3><strong>2. AZ ADATKEZEL\u00c9S C\u00c9LJA<\/strong><\/h3>\r\n<p>A V\u00e1llalat csak az \u00fczleti c\u00e9ljaival kapcsolatban, szerz\u0151d\u00e9ses k\u00f6telezetts\u00e9geinek teljes\u00edt\u00e9s\u00e9hez, az \u00fczleti tev\u00e9kenys\u00e9g\u00e9hez k\u00f6t\u0151d\u0151 t\u00f6rv\u00e9nyi megfelel\u00e9snek megfelel\u0151 sz\u00fcks\u00e9ges m\u00e9rt\u00e9kben \u00e9s c\u00e9llal kezel szem\u00e9lyes adatokat a dolgoz\u00f3kr\u00f3l, partnerekr\u0151l, \u00fcgyfelekr\u0151l.<\/p>\r\n<p><strong>2.1.<\/strong> \u00dczletfelek adatainak kezel\u00e9se: a V\u00e1llalat t\u00e1rolja \u00e9s kezeli az \u00e9rdekl\u0151d\u0151k, \u00fcgyfelek \u00e9s sz\u00e1ll\u00edt\u00f3k stb. \u00e1ltal rendelkez\u00e9sre bocs\u00e1jtott szem\u00e9lyes adatokat, aj\u00e1nlatok elk\u00e9sz\u00edt\u00e9se, valamint megb\u00edz\u00e1sok lebonyol\u00edt\u00e1sa c\u00e9lj\u00e1b\u00f3l. Az ily m\u00f3don kapott kapcsolattart\u00e1si adatokat \u00e9s dokumentumokat jogviszony l\u00e9tes\u00edt\u00e9se c\u00e9lj\u00e1b\u00f3l elektronikusan feldolgozzuk. Kiz\u00e1r\u00f3lag addig tartjuk nyilv\u00e1n a szem\u00e9lyes adatokat, am\u00edg \u00d6n ehhez hozz\u00e1j\u00e1rul.<\/p>\r\n<p><strong>2.2.<\/strong> Munkav\u00e1llal\u00f3k, p\u00e1ly\u00e1z\u00f3k adatainak kezel\u00e9se: a V\u00e1llalat t\u00e1rolja \u00e9s kezeli az \u00e9rdekl\u0151d\u0151k, p\u00e1ly\u00e1z\u00f3k \u00e9s munkat\u00e1rsak \u00e1ltal rendelkez\u00e9sre bocs\u00e1jtott szem\u00e9lyes adatokat, kifejezetten az adatszolg\u00e1ltat\u00e1s c\u00e9lja szerinti felhaszn\u00e1l\u00e1sra. Az ily m\u00f3don kapott kapcsolattart\u00e1si adatokat \u00e9s dokumentumokat az eredeti c\u00e9lnak megfelel\u0151en a sz\u00fcks\u00e9ges m\u00e9rt\u00e9kben elektronikusan feldolgozzuk. Kiz\u00e1r\u00f3lag addig tartjuk nyilv\u00e1n a szem\u00e9lyes adatokat, am\u00edg \u00d6n ehhez hozz\u00e1j\u00e1rul.<\/p>\r\n<p><strong>2.3.<\/strong> Weboldal &amp; Google-Analytics:<\/p>\r\n<p>Weboldalunk a \u201eGoogle Analytics\u201d szolg\u00e1ltat\u00e1st haszn\u00e1lja, amely a Google Inc. \u00e1ltal (1600 Amphitheatre Parkway Mountain View, CA 94043, USA) ny\u00fajtott weboldal l\u00e1togatotts\u00e1g elemz\u0151 szolg\u00e1ltat\u00e1s. A Google Analytics \u00fagynevezett \u201es\u00fctiket\u201d, sz\u00f6veg adatokat haszn\u00e1l, amelyeket az \u00d6n v\u00e9gfelhaszn\u00e1l\u00f3i eszk\u00f6z\u00e9n t\u00e1rol el. A \u201es\u00fctik\u201d \u00e1ltal gy\u0171jt\u00f6tt inform\u00e1ci\u00f3k a Google amerikai szerver\u00e9re ker\u00fclnek, \u00e9s ott t\u00e1rolj\u00e1k azokat. A megb\u00edz\u00e1sos adatfeldolgoz\u00e1si meg\u00e1llapod\u00e1s keret\u00e9ben, amelyet a weboldal \u00fczemeltet\u0151je a Google Inc.-el k\u00f6t\u00f6tt, a Google felhaszn\u00e1lja s\u00fctik seg\u00edts\u00e9g\u00e9vel t\u00e1rolt inform\u00e1ci\u00f3kat, hogy seg\u00edts\u00e9g\u00fckkel a weboldal haszn\u00e1lat\u00e1t elemezni tudja, a weboldal haszn\u00e1lat\u00e1t illet\u0151en riportokat \u00e1ll\u00edtson \u00f6ssze, valamint, hogy tov\u00e1bbi weboldal- \u00e9s internethaszn\u00e1lattal kapcsolatos szolg\u00e1ltat\u00e1st tudjon az oldal \u00fczemeltet\u0151j\u00e9nek ny\u00fajtani.<\/p>\r\n<p>\u00d6nnek a keres\u0151 szoftver megfelel\u0151 be\u00e1ll\u00edt\u00e1s\u00e1val lehet\u0151s\u00e9ge van, hogy eszk\u00f6z\u00e9n a \u201es\u00fctik\u201d t\u00e1rol\u00e1s\u00e1t megakad\u00e1lyozza. Nem tudjuk azonban garant\u00e1lni, hogy weboldalunk minden funkci\u00f3j\u00e1t korl\u00e1toz\u00e1s n\u00e9lk\u00fcl el tudja \u00e9rni, ha nem enged\u00e9lyezi a \u201es\u00fctik\u201d haszn\u00e1lat\u00e1t a keres\u0151j\u00e9ben. Tov\u00e1bb\u00e1 a keres\u0151 plugin seg\u00edts\u00e9g\u00e9vel megakad\u00e1lyozhatja, hogy a \u201es\u00fctik\u201d \u00e1ltal \u00f6sszegy\u0171jt\u00f6tt inform\u00e1ci\u00f3k (bele\u00e9rtve az \u00d6n IP-c\u00edm\u00e9t is) a Google Inc.-nek elk\u00fcld\u00e9sre ker\u00fcljenek \u00e9s a Google Inc. azokat feldolgozza. A k\u00f6vetkez\u0151 linken juthat el a megfelel\u0151 pluginhoz:<\/p>\r\n<p><a href=\"https:\/\/tools.google.com\/dlpage\/gaoptout?hl=de\">https:\/\/tools.google.com\/dlpage\/gaoptout?hl=de<\/a> [tools.google.com]<\/p>\r\n<p>M\u00e1s m\u00f3don erre a linkre kattintva akad\u00e1lyozhatja meg, hogy a Google Analytcs ezen az oldalon kereszt\u00fcl adatot gy\u0171jts\u00f6n \u00d6nr\u0151l:<\/p>\r\n<p><a href=\"http:\/\/tools.google.com\/dlpage\/gaoptout?hl=de\">http:\/\/tools.google.com\/dlpage\/gaoptout?hl=de<\/a> [tools.google.com].<\/p>\r\n<p>Ha a fenti linkre kattint, akkor egy \u00fagy nevezett \u201eOpt-Out-Cookie\u201d-t t\u00f6lt le.<\/p>\r\n<p>Az \u00d6n keres\u0151je teh\u00e1t alapvet\u0151en enged\u00e9lyezi a s\u00fctik t\u00e1rol\u00e1s\u00e1t. Azonban a s\u00fctik rendszeres t\u00f6rl\u00e9s\u00e9hez minden alkalommal, amikor a weboldalt felkeresi, a linkre kattint\u00e1s sz\u00fcks\u00e9ges. Itt tov\u00e1bbi inform\u00e1ci\u00f3kat tal\u00e1l a Google Inc. adathaszn\u00e1lat\u00e1val kapcsolatosan:<\/p>\r\n<p><a href=\"https:\/\/support.google.com\/analytics\/answer\/6004245?hl=de\">https:\/\/support.google.com\/analytics\/answer\/6004245?hl=de<\/a> [support.google.com]<\/p>\r\n<h3><strong>3. AZ ADATFELDOLGOZ\u00c1S JOGALAPJA<\/strong><\/h3>\r\n<p>Az EU-ban \u00e9rv\u00e9nyes adatv\u00e9delmi el\u0151\u00edr\u00e1soknak megfelel\u0151en a szem\u00e9lyes adatok feldolgoz\u00e1shoz jogalap sz\u00fcks\u00e9ges. A mindenkor alkalmazand\u00f3 jogalap att\u00f3l f\u00fcgg, hogy mely c\u00e9lb\u00f3l ker\u00fclnek az adatok feldolgoz\u00e1sra:<\/p>\r\n<p>N\u00e9h\u00e1ny esetben az \u00d6n hozz\u00e1j\u00e1rul\u00e1sa is sz\u00fcks\u00e9ges az adat nyilv\u00e1ntart\u00e1s\u00e1hoz \u00e9s a feldolgoz\u00e1s\u00e1hoz. Amennyiben \u00d6n a hozz\u00e1j\u00e1rul\u00e1s\u00e1t adja, azt k\u00e9s\u0151bb b\u00e1rmikor visszavonhatja. K\u00e9rj\u00fck, \u00fcgyeljen r\u00e1, hogy hozz\u00e1j\u00e1rul\u00e1s\u00e1nak visszavon\u00e1sa nincs hat\u00e1ssal a m\u00e1r megt\u00f6rt\u00e9nt adatfeldolgoz\u00e1sokra.<\/p>\r\n<p>M\u00e1s esetekben a szem\u00e9lyes adatok feldolgoz\u00e1sa adott esetben ak\u00e1r sz\u00fcks\u00e9ges is lehet ahhoz, hogy az \u00e9rv\u00e9nyes t\u00f6rv\u00e9nyi hat\u00e1rozatokat \u00e9s el\u0151\u00edr\u00e1sokat be tudjuk tartani, illetve, hogy egy \u00d6nt \u00e9rint\u0151 k\u00f6telezetts\u00e9g\u00fcnknek meg tudjunk felelni.<\/p>\r\n<p>M\u00e1s esetekben el\u0151fordulhat az is, hogy jogos \u00e9rdekb\u0151l t\u00f6rt\u00e9nik meg az \u00d6n szem\u00e9lyes adatainak feldolgoz\u00e1sa, hogy \u00d6nt szolg\u00e1ltat\u00e1sainkr\u00f3l tudjuk t\u00e1j\u00e9koztatni.<\/p>\r\n<h3><strong>4. SZEM\u00c9LYEKHEZ K\u00d6THET\u0150 ADATOK KEZEL\u00c9S\u00c9NEK ALAPELVEI:<\/strong><\/h3>\r\n<p>A szem\u00e9lyekhez k\u00f6thet\u0151 adatok kezel\u00e9se a V\u00e1llalat-n\u00e1l szigor\u00fa alapelveken nyugszik, amelyek az adatok v\u00e9delm\u00e9t \u00e9s biztons\u00e1g\u00e1t, valamint az \u00e9rintettek jogait a legfontosabb \u00e9rt\u00e9knek tekintik.<\/p>\r\n<p>Jogszer\u0171s\u00e9g \u00e9s \u00e1tl\u00e1that\u00f3s\u00e1g: Az adatfeldolgoz\u00e1s jogszer\u0171en t\u00f6rt\u00e9nik, k\u00f6lcs\u00f6n\u00f6s bizalmon alapulva. Az \u00e9rintett szem\u00e9ly az adatai felv\u00e9tel\u00e9n\u00e9l t\u00e1j\u00e9koztat\u00e1st kap azok felhaszn\u00e1l\u00e1s\u00e1r\u00f3l.<\/p>\r\n<p>Adatok rendeltet\u00e9se: az adatokat kiz\u00e1r\u00f3lag meghat\u00e1rozott, egy\u00e9rtelm\u0171, az adatfelv\u00e9tel eredeti c\u00e9lj\u00e1t szolg\u00e1l\u00f3 jogszer\u0171 c\u00e9lokra haszn\u00e1ljuk \u00e9s kezelj\u00fck.<\/p>\r\n<p>Adatminimaliz\u00e1l\u00e1s: csak olyan adatokat tartunk nyilv\u00e1n \u00e9s dolgozunk fel, amelyek az adott c\u00e9lhoz felt\u00e9tlen\u00fcl sz\u00fcks\u00e9gesek. Amennyiben az adatr\u00f6gz\u00edt\u00e9s c\u00e9lja ezt lehet\u0151v\u00e9 teszi \u00e9s a felhaszn\u00e1l\u00e1s megfelel\u0151, csak n\u00e9vtelen adatokat dolgozunk fel.<\/p>\r\n<p>T\u00e1rol\u00e1si korl\u00e1toz\u00e1sok \u00e9s t\u00f6rl\u00e9s: szem\u00e9lyekkel kapcsolatos adatokat t\u00f6rl\u00fcnk, amint azok el\u00e9rt\u00e9k eredeti c\u00e9ljukat, \u00e9s a meg\u0151rz\u00e9si hat\u00e1rid\u0151re vonatkoz\u00f3 t\u00f6rv\u00e9nyi szab\u00e1lyoz\u00e1s nem akad\u00e1lyozza a t\u00f6rl\u00e9s\u00fcket.<\/p>\r\n<p>Ha vannak az adatok meg\u0151rz\u00e9se mellett sz\u00f3l\u00f3 \u00e9rvek, \u00fagy az adatokat mindaddig meg\u0151rizz\u00fck, am\u00edg a fenn\u00e1ll\u00f3 \u00e9rvek jogi szempontb\u00f3l megnyugtat\u00f3an tiszt\u00e1z\u00e1sra ker\u00fclnek.<\/p>\r\n<p>Adatbiztons\u00e1g: a szem\u00e9lyes adatok az adattitok v\u00e9delme al\u00e1 esnek. Az adatokat bizalmasan kell kezelni, megfelel\u0151 szervez\u00e9si \u00e9s technikai int\u00e9zked\u00e9sekkel v\u00e9deni kell azokat a jogtalan hozz\u00e1f\u00e9r\u00e9sekt\u0151l, jogszer\u0171tlen kezel\u00e9sekt\u0151l vagy adattov\u00e1bb\u00edt\u00e1sokt\u00f3l, adatveszt\u00e9st\u0151l \u00e9s adatrong\u00e1l\u00e1sokt\u00f3l.<\/p>\r\n<p>Tartalmi helyess\u00e9g: szem\u00e9lyes adatokat pontosan, hi\u00e1nytalanul \u00e9s mindig aktualiz\u00e1ltan kell nyilv\u00e1ntartani. R\u00e9gi, helytelen vagy hi\u00e1nyos adatok korrig\u00e1l\u00e1s\u00e1ra megfelel\u0151 int\u00e9zked\u00e9sek t\u00f6rt\u00e9nnek. C\u00e9g\u00fcnk nem v\u00e1llal felel\u0151ss\u00e9get a helytelen adatk\u00f6zl\u00e9sb\u0151l ered\u0151 adatkezel\u00e9si k\u00e1rok\u00e9rt.<\/p>\r\n<h3><strong>5. ADAT\u00c1TAD\u00c1S<\/strong><\/h3>\r\n<p>A szem\u00e9lyes adatok \u00e1tad\u00e1sa a V\u00e1llalat-on k\u00edv\u00fcli c\u00edmzettek r\u00e9sz\u00e9re, valamint EU-n k\u00edv\u00fcli orsz\u00e1gok r\u00e9sz\u00e9re csak az \u00e9rv\u00e9nyes t\u00f6rv\u00e9nyeknek megfelel\u0151 keretek k\u00f6z\u00f6tt t\u00f6rt\u00e9nhet a legmagasabb bizalmass\u00e1g \u00e9s adatbiztons\u00e1g mellett. Nem \u00e9rt\u00e9kes\u00edt\u00fcnk \u00e9s nem adunk b\u00e9rbe harmadik f\u00e9l sz\u00e1m\u00e1ra adatokat semmilyen form\u00e1ban \u00e9s c\u00e9lra.<\/p>\r\n<p>Szem\u00e9lyes adatokat a V\u00e1llalat-on bel\u00fcli c\u00edmzettekhez a t\u00f6rv\u00e9nyi el\u0151\u00edr\u00e1soknak megfelel\u0151en \u00e9s a c\u00e9gcsoport egyszer\u0171s\u00edtett \u00fcgyviteli tev\u00e9kenys\u00e9g\u00e9nek megfelel\u0151en tov\u00e1bb\u00edtunk. Az adat\u00e1tad\u00e1s ebben a esetben is kiz\u00e1r\u00f3lag csak a t\u00f6rv\u00e9nyi el\u0151\u00edr\u00e1soknak megfelel\u0151en t\u00f6rt\u00e9nhet.<\/p>\r\n<p>Az \u00e1ltal\u00e1nos adatv\u00e9delmi rendelet 13. cikkely\u00e9nek 1-es bekezd\u00e9se szerint az al\u00e1bbi kateg\u00f3ri\u00e1kba sorolhat\u00f3 c\u00edmzetteknek k\u00fcldhet\u0151 adat:<\/p>\r\n<ul>\r\n<li>Alv\u00e1llalkoz\u00f3k, f\u0151v\u00e1llalkoz\u00f3k, besz\u00e1ll\u00edt\u00f3k<\/li>\r\n<li>Megb\u00edzott adatfeldolgoz\u00f3k<\/li>\r\n<li>Hivatalok, hat\u00f3s\u00e1gok, k\u00f6zszervek \u00e9s int\u00e9zm\u00e9nyek<\/li>\r\n<li>K\u00f6zjegyz\u0151k, jogi \u00e9s ad\u00f3tan\u00e1csad\u00f3k, k\u00f6vetel\u00e9skezel\u0151k, valamint jogi ig\u00e9nyeket \u00e9rv\u00e9nyes\u00edt\u0151, jogot gyakorl\u00f3 vagy megv\u00e9d\u0151 szak\u00e9rt\u0151k<\/li>\r\n<li>K\u00f6nyvvizsg\u00e1l\u00f3 t\u00e1rsas\u00e1gok<\/li>\r\n<li>Biztos\u00edt\u00f3 t\u00e1rsas\u00e1gok<\/li>\r\n<li>Hitel- \u00e9s p\u00e9nzint\u00e9zetek vagy hasonl\u00f3 szervezetek<\/li>\r\n<li>Jogi ig\u00e9nyeket \u00e9rv\u00e9nyes\u00edt\u0151, jogot gyakorl\u00f3 vagy megv\u00e9d\u0151 b\u00edr\u00f3s\u00e1gok<\/li>\r\n<li>B\u00e9k\u00e9ltet\u0151 test\u00fcletek<\/li>\r\n<\/ul>\r\n<h3><strong>6. ADATTITOKTART\u00c1SI K\u00d6TELEZETTS\u00c9G<\/strong><\/h3>\r\n<p>A V\u00e1llalat minden munkav\u00e1llal\u00f3ja \u00e9s a szerz\u0151d\u00e9ses partnerek munkav\u00e1llal\u00f3i titoktart\u00e1sra k\u00f6telezettek. Rendszeresen oktat\u00e1st kapnak a szem\u00e9lyes adatok kezel\u00e9s\u00e9t \u00e9s egy\u00e9b kritikus inform\u00e1ci\u00f3k kezel\u00e9s\u00e9t illet\u0151en.<\/p>\r\n<h3><strong>7. ADATBIZTONS\u00c1G<\/strong><\/h3>\r\n<p>Az adatok bizalmass\u00e1g\u00e1nak v\u00e9delme, el\u00e9rhet\u0151s\u00e9ge \u00e9s integrit\u00e1sa fontos feladat a V\u00e1llalat-on bel\u00fcl. Ez egyar\u00e1nt \u00e9rv\u00e9nyes az \u00fczleti titkokra, \u00fcgyf\u00e9ladatokra, szem\u00e9lyes adatokra \u00e9s m\u00e1s kritikus inform\u00e1ci\u00f3kra.<\/p>\r\n<p>Ezeket a c\u00e9lokat IT biztons\u00e1gtechnikai \u00e9s szervez\u00e9si int\u00e9zked\u00e9sek szolg\u00e1lj\u00e1k szak\u00e9rt\u0151i tapasztalatoknak, valamint biztons\u00e1gi standardoknak megfelel\u0151 megold\u00e1sok \u00fatj\u00e1n.<\/p>\r\n<h3><strong>8. ADATV\u00c9DELMI TISZTVISEL\u0150<\/strong><\/h3>\r\n<p>Az EU-s adatv\u00e9delmi t\u00f6rv\u00e9ny 37-e cikkely\u00e9nek 1. bekezd\u00e9se szerint a V\u00e1llalat-n\u00e1l nem sz\u00fcks\u00e9ges adatv\u00e9delmi tisztvisel\u0151 kijel\u00f6l\u00e9se. Az adatv\u00e9delem fontoss\u00e1ga miatt azonban a V\u00e1llalat \u00fagy d\u00f6nt\u00f6tt, hogy \u00f6nk\u00e9nt kijel\u00f6l egy adatv\u00e9delmi felel\u0151st. Ez a szem\u00e9ly t\u00f6lti be a kapcsolattart\u00f3 szerep\u00e9t az \u00e9rintettek \u00e9s az adatv\u00e9delmi hat\u00f3s\u00e1gok k\u00f6z\u00f6tt \u00e9s foglalkozik a v\u00e1llalat adatv\u00e9delmi t\u00e9m\u00e1ival.<\/p>\r\n<h3><strong>9. AZ \u00c9RINTETTEK JOGAI<\/strong><\/h3>\r\n<p>Minden \u00e9rintett szem\u00e9lynek, akinek az adatait a V\u00e1llalat kezeli, lehet\u0151s\u00e9ge van b\u00e1rmikor saj\u00e1t jog\u00e1ra hivatkozni \u00e9s ezeket a V\u00e1llalat adatv\u00e9delmi tisztvisel\u0151j\u00e9n\u00e9l \u00e9rv\u00e9nyes\u00edteni.<\/p>\r\n<p>Az \u00e9rintetts\u00e9gi jogok \u00e9rv\u00e9nyes\u00edt\u00e9se c\u00e9lj\u00e1b\u00f3l b\u00e1rmikor \u00edrhat e-mail-t az <a href=\"mailto:info@electrohug.com\">info@electrohug.com<\/a> c\u00edmre.<\/p>\r\n<p>T\u00e1j\u00e9koztat\u00e1shoz val\u00f3 jog: az \u00e9rintett szem\u00e9lyek b\u00e1rmikor k\u00e9rhetnek arr\u00f3l t\u00e1j\u00e9koztat\u00e1st, hogy mely szem\u00e9lyes adatokat dolgozz\u00e1k fel \u00e9s mely c\u00e9lt szolg\u00e1lja ez az adatfeldolgoz\u00e1s.<\/p>\r\n<p>Helyesb\u00edt\u00e9si jog: az \u00e9rintett szem\u00e9lyeknek joga van szem\u00e9lyes adatainak halad\u00e9ktalan helyesb\u00edt\u00e9s\u00e9t k\u00e9rni.<\/p>\r\n<p>Hozz\u00e1f\u00e9r\u00e9si jog: az \u00e9rintett szem\u00e9lyeknek joga van korl\u00e1tozni az adatfeldolgoz\u00e1st, ha az \u0151ket \u00e9rint\u0151 adatok helyess\u00e9ge vitathat\u00f3, a feldolgoz\u00e1s jogtalan, az adatok a feldolgoz\u00e1shoz hosszan nem sz\u00fcks\u00e9gesek vagy az \u00e9rintett szem\u00e9lyek a feldolgoz\u00e1st ellenzik.<\/p>\r\n<p>Visszavon\u00e1si jog: az \u00e9rintett szem\u00e9lyeknek joguk van b\u00e1rmikor visszavonni hozz\u00e1j\u00e1rul\u00e1sukat, hogy adataik feldolgoz\u00e1sra ker\u00fcljenek.<\/p>\r\n<p>Az adathordozhat\u00f3s\u00e1ghoz val\u00f3 jog: az \u00e9rintett szem\u00e9lyeknek joga van ahhoz, hogy a r\u00e1juk vonatkoz\u00f3 szem\u00e9lyes adatokat, amelyeket a V\u00e1llalat rendelkez\u00e9s\u00e9re bocs\u00e1jtottak, egy tagolt, sz\u00e9les k\u00f6rben haszn\u00e1lt, g\u00e9ppel olvashat\u00f3 form\u00e1tumban megkapj\u00e1k. Joguk van ezen k\u00edv\u00fcl, hogy ezen adatokat egy m\u00e1sik felel\u0151s szem\u00e9lynek tov\u00e1bb\u00edts\u00e1k, ha az technikailag megoldhat\u00f3. A tov\u00e1bb\u00edthat\u00f3s\u00e1g csak a szem\u00e9lyes adatokra vonatkozik, amelyeket automatikus elj\u00e1r\u00e1ssal fel lehet dolgozni.<\/p>\r\n<p>T\u00f6rl\u00e9s \u2013 Az elfeledtet\u00e9shez val\u00f3 jog: az \u00e9rintett szem\u00e9lyeknek joga van az \u0151t \u00e9rint\u0151 szem\u00e9lyes adatok t\u00f6rl\u00e9s\u00e9t halad\u00e9ktalanul k\u00e9rni, ha az adatkezel\u00e9s jogalapja nincs meg vagy m\u00e1r nem \u00e1ll fenn, ha az adatkezel\u00e9s visszautas\u00edthat\u00f3, az adatkezel\u00e9s jogszer\u0171tlen \u00e9s t\u00f6rv\u00e9nyileg szab\u00e1lyozott adatmeg\u0151rz\u00e9si hat\u00e1rid\u0151 a t\u00f6rl\u00e9st nem akad\u00e1lyozza.<\/p>\r\n<h3><strong>10. FOLYAMATOS ELLEN\u0150RZ\u00c9S \u00c9S JAV\u00cdT\u00c1S<\/strong><\/h3>\r\n<p>A min\u0151s\u00e9g \u00e9s a folyamatok permanens jav\u00edt\u00e1sa nagyon fontos szerepet t\u00f6lt be a V\u00e1llalat-on bel\u00fcl. Vannak meghat\u00e1rozott folyamatok, amelyek a min\u0151s\u00e9g \u00e1lland\u00f3 javul\u00e1s\u00e1t szolg\u00e1lj\u00e1k, ezt \u00e9vek \u00f3ta az ISO 9001-es min\u0151s\u00e9gbiztos\u00edt\u00e1sunk is al\u00e1t\u00e1masztja. Az adatv\u00e9delmi szab\u00e1lyoz\u00e1s ir\u00e1nyelveinek betart\u00e1s\u00e1t, valamint az \u00e9rv\u00e9nyes t\u00f6rv\u00e9nyi szab\u00e1lyoz\u00e1sok, az adatv\u00e9delmi \u00e9s adatbiztons\u00e1gi int\u00e9zked\u00e9sek hat\u00e9konys\u00e1g\u00e1t ezekkel a folyamatokkal m\u00e9rj\u00fck \u00e9s jav\u00edtjuk az\u00e9rt, hogy az adatv\u00e9delmi int\u00e9zked\u00e9sek optim\u00e1lis folyamat\u00e1t biztos\u00edtani tudjuk.<\/p>\r\n<p>[\/vc_column_text][\/vc_column][\/vc_row]<\/p>","protected":false},"excerpt":{"rendered":"<p>[vc_row css=&#8221;.vc_custom_1662018098756{margin-top: 50px !important;}&#8221;][vc_column width=&#8221;5\/6&#8243; offset=&#8221;vc_col-sm-offset-1&#8243;][vc_column_text] ELECTROHUG\u2013 G-SMT HUNGARY KFT. ADATV\u00c9DELEMI SZAB\u00c1LYOZ\u00c1SA PREAMBULUM Az ELECTROHUG GmbH. (sz\u00e9khely: 11 Zwickauerstrasse, D-93073 Neutraubling, N\u00e9metorsz\u00e1g.), (tov\u00e1bbiakban: V\u00e1llalat) minden \u00fczletfele \u00e9s munkav\u00e1llal\u00f3i szem\u00e9lyes adatainak v\u00e9delme megk\u00fcl\u00f6nb\u00f6ztetetten fontos sz\u00e1munkra. Ennek megfelel\u0151en kezel\u00e9s\u00fck sor\u00e1n folyamatosan gondoskodunk azok biztons\u00e1g\u00e1r\u00f3l, a V\u00e1llalat az alkalmazand\u00f3 t\u00f6rv\u00e9nyi szab\u00e1lyoz\u00e1soknak \u00e9s adatbiztons\u00e1gnak megfelel\u0151en kezeli a szem\u00e9lyes adatokat.&hellip;<\/p>\n","protected":false},"author":1,"featured_media":0,"parent":0,"menu_order":0,"comment_status":"closed","ping_status":"open","template":"","meta":{"inline_featured_image":false},"yoast_head":"<!-- This site is optimized with the Yoast SEO plugin v19.10 - https:\/\/yoast.com\/wordpress\/plugins\/seo\/ -->\n<title>Adatkezel\u00e9si t\u00e1j\u00e9koztat\u00f3 - Electrohug-<\/title>\n<meta name=\"robots\" content=\"index, follow, max-snippet:-1, max-image-preview:large, max-video-preview:-1\" \/>\n<link rel=\"canonical\" href=\"https:\/\/electrohug.com\/hu\/adatkezelesi-tajekoztato\/\" \/>\n<meta property=\"og:locale\" content=\"hu_HU\" \/>\n<meta property=\"og:type\" content=\"article\" \/>\n<meta property=\"og:title\" content=\"Adatkezel\u00e9si t\u00e1j\u00e9koztat\u00f3 - Electrohug-\" \/>\n<meta property=\"og:description\" content=\"[vc_row css=&#8221;.vc_custom_1662018098756{margin-top: 50px !important;}&#8221;][vc_column width=&#8221;5\/6&#8243; offset=&#8221;vc_col-sm-offset-1&#8243;][vc_column_text] ELECTROHUG\u2013 G-SMT HUNGARY KFT. ADATV\u00c9DELEMI SZAB\u00c1LYOZ\u00c1SA PREAMBULUM Az ELECTROHUG GmbH. (sz\u00e9khely: 11 Zwickauerstrasse, D-93073 Neutraubling, N\u00e9metorsz\u00e1g.), (tov\u00e1bbiakban: V\u00e1llalat) minden \u00fczletfele \u00e9s munkav\u00e1llal\u00f3i szem\u00e9lyes adatainak v\u00e9delme megk\u00fcl\u00f6nb\u00f6ztetetten fontos sz\u00e1munkra. Ennek megfelel\u0151en kezel\u00e9s\u00fck sor\u00e1n folyamatosan gondoskodunk azok biztons\u00e1g\u00e1r\u00f3l, a V\u00e1llalat az alkalmazand\u00f3 t\u00f6rv\u00e9nyi szab\u00e1lyoz\u00e1soknak \u00e9s adatbiztons\u00e1gnak megfelel\u0151en kezeli a szem\u00e9lyes adatokat.&hellip;\" \/>\n<meta property=\"og:url\" content=\"https:\/\/electrohug.com\/hu\/adatkezelesi-tajekoztato\/\" \/>\n<meta property=\"og:site_name\" content=\"Electrohug-\" \/>\n<meta property=\"article:modified_time\" content=\"2023-01-12T12:28:57+00:00\" \/>\n<meta name=\"twitter:card\" content=\"summary_large_image\" \/>\n<meta name=\"twitter:label1\" content=\"Becs\u00fclt olvas\u00e1si id\u0151\" \/>\n\t<meta name=\"twitter:data1\" content=\"6 perc\" \/>\n<script type=\"application\/ld+json\" class=\"yoast-schema-graph\">{\"@context\":\"https:\/\/schema.org\",\"@graph\":[{\"@type\":\"WebPage\",\"@id\":\"https:\/\/electrohug.com\/hu\/adatkezelesi-tajekoztato\/\",\"url\":\"https:\/\/electrohug.com\/hu\/adatkezelesi-tajekoztato\/\",\"name\":\"Adatkezel\u00e9si t\u00e1j\u00e9koztat\u00f3 - Electrohug-\",\"isPartOf\":{\"@id\":\"https:\/\/electrohug.com\/#website\"},\"datePublished\":\"2022-05-25T08:06:00+00:00\",\"dateModified\":\"2023-01-12T12:28:57+00:00\",\"breadcrumb\":{\"@id\":\"https:\/\/electrohug.com\/hu\/adatkezelesi-tajekoztato\/#breadcrumb\"},\"inLanguage\":\"hu\",\"potentialAction\":[{\"@type\":\"ReadAction\",\"target\":[\"https:\/\/electrohug.com\/hu\/adatkezelesi-tajekoztato\/\"]}]},{\"@type\":\"BreadcrumbList\",\"@id\":\"https:\/\/electrohug.com\/hu\/adatkezelesi-tajekoztato\/#breadcrumb\",\"itemListElement\":[{\"@type\":\"ListItem\",\"position\":1,\"name\":\"Home\",\"item\":\"https:\/\/electrohug.com\/hu\/\"},{\"@type\":\"ListItem\",\"position\":2,\"name\":\"Adatkezel\u00e9si t\u00e1j\u00e9koztat\u00f3\"}]},{\"@type\":\"WebSite\",\"@id\":\"https:\/\/electrohug.com\/#website\",\"url\":\"https:\/\/electrohug.com\/\",\"name\":\"Electrohug-\",\"description\":\"\",\"potentialAction\":[{\"@type\":\"SearchAction\",\"target\":{\"@type\":\"EntryPoint\",\"urlTemplate\":\"https:\/\/electrohug.com\/?s={search_term_string}\"},\"query-input\":\"required name=search_term_string\"}],\"inLanguage\":\"hu\"}]}<\/script>\n<!-- \/ Yoast SEO plugin. -->","yoast_head_json":{"title":"Adatkezel\u00e9si t\u00e1j\u00e9koztat\u00f3 - Electrohug-","robots":{"index":"index","follow":"follow","max-snippet":"max-snippet:-1","max-image-preview":"max-image-preview:large","max-video-preview":"max-video-preview:-1"},"canonical":"https:\/\/electrohug.com\/hu\/adatkezelesi-tajekoztato\/","og_locale":"hu_HU","og_type":"article","og_title":"Adatkezel\u00e9si t\u00e1j\u00e9koztat\u00f3 - Electrohug-","og_description":"[vc_row css=&#8221;.vc_custom_1662018098756{margin-top: 50px !important;}&#8221;][vc_column width=&#8221;5\/6&#8243; offset=&#8221;vc_col-sm-offset-1&#8243;][vc_column_text] ELECTROHUG\u2013 G-SMT HUNGARY KFT. ADATV\u00c9DELEMI SZAB\u00c1LYOZ\u00c1SA PREAMBULUM Az ELECTROHUG GmbH. (sz\u00e9khely: 11 Zwickauerstrasse, D-93073 Neutraubling, N\u00e9metorsz\u00e1g.), (tov\u00e1bbiakban: V\u00e1llalat) minden \u00fczletfele \u00e9s munkav\u00e1llal\u00f3i szem\u00e9lyes adatainak v\u00e9delme megk\u00fcl\u00f6nb\u00f6ztetetten fontos sz\u00e1munkra. Ennek megfelel\u0151en kezel\u00e9s\u00fck sor\u00e1n folyamatosan gondoskodunk azok biztons\u00e1g\u00e1r\u00f3l, a V\u00e1llalat az alkalmazand\u00f3 t\u00f6rv\u00e9nyi szab\u00e1lyoz\u00e1soknak \u00e9s adatbiztons\u00e1gnak megfelel\u0151en kezeli a szem\u00e9lyes adatokat.&hellip;","og_url":"https:\/\/electrohug.com\/hu\/adatkezelesi-tajekoztato\/","og_site_name":"Electrohug-","article_modified_time":"2023-01-12T12:28:57+00:00","twitter_card":"summary_large_image","twitter_misc":{"Becs\u00fclt olvas\u00e1si id\u0151":"6 perc"},"schema":{"@context":"https:\/\/schema.org","@graph":[{"@type":"WebPage","@id":"https:\/\/electrohug.com\/hu\/adatkezelesi-tajekoztato\/","url":"https:\/\/electrohug.com\/hu\/adatkezelesi-tajekoztato\/","name":"Adatkezel\u00e9si t\u00e1j\u00e9koztat\u00f3 - Electrohug-","isPartOf":{"@id":"https:\/\/electrohug.com\/#website"},"datePublished":"2022-05-25T08:06:00+00:00","dateModified":"2023-01-12T12:28:57+00:00","breadcrumb":{"@id":"https:\/\/electrohug.com\/hu\/adatkezelesi-tajekoztato\/#breadcrumb"},"inLanguage":"hu","potentialAction":[{"@type":"ReadAction","target":["https:\/\/electrohug.com\/hu\/adatkezelesi-tajekoztato\/"]}]},{"@type":"BreadcrumbList","@id":"https:\/\/electrohug.com\/hu\/adatkezelesi-tajekoztato\/#breadcrumb","itemListElement":[{"@type":"ListItem","position":1,"name":"Home","item":"https:\/\/electrohug.com\/hu\/"},{"@type":"ListItem","position":2,"name":"Adatkezel\u00e9si t\u00e1j\u00e9koztat\u00f3"}]},{"@type":"WebSite","@id":"https:\/\/electrohug.com\/#website","url":"https:\/\/electrohug.com\/","name":"Electrohug-","description":"","potentialAction":[{"@type":"SearchAction","target":{"@type":"EntryPoint","urlTemplate":"https:\/\/electrohug.com\/?s={search_term_string}"},"query-input":"required name=search_term_string"}],"inLanguage":"hu"}]}},"_links":{"self":[{"href":"https:\/\/electrohug.com\/hu\/wp-json\/wp\/v2\/pages\/240"}],"collection":[{"href":"https:\/\/electrohug.com\/hu\/wp-json\/wp\/v2\/pages"}],"about":[{"href":"https:\/\/electrohug.com\/hu\/wp-json\/wp\/v2\/types\/page"}],"author":[{"embeddable":true,"href":"https:\/\/electrohug.com\/hu\/wp-json\/wp\/v2\/users\/1"}],"replies":[{"embeddable":true,"href":"https:\/\/electrohug.com\/hu\/wp-json\/wp\/v2\/comments?post=240"}],"version-history":[{"count":9,"href":"https:\/\/electrohug.com\/hu\/wp-json\/wp\/v2\/pages\/240\/revisions"}],"predecessor-version":[{"id":536,"href":"https:\/\/electrohug.com\/hu\/wp-json\/wp\/v2\/pages\/240\/revisions\/536"}],"wp:attachment":[{"href":"https:\/\/electrohug.com\/hu\/wp-json\/wp\/v2\/media?parent=240"}],"curies":[{"name":"wp","href":"https:\/\/api.w.org\/{rel}","templated":true}]}}