{"id":413,"date":"2022-07-07T12:27:19","date_gmt":"2022-07-07T12:27:19","guid":{"rendered":"http:\/\/dev-electrohugcom.srv1.clbr.hu\/unsere-arbeit\/"},"modified":"2022-08-25T12:11:46","modified_gmt":"2022-08-25T12:11:46","slug":"unsere-arbeit","status":"publish","type":"page","link":"https:\/\/electrohug.com\/de\/unsere-arbeit\/","title":{"rendered":"Unsere Arbeit"},"content":{"rendered":"<p>[vc_row][vc_column width=&#8220;5\/6&#8243; offset=&#8220;vc_col-sm-offset-1&#8243; css=&#8220;.vc_custom_1661253042125{border-bottom-width: 1px !important;padding-top: 80px !important;padding-bottom: 80px !important;border-bottom-color: rgba(255,255,255,0.8) !important;border-bottom-style: solid !important;}&#8220;][vc_column_text css=&#8220;.vc_custom_1661253090578{margin-bottom: 0px !important;}&#8220;]<\/p>\n<h3>Partner I.<\/h3>\n<p><strong>Ein deutsches Produktionsunternehmen, das 1993 gegr\u00fcndet wurde, entwickelt und fertigt neue L\u00f6sungen f\u00fcr die industrielle Automatisierung und Steuerung.<\/strong><\/p>\n<h4>Project:<\/h4>\n<p><strong>Projekt: Herstellung neuer Produkte &#8211; PRODUKTENTWICKLUNG UND FERTIGUNGSBERATUNG<\/strong><\/p>\n<p>Der erste Schritt bestand darin, die Herstellbarkeit des bestehenden Produkts zu bewerten. Diese musste an die produktionstechnischen Gegebenheiten angepasst und die Produktionseinstellungen entsprechend konfiguriert, das Produkt neu bewertet und die Komponenten optimiert werden. In den ersten Jahren waren mehr als 5.000 Produkteinheiten pro Jahr und 2,5 Millionen Teile geplant, aber es mussten langfristige Ziele erreicht werden. Derzeit produziert ELECTROHUG mehr als 100.000 Einheiten des Basisprodukts und mehr als 200.000 zus\u00e4tzliche Produkte, die ebenfalls montiert werden. F\u00fcr dieses Projekt werden 52,8 Millionen Teile pro Jahr ben\u00f6tigt.<\/p>\n<h4>Ergebnis<\/h4>\n<p>Mit einer Steigerung des Produktvolumens um mehr als das 20-fache konnte ELECTROHUG durch die Weiterentwicklung der Fertigungstechnologie kurze und p\u00fcnktliche Produktions- und Lieferzeiten aufrechterhalten und gleichzeitig die Kosten um 23% senken.[\/vc_column_text][\/vc_column][\/vc_row][vc_row css=&#8220;.vc_custom_1661252840620{padding-top: 80px !important;}&#8220;][vc_column width=&#8220;5\/6&#8243; offset=&#8220;vc_col-sm-offset-1&#8243;][vc_column_text]<\/p>\n<h3>Partner II.<\/h3>\n<p><strong>Der Partner ist ein deutsches Unternehmen, das seit mehr als 30 Jahren f\u00fcr den Wellness-Markt entwirft und entwickelt.<\/strong><\/p>\n<h4>Projekt:<\/h4>\n<p><strong>KOMPLEXES EMS PRODUKTMANAGEMENT<\/strong><\/p>\n<p>Zuverl\u00e4ssigkeit und Qualit\u00e4t sind die Markenzeichen der Produkte von Partner, aber viele ihrer Produkte wurden vor den 2000er Jahren entwickelt. Unter elektronischen Gesichtspunkten ist ihre Herstellung heute ineffizient und unwirtschaftlich. Die Aufgabe von ELECTROHUG bestand darin, diese Spezifikationen zu verstehen, ihre traditionelle Qualit\u00e4t mit modernen technologischen Anforderungen zu verbinden und ihnen einen komplexen EMS-Service zu bieten.<\/p>\n<h4>Ergebnis<\/h4>\n<p>Die Herstellung eines Produkts, das seit Jahren wegen Rohstoffmangels nicht mehr produziert wurde. Dabei wurden die Produkte komplett \u00fcberarbeitet und um neue Funktionen erg\u00e4nzt. Da sie auf dem Markt nicht erh\u00e4ltlich waren, wurden viele der f\u00fcr das Projekt verwendeten Materialien von ELECTROHUG individuell hergestellt, um das Produkt zu erm\u00f6glichen. Dank der Einkaufsabteilung, dem dahinterstehenden Netzwerk von Lieferanten und unseren Ingenieuren konnte die Lieferzeit f\u00fcr einige Produkte von 18 Monaten auf 1,5 Monate verk\u00fcrzt werden.<br \/>\n&nbsp;<br \/>\nDurch die Verbesserung der Technologie f\u00fcr elektronische Endprodukte konnten die Herstellungskosten um 46 % gesenkt werden.[\/vc_column_text][\/vc_column][\/vc_row]<\/p>\n","protected":false},"excerpt":{"rendered":"<p>[vc_row][vc_column width=&#8220;5\/6&#8243; offset=&#8220;vc_col-sm-offset-1&#8243; css=&#8220;.vc_custom_1661253042125{border-bottom-width: 1px !important;padding-top: 80px !important;padding-bottom: 80px !important;border-bottom-color: rgba(255,255,255,0.8) !important;border-bottom-style: solid !important;}&#8220;][vc_column_text css=&#8220;.vc_custom_1661253090578{margin-bottom: 0px !important;}&#8220;] Partner I. Ein deutsches Produktionsunternehmen, das 1993 gegr\u00fcndet wurde, entwickelt und fertigt neue L\u00f6sungen f\u00fcr die industrielle Automatisierung und Steuerung. Project: Projekt: Herstellung neuer Produkte &#8211; PRODUKTENTWICKLUNG UND FERTIGUNGSBERATUNG Der erste Schritt bestand darin, die Herstellbarkeit des bestehenden&hellip;<\/p>\n","protected":false},"author":2,"featured_media":0,"parent":0,"menu_order":0,"comment_status":"closed","ping_status":"closed","template":"","meta":{"inline_featured_image":false},"yoast_head":"<!-- This site is optimized with the Yoast SEO plugin v19.10 - https:\/\/yoast.com\/wordpress\/plugins\/seo\/ -->\n<title>Unsere Arbeit - Electrohug-<\/title>\n<meta name=\"robots\" content=\"index, follow, max-snippet:-1, max-image-preview:large, max-video-preview:-1\" \/>\n<link rel=\"canonical\" href=\"https:\/\/electrohug.com\/de\/unsere-arbeit\/\" \/>\n<meta property=\"og:locale\" content=\"de_DE\" \/>\n<meta property=\"og:type\" content=\"article\" \/>\n<meta property=\"og:title\" content=\"Unsere Arbeit - Electrohug-\" \/>\n<meta property=\"og:description\" content=\"[vc_row][vc_column width=&#8220;5\/6&#8243; offset=&#8220;vc_col-sm-offset-1&#8243; css=&#8220;.vc_custom_1661253042125{border-bottom-width: 1px !important;padding-top: 80px !important;padding-bottom: 80px !important;border-bottom-color: rgba(255,255,255,0.8) !important;border-bottom-style: solid !important;}&#8220;][vc_column_text css=&#8220;.vc_custom_1661253090578{margin-bottom: 0px !important;}&#8220;] Partner I. Ein deutsches Produktionsunternehmen, das 1993 gegr\u00fcndet wurde, entwickelt und fertigt neue L\u00f6sungen f\u00fcr die industrielle Automatisierung und Steuerung. Project: Projekt: Herstellung neuer Produkte &#8211; PRODUKTENTWICKLUNG UND FERTIGUNGSBERATUNG Der erste Schritt bestand darin, die Herstellbarkeit des bestehenden&hellip;\" \/>\n<meta property=\"og:url\" content=\"https:\/\/electrohug.com\/de\/unsere-arbeit\/\" \/>\n<meta property=\"og:site_name\" content=\"Electrohug-\" \/>\n<meta property=\"article:modified_time\" content=\"2022-08-25T12:11:46+00:00\" \/>\n<meta name=\"twitter:card\" content=\"summary_large_image\" \/>\n<meta name=\"twitter:label1\" content=\"Gesch\u00e4tzte Lesezeit\" \/>\n\t<meta name=\"twitter:data1\" content=\"2\u00a0Minuten\" \/>\n<script type=\"application\/ld+json\" class=\"yoast-schema-graph\">{\"@context\":\"https:\/\/schema.org\",\"@graph\":[{\"@type\":\"WebPage\",\"@id\":\"https:\/\/electrohug.com\/de\/unsere-arbeit\/\",\"url\":\"https:\/\/electrohug.com\/de\/unsere-arbeit\/\",\"name\":\"Unsere Arbeit - Electrohug-\",\"isPartOf\":{\"@id\":\"https:\/\/electrohug.com\/#website\"},\"datePublished\":\"2022-07-07T12:27:19+00:00\",\"dateModified\":\"2022-08-25T12:11:46+00:00\",\"breadcrumb\":{\"@id\":\"https:\/\/electrohug.com\/de\/unsere-arbeit\/#breadcrumb\"},\"inLanguage\":\"de\",\"potentialAction\":[{\"@type\":\"ReadAction\",\"target\":[\"https:\/\/electrohug.com\/de\/unsere-arbeit\/\"]}]},{\"@type\":\"BreadcrumbList\",\"@id\":\"https:\/\/electrohug.com\/de\/unsere-arbeit\/#breadcrumb\",\"itemListElement\":[{\"@type\":\"ListItem\",\"position\":1,\"name\":\"Home\",\"item\":\"https:\/\/electrohug.com\/de\/\"},{\"@type\":\"ListItem\",\"position\":2,\"name\":\"Unsere Arbeit\"}]},{\"@type\":\"WebSite\",\"@id\":\"https:\/\/electrohug.com\/#website\",\"url\":\"https:\/\/electrohug.com\/\",\"name\":\"Electrohug-\",\"description\":\"\",\"potentialAction\":[{\"@type\":\"SearchAction\",\"target\":{\"@type\":\"EntryPoint\",\"urlTemplate\":\"https:\/\/electrohug.com\/?s={search_term_string}\"},\"query-input\":\"required name=search_term_string\"}],\"inLanguage\":\"de\"}]}<\/script>\n<!-- \/ Yoast SEO plugin. -->","yoast_head_json":{"title":"Unsere Arbeit - Electrohug-","robots":{"index":"index","follow":"follow","max-snippet":"max-snippet:-1","max-image-preview":"max-image-preview:large","max-video-preview":"max-video-preview:-1"},"canonical":"https:\/\/electrohug.com\/de\/unsere-arbeit\/","og_locale":"de_DE","og_type":"article","og_title":"Unsere Arbeit - Electrohug-","og_description":"[vc_row][vc_column width=&#8220;5\/6&#8243; offset=&#8220;vc_col-sm-offset-1&#8243; css=&#8220;.vc_custom_1661253042125{border-bottom-width: 1px !important;padding-top: 80px !important;padding-bottom: 80px !important;border-bottom-color: rgba(255,255,255,0.8) !important;border-bottom-style: solid !important;}&#8220;][vc_column_text css=&#8220;.vc_custom_1661253090578{margin-bottom: 0px !important;}&#8220;] Partner I. Ein deutsches Produktionsunternehmen, das 1993 gegr\u00fcndet wurde, entwickelt und fertigt neue L\u00f6sungen f\u00fcr die industrielle Automatisierung und Steuerung. Project: Projekt: Herstellung neuer Produkte &#8211; PRODUKTENTWICKLUNG UND FERTIGUNGSBERATUNG Der erste Schritt bestand darin, die Herstellbarkeit des bestehenden&hellip;","og_url":"https:\/\/electrohug.com\/de\/unsere-arbeit\/","og_site_name":"Electrohug-","article_modified_time":"2022-08-25T12:11:46+00:00","twitter_card":"summary_large_image","twitter_misc":{"Gesch\u00e4tzte Lesezeit":"2\u00a0Minuten"},"schema":{"@context":"https:\/\/schema.org","@graph":[{"@type":"WebPage","@id":"https:\/\/electrohug.com\/de\/unsere-arbeit\/","url":"https:\/\/electrohug.com\/de\/unsere-arbeit\/","name":"Unsere Arbeit - Electrohug-","isPartOf":{"@id":"https:\/\/electrohug.com\/#website"},"datePublished":"2022-07-07T12:27:19+00:00","dateModified":"2022-08-25T12:11:46+00:00","breadcrumb":{"@id":"https:\/\/electrohug.com\/de\/unsere-arbeit\/#breadcrumb"},"inLanguage":"de","potentialAction":[{"@type":"ReadAction","target":["https:\/\/electrohug.com\/de\/unsere-arbeit\/"]}]},{"@type":"BreadcrumbList","@id":"https:\/\/electrohug.com\/de\/unsere-arbeit\/#breadcrumb","itemListElement":[{"@type":"ListItem","position":1,"name":"Home","item":"https:\/\/electrohug.com\/de\/"},{"@type":"ListItem","position":2,"name":"Unsere Arbeit"}]},{"@type":"WebSite","@id":"https:\/\/electrohug.com\/#website","url":"https:\/\/electrohug.com\/","name":"Electrohug-","description":"","potentialAction":[{"@type":"SearchAction","target":{"@type":"EntryPoint","urlTemplate":"https:\/\/electrohug.com\/?s={search_term_string}"},"query-input":"required name=search_term_string"}],"inLanguage":"de"}]}},"_links":{"self":[{"href":"https:\/\/electrohug.com\/de\/wp-json\/wp\/v2\/pages\/413"}],"collection":[{"href":"https:\/\/electrohug.com\/de\/wp-json\/wp\/v2\/pages"}],"about":[{"href":"https:\/\/electrohug.com\/de\/wp-json\/wp\/v2\/types\/page"}],"author":[{"embeddable":true,"href":"https:\/\/electrohug.com\/de\/wp-json\/wp\/v2\/users\/2"}],"replies":[{"embeddable":true,"href":"https:\/\/electrohug.com\/de\/wp-json\/wp\/v2\/comments?post=413"}],"version-history":[{"count":2,"href":"https:\/\/electrohug.com\/de\/wp-json\/wp\/v2\/pages\/413\/revisions"}],"predecessor-version":[{"id":415,"href":"https:\/\/electrohug.com\/de\/wp-json\/wp\/v2\/pages\/413\/revisions\/415"}],"wp:attachment":[{"href":"https:\/\/electrohug.com\/de\/wp-json\/wp\/v2\/media?parent=413"}],"curies":[{"name":"wp","href":"https:\/\/api.w.org\/{rel}","templated":true}]}}