{"id":410,"date":"2022-05-25T09:36:24","date_gmt":"2022-05-25T09:36:24","guid":{"rendered":"http:\/\/dev-electrohugcom.srv1.clbr.hu\/unsere-loesungen\/"},"modified":"2022-08-25T11:52:47","modified_gmt":"2022-08-25T11:52:47","slug":"unsere-loesungen","status":"publish","type":"page","link":"https:\/\/electrohug.com\/de\/unsere-loesungen\/","title":{"rendered":"Unsere L\u00f6sungen"},"content":{"rendered":"<p>[vc_row full_height=&#8220;yes&#8220; css=&#8220;.vc_custom_1658747151390{padding-top: 50px !important;padding-bottom: 50px !important;}&#8220; el_id=&#8220;complex-ems-management&#8220;][vc_column width=&#8220;5\/6&#8243; offset=&#8220;vc_col-sm-offset-1&#8243;][vc_column_text]<\/p>\n<h2 class=\"h1\" style=\"text-align: center;\">Komplexes Ems-Produktionsmanagement<\/h2>\n<p style=\"text-align: center;\">Das komplexe Management der Ausf\u00fchrung der bestellten Produkte von der Entwurfsphase bis zum fertigen Produkt, das in jedem Fall die Bewertung der Herstellbarkeit der Produkte, die Bewertung der technischen Durchf\u00fchrbarkeit der Produkte, die Optimierung der Produktionszeit und -kosten, die Herstellung von Mustern, die Herstellung und Pr\u00fcfung des fertigen Produkts bis hin zur Verpackung umfasst.<\/p>\n<p>[\/vc_column_text][vc_raw_html]PGRpdiBjbGFzcz0iY29udGFpbmVyLXNjcm9sbCI+DQogIDxkaXYgY2xhc3M9ImNoZXZyb24iPjwvZGl2Pg0KICA8ZGl2IGNsYXNzPSJjaGV2cm9uIj48L2Rpdj4NCiAgPGRpdiBjbGFzcz0iY2hldnJvbiI+PC9kaXY+DQogIDxzcGFuIGNsYXNzPSJ0ZXh0Ij5TY3JvbGwgZG93bjwvc3Bhbj4NCiAgPGEgY2xhc3M9InRleHQgYW5jaG9yLWxpbmsiIGhyZWY9IiMhL2V4ZWN1dGlvbi1hZHZpc2luZyI+QkVSQVRVTkcgQkVJIFBST0RVS1RERVNJR04gVU5EIEhFUlNURUxMVU5HPC9hPg0KPC9kaXY+[\/vc_raw_html][\/vc_column][\/vc_row][vc_row full_height=&#8220;yes&#8220; el_id=&#8220;execution-advising&#8220;][vc_column width=&#8220;5\/6&#8243; offset=&#8220;vc_col-sm-offset-1&#8243;][vc_column_text]<\/p>\n<h2 class=\"h1\" style=\"text-align: center;\">Beratung Bei Produktdesign Und Herstellung<\/h2>\n<p style=\"text-align: center;\">Umfasst die volle Kontrolle \u00fcber das Produkt, sobald es entworfen und produktionsreif ist, mit Schwerpunkt darauf, eine problemlose Umsetzung zu erm\u00f6glichen und sicherzustellen. Alle Produkte werden einer 100%igen Kontrolle unterzogen. Es wird eine Risikobewertung f\u00fcr die Herstellung und Verwendung des Produkts auf der Grundlage des Rohmaterials und der Herstellungsprozesse durchgef\u00fchrt, die zur Implementierung geeigneter Kontrollprozesse f\u00fchrt. Gut gew\u00e4hlte Herstellungs- und Kontrollprozesse erm\u00f6glichen eine kosteng\u00fcnstige und qualitativ hochwertige Serienproduktion und gew\u00e4hrleisten so die f\u00fcr die Kundenzufriedenheit erforderliche hohe Produktqualit\u00e4t.<\/p>\n<p>[\/vc_column_text][vc_raw_html]PGRpdiBjbGFzcz0iY29udGFpbmVyLXNjcm9sbCI+DQogIDxkaXYgY2xhc3M9ImNoZXZyb24iPjwvZGl2Pg0KICA8ZGl2IGNsYXNzPSJjaGV2cm9uIj48L2Rpdj4NCiAgPGRpdiBjbGFzcz0iY2hldnJvbiI+PC9kaXY+DQogIDxzcGFuIGNsYXNzPSJ0ZXh0Ij5TY3JvbGwgZG93bjwvc3Bhbj4NCiAgPGEgY2xhc3M9InRleHQgYW5jaG9yLWxpbmsiIGhyZWY9IiMhL3N1cHBsaWVyLW5ldHdvcmstbWFuYWdlbWVudCI+TUFOQUdFTUVOVCBWT04gTElFRkVSQU5URU5CRVpJRUhVTkdFTjwvYT4NCjwvZGl2Pg==[\/vc_raw_html][\/vc_column][\/vc_row][vc_row full_height=&#8220;yes&#8220; el_id=&#8220;supplier-network-management&#8220;][vc_column width=&#8220;5\/6&#8243; offset=&#8220;vc_col-sm-offset-1&#8243;][vc_column_text]<\/p>\n<h2 class=\"h1\" style=\"text-align: center;\">Management von lieferantenbeziehungen<\/h2>\n<p style=\"text-align: center;\">In der Produktherstellung ist es von entscheidender Bedeutung, die richtigen Lieferanten f\u00fcr die jeweiligen Prozesse zu finden. Es umfasst die Einholung von Angeboten, den Aufbau der richtigen professionellen Beziehungen zu ihnen, die Vertretung der Kundeninteressen bei Verhandlungen, d.\u00a0h. das Management des gesamten Produktherstellungsprozesses.<\/p>\n<p>[\/vc_column_text][\/vc_column][\/vc_row]<\/p>\n","protected":false},"excerpt":{"rendered":"<p>[vc_row full_height=&#8220;yes&#8220; css=&#8220;.vc_custom_1658747151390{padding-top: 50px !important;padding-bottom: 50px !important;}&#8220; el_id=&#8220;complex-ems-management&#8220;][vc_column width=&#8220;5\/6&#8243; offset=&#8220;vc_col-sm-offset-1&#8243;][vc_column_text] Komplexes Ems-Produktionsmanagement Das komplexe Management der Ausf\u00fchrung der bestellten Produkte von der Entwurfsphase bis zum fertigen Produkt, das in jedem Fall die Bewertung der Herstellbarkeit der Produkte, die Bewertung der technischen Durchf\u00fchrbarkeit der Produkte, die Optimierung der Produktionszeit und -kosten, die Herstellung von Mustern, die&hellip;<\/p>\n","protected":false},"author":1,"featured_media":0,"parent":0,"menu_order":0,"comment_status":"closed","ping_status":"closed","template":"","meta":{"inline_featured_image":false},"yoast_head":"<!-- This site is optimized with the Yoast SEO plugin v19.10 - https:\/\/yoast.com\/wordpress\/plugins\/seo\/ -->\n<title>Unsere L\u00f6sungen - Electrohug-<\/title>\n<meta name=\"robots\" content=\"index, follow, max-snippet:-1, max-image-preview:large, max-video-preview:-1\" \/>\n<link rel=\"canonical\" href=\"https:\/\/electrohug.com\/de\/unsere-loesungen\/\" \/>\n<meta property=\"og:locale\" content=\"de_DE\" \/>\n<meta property=\"og:type\" content=\"article\" \/>\n<meta property=\"og:title\" content=\"Unsere L\u00f6sungen - Electrohug-\" \/>\n<meta property=\"og:description\" content=\"[vc_row full_height=&#8220;yes&#8220; css=&#8220;.vc_custom_1658747151390{padding-top: 50px !important;padding-bottom: 50px !important;}&#8220; el_id=&#8220;complex-ems-management&#8220;][vc_column width=&#8220;5\/6&#8243; offset=&#8220;vc_col-sm-offset-1&#8243;][vc_column_text] Komplexes Ems-Produktionsmanagement Das komplexe Management der Ausf\u00fchrung der bestellten Produkte von der Entwurfsphase bis zum fertigen Produkt, das in jedem Fall die Bewertung der Herstellbarkeit der Produkte, die Bewertung der technischen Durchf\u00fchrbarkeit der Produkte, die Optimierung der Produktionszeit und -kosten, die Herstellung von Mustern, die&hellip;\" \/>\n<meta property=\"og:url\" content=\"https:\/\/electrohug.com\/de\/unsere-loesungen\/\" \/>\n<meta property=\"og:site_name\" content=\"Electrohug-\" \/>\n<meta property=\"article:modified_time\" content=\"2022-08-25T11:52:47+00:00\" \/>\n<meta name=\"twitter:card\" content=\"summary_large_image\" \/>\n<meta name=\"twitter:label1\" content=\"Gesch\u00e4tzte Lesezeit\" \/>\n\t<meta name=\"twitter:data1\" content=\"2\u00a0Minuten\" \/>\n<script type=\"application\/ld+json\" class=\"yoast-schema-graph\">{\"@context\":\"https:\/\/schema.org\",\"@graph\":[{\"@type\":\"WebPage\",\"@id\":\"https:\/\/electrohug.com\/de\/unsere-loesungen\/\",\"url\":\"https:\/\/electrohug.com\/de\/unsere-loesungen\/\",\"name\":\"Unsere L\u00f6sungen - Electrohug-\",\"isPartOf\":{\"@id\":\"https:\/\/electrohug.com\/#website\"},\"datePublished\":\"2022-05-25T09:36:24+00:00\",\"dateModified\":\"2022-08-25T11:52:47+00:00\",\"breadcrumb\":{\"@id\":\"https:\/\/electrohug.com\/de\/unsere-loesungen\/#breadcrumb\"},\"inLanguage\":\"de\",\"potentialAction\":[{\"@type\":\"ReadAction\",\"target\":[\"https:\/\/electrohug.com\/de\/unsere-loesungen\/\"]}]},{\"@type\":\"BreadcrumbList\",\"@id\":\"https:\/\/electrohug.com\/de\/unsere-loesungen\/#breadcrumb\",\"itemListElement\":[{\"@type\":\"ListItem\",\"position\":1,\"name\":\"Home\",\"item\":\"https:\/\/electrohug.com\/de\/\"},{\"@type\":\"ListItem\",\"position\":2,\"name\":\"Unsere L\u00f6sungen\"}]},{\"@type\":\"WebSite\",\"@id\":\"https:\/\/electrohug.com\/#website\",\"url\":\"https:\/\/electrohug.com\/\",\"name\":\"Electrohug-\",\"description\":\"\",\"potentialAction\":[{\"@type\":\"SearchAction\",\"target\":{\"@type\":\"EntryPoint\",\"urlTemplate\":\"https:\/\/electrohug.com\/?s={search_term_string}\"},\"query-input\":\"required name=search_term_string\"}],\"inLanguage\":\"de\"}]}<\/script>\n<!-- \/ Yoast SEO plugin. -->","yoast_head_json":{"title":"Unsere L\u00f6sungen - Electrohug-","robots":{"index":"index","follow":"follow","max-snippet":"max-snippet:-1","max-image-preview":"max-image-preview:large","max-video-preview":"max-video-preview:-1"},"canonical":"https:\/\/electrohug.com\/de\/unsere-loesungen\/","og_locale":"de_DE","og_type":"article","og_title":"Unsere L\u00f6sungen - Electrohug-","og_description":"[vc_row full_height=&#8220;yes&#8220; css=&#8220;.vc_custom_1658747151390{padding-top: 50px !important;padding-bottom: 50px !important;}&#8220; el_id=&#8220;complex-ems-management&#8220;][vc_column width=&#8220;5\/6&#8243; offset=&#8220;vc_col-sm-offset-1&#8243;][vc_column_text] Komplexes Ems-Produktionsmanagement Das komplexe Management der Ausf\u00fchrung der bestellten Produkte von der Entwurfsphase bis zum fertigen Produkt, das in jedem Fall die Bewertung der Herstellbarkeit der Produkte, die Bewertung der technischen Durchf\u00fchrbarkeit der Produkte, die Optimierung der Produktionszeit und -kosten, die Herstellung von Mustern, die&hellip;","og_url":"https:\/\/electrohug.com\/de\/unsere-loesungen\/","og_site_name":"Electrohug-","article_modified_time":"2022-08-25T11:52:47+00:00","twitter_card":"summary_large_image","twitter_misc":{"Gesch\u00e4tzte Lesezeit":"2\u00a0Minuten"},"schema":{"@context":"https:\/\/schema.org","@graph":[{"@type":"WebPage","@id":"https:\/\/electrohug.com\/de\/unsere-loesungen\/","url":"https:\/\/electrohug.com\/de\/unsere-loesungen\/","name":"Unsere L\u00f6sungen - Electrohug-","isPartOf":{"@id":"https:\/\/electrohug.com\/#website"},"datePublished":"2022-05-25T09:36:24+00:00","dateModified":"2022-08-25T11:52:47+00:00","breadcrumb":{"@id":"https:\/\/electrohug.com\/de\/unsere-loesungen\/#breadcrumb"},"inLanguage":"de","potentialAction":[{"@type":"ReadAction","target":["https:\/\/electrohug.com\/de\/unsere-loesungen\/"]}]},{"@type":"BreadcrumbList","@id":"https:\/\/electrohug.com\/de\/unsere-loesungen\/#breadcrumb","itemListElement":[{"@type":"ListItem","position":1,"name":"Home","item":"https:\/\/electrohug.com\/de\/"},{"@type":"ListItem","position":2,"name":"Unsere L\u00f6sungen"}]},{"@type":"WebSite","@id":"https:\/\/electrohug.com\/#website","url":"https:\/\/electrohug.com\/","name":"Electrohug-","description":"","potentialAction":[{"@type":"SearchAction","target":{"@type":"EntryPoint","urlTemplate":"https:\/\/electrohug.com\/?s={search_term_string}"},"query-input":"required name=search_term_string"}],"inLanguage":"de"}]}},"_links":{"self":[{"href":"https:\/\/electrohug.com\/de\/wp-json\/wp\/v2\/pages\/410"}],"collection":[{"href":"https:\/\/electrohug.com\/de\/wp-json\/wp\/v2\/pages"}],"about":[{"href":"https:\/\/electrohug.com\/de\/wp-json\/wp\/v2\/types\/page"}],"author":[{"embeddable":true,"href":"https:\/\/electrohug.com\/de\/wp-json\/wp\/v2\/users\/1"}],"replies":[{"embeddable":true,"href":"https:\/\/electrohug.com\/de\/wp-json\/wp\/v2\/comments?post=410"}],"version-history":[{"count":2,"href":"https:\/\/electrohug.com\/de\/wp-json\/wp\/v2\/pages\/410\/revisions"}],"predecessor-version":[{"id":412,"href":"https:\/\/electrohug.com\/de\/wp-json\/wp\/v2\/pages\/410\/revisions\/412"}],"wp:attachment":[{"href":"https:\/\/electrohug.com\/de\/wp-json\/wp\/v2\/media?parent=410"}],"curies":[{"name":"wp","href":"https:\/\/api.w.org\/{rel}","templated":true}]}}