{"id":407,"date":"2022-05-25T09:36:09","date_gmt":"2022-05-25T09:36:09","guid":{"rendered":"http:\/\/dev-electrohugcom.srv1.clbr.hu\/fertigung\/"},"modified":"2022-10-11T09:52:49","modified_gmt":"2022-10-11T09:52:49","slug":"fertigung","status":"publish","type":"page","link":"https:\/\/electrohug.com\/de\/fertigung\/","title":{"rendered":"Fertigung"},"content":{"rendered":"<p>[vc_row][vc_column]<style type=\"text\/css\" data-type=\"the7_shortcodes-inline-css\">.shortcode-single-image-wrap.shortcode-single-image-60ef22c5ff7fed3bbf9d55703849a586.enable-bg-rollover .rollover i,\n.shortcode-single-image-wrap.shortcode-single-image-60ef22c5ff7fed3bbf9d55703849a586.enable-bg-rollover .rollover-video i {\n  background: -webkit-linear-gradient();\n  background: linear-gradient();\n}\n.shortcode-single-image-wrap.shortcode-single-image-60ef22c5ff7fed3bbf9d55703849a586 .rollover-icon {\n  font-size: 32px;\n  color: #ffffff;\n  min-width: 44px;\n  min-height: 44px;\n  line-height: 44px;\n  border-radius: 100px;\n  border-style: solid;\n  border-width: 0px;\n}\n.dt-icon-bg-on.shortcode-single-image-wrap.shortcode-single-image-60ef22c5ff7fed3bbf9d55703849a586 .rollover-icon {\n  background: rgba(255,255,255,0.3);\n  box-shadow: none;\n}\n<\/style><div class=\"shortcode-single-image-wrap shortcode-single-image-60ef22c5ff7fed3bbf9d55703849a586 alignnone fadeInDownBig animate-element  enable-bg-rollover dt-icon-bg-off\" style=\"margin-top:0px; margin-bottom:0px; margin-left:0px; margin-right:0px;\"><div class=\"shortcode-single-image hero-head\"><div class=\"fancy-media-wrap  layzr-bg\" style=\"\"><img class=\"preload-me lazy-load\" src=\"data:image\/svg+xml,%3Csvg%20xmlns%3D&#39;http%3A%2F%2Fwww.w3.org%2F2000%2Fsvg&#39;%20viewBox%3D&#39;0%200%202560%20683&#39;%2F%3E\" data-src=\"https:\/\/electrohug.com\/wp-content\/uploads\/2022\/07\/electrohug-gyartas.png\" data-srcset=\"https:\/\/electrohug.com\/wp-content\/uploads\/2022\/07\/electrohug-gyartas.png 2560w\" width=\"2560\" height=\"683\"  data-dt-location=\"https:\/\/electrohug.com\/de\/production\/electrohug-gyartas\/\" style=\"\" alt=\"\" \/><\/div><\/div><\/div>[\/vc_column][\/vc_row][vc_row css=&#8220;.vc_custom_1657616555393{margin-bottom: 80px !important;}&#8220;][vc_column width=&#8220;5\/6&#8243; offset=&#8220;vc_col-sm-offset-1&#8243;][vc_column_text]<\/p>\n<h1>SMT Fertigung<\/h1>\n<p>Von der Serienfertigung in gro\u00dfem Umfang bis hin zur Produktion einer Mindestzahl von Mustern. In der SMT-Fertigung bauen und steuern unsere Spezialisten den Produktionsprozess aufgrund ihrer Erfahrung in der Herstellung komplexer Produkte und gew\u00e4hrleisten so eine Lieferung, die Ihren Erwartungen entspricht.<\/p>\n<p>Unsere SMT-Produktionslinie ist vollst\u00e4ndig automatisiert, so dass eine Besch\u00e4digung der Komponenten v\u00f6llig ausgeschlossen ist. Wir verarbeiten die sensibelsten ICs und BGAs mit unserem High-Level-ESD-System. Von der Bauteilgr\u00f6\u00dfe 0201 bis zu 88x88mm f\u00fchren wir die automatische Best\u00fcckung und Pr\u00fcfung von oberfl\u00e4chenmontierten und durchkontaktierten Bauteilen durch. Wir bearbeiten ein breites Spektrum an gedruckten Schaltungen in einem Gr\u00f6\u00dfenbereich von 50 mm bis 500 mm Breite und L\u00e4nge.<\/p>\n<p><strong>Konfiguration unserer SMT-Produktionslinie:<\/strong><\/p>\n<ul>\n<li>Automatisches PCB-Handling im Magazin (ASYS, Rommel)<\/li>\n<li>Automatischer Pastendrucker (EKRA)<\/li>\n<li>3D-Solder-Paste-Inspektion (KohYoung)<\/li>\n<li>Automatische Best\u00fcckung &#8211; von Rolle, Tray oder Rohr (Siemens)<\/li>\n<li>Reflow-Ofen mit Stickstoffatmosph\u00e4re (Rehm)<\/li>\n<li>FIFO-Zuf\u00fchrung (ASYS)<\/li>\n<li>AOI (VISCOM, VI)<\/li>\n<li>Optische Inspektion (Optilia System)<\/li>\n<li>Etikettierung (Zebra)<\/li>\n<li>Lasergravur<\/li>\n<\/ul>\n<p>[\/vc_column_text][vc_column_text]<\/p>\n<h2 class=\"h1\">TH Technologie<\/h2>\n<p>THT \u2013 Durchsteckmontage &#8211; Montage und L\u00f6ten von axialen und radialen Bauelementen. Die Teile k\u00f6nnen je nach Produktanforderung manuell oder maschinell montiert werden. Das L\u00f6ten kann mit einer automatisierten Selektivl\u00f6tanlage durchgef\u00fchrt werden, die den Standards der Automobilindustrie entspricht (Prozesskamera, automatische Wellenpegelregelung, L\u00f6ten in Stickstoffatmosph\u00e4re). Dank der Selektivl\u00f6ttechnik erfolgt nicht nur das L\u00f6ten, sondern auch der Flussmittelauftrag selektiv, wodurch die Verunreinigung des Endprodukts durch Flussmittel minimiert wird. Zur Reinigung der Produkte ist eine halbautomatische Reinigungsanlage installiert, die geeignet ist, ein H\u00f6chstma\u00df an Sauberkeit der Platten zu erreichen, um so die bestm\u00f6glichen Bedingungen f\u00fcr die Lackierung zu gew\u00e4hrleisten.[\/vc_column_text][vc_column_text]<\/p>\n<h2 class=\"h1\">Prototypenfertigung<\/h2>\n<p>Wir f\u00fchren komplette Musterfertigungen von kompletten Elementen, Serienfertigungen in kleinen und gro\u00dfen Serien durch. Mit der Fertigung von Prototypen und Mustern schaffen wir die Voraussetzungen f\u00fcr eine effiziente Produktion. Von der ersten Idee bis zum gepr\u00fcften und freigegebenen Produkt ist die Produktion flexibel, schnell und innovativ und erf\u00fcllt dabei h\u00f6chste Qualit\u00e4tsstandards.&nbsp;Besonderes Augenmerk legen wir bei unseren Auftr\u00e4gen auf ein koordiniertes technologisches Verst\u00e4ndnis und die Abstimmung.[\/vc_column_text][vc_column_text]<\/p>\n<h2 class=\"h1\">Manuelle Installation, Reparatur<\/h2>\n<p>Bei den einzelnen Arbeitsabl\u00e4ufen, die w\u00e4hrend der Endmontage auftreten, k\u00f6nnen wir mit manueller oder halbautomatisierter Ausr\u00fcstung l\u00f6sen (Schrauben, Drahtl\u00f6ten, Verpackung, Pr\u00fcfen usw.). Die manuelle Best\u00fcckung ist eine flexible und umweltfreundliche M\u00f6glichkeit, Leiterplatten in hoher Qualit\u00e4t herzustellen. Wir unterst\u00fctzen unsere Partner dabei, die Technologie im Produktionsprozess zu maximieren, die Budgets zu optimieren und h\u00f6chste Qualit\u00e4t zu erreichen. Zus\u00e4tzlich zu den Inspektionen in der Produktion f\u00fchren wir auch eine 100%ige visuelle Endkontrolle aller unserer Produkte durch, um eine hohe Qualit\u00e4t zu gew\u00e4hrleisten, und zwar durch unsere IPC-A-610-zertifizierten Experten.[\/vc_column_text][vc_column_text]<\/p>\n<h2 class=\"h1\">BGA Reparatur<\/h2>\n<p>Komplexere Baugruppen mit speziellen SMD-Bauteilen (wie BGA oder QFP) werden mit einer Rework-Station repariert. Dies erm\u00f6glicht die gezielte Entfernung oder den Austausch von fehlerhaften Bauteilen. Wir f\u00fchren QFP-, QFN-, BGA-L\u00f6ten, Reparatur von Werksausschuss, BGA-Austausch und Rework durch. Dank unserer R\u00f6ntgeninspektion k\u00f6nnen wir unsere Reparaturen zu 100 % verifizieren, und unser ESD-System erm\u00f6glicht uns die Arbeit mit empfindlichen Komponenten.[\/vc_column_text][vc_column_text]<\/p>\n<h2 class=\"h1\">Auftragsfertigung, Teilmontage<\/h2>\n<p><strong>PCB washing:<\/strong><br \/>\nMit unserer halbautomatischen DCT INJET Einrichtung k\u00f6nnen wir die nach dem manuellen- oder Wellenl\u00f6ten entstehenden Flux-Reste und andere kleine Verschmutzungen restlos von der PCB Oberfl\u00e4che entfernen und sorgen somit f\u00fcr eine langfristige, hochwertige Lackierung.<\/p>\n<p><strong>Lackierung:<\/strong><br \/>\nWir k\u00f6nnen unseren Bed\u00fcrfnissen entsprechend aus zahlreichen Lackierungsm\u00f6glichkeiten w\u00e4hlen. Aus Stoffen auf Acryl- und Silikonbasis, oder Stoffen mit verschiedener Dicke, dessen Auftrag auf das Produkt durch extreme Einsatzbedingungen entstehende Korrosion und andere chemische sch\u00e4dliche Vorg\u00e4nge verhindert.<\/p>\n<p><strong>Kleben, Befestigen:<\/strong><br \/>\nWir statten SMT (z.B. Anschl\u00fcsse) und TH (z.B. gro\u00dfe Kondensatoren) Ersatzteile von verschiedenen Gr\u00f6\u00dfen mit einer extra physischen Befestigung aus, was das L\u00f6ten der Ersatzteile bei physischen Belastungen entlastet. Dies ist bei gro\u00dfen Teilen und Produkten empfehlenswert, die hohen Beschleunigungskr\u00e4ften ausgesetzt sind.[\/vc_column_text][\/vc_column][\/vc_row][vc_row][vc_column]<style type=\"text\/css\" data-type=\"the7_shortcodes-inline-css\">.shortcode-single-image-wrap.shortcode-single-image-13b4aa90b94b0a77dde19752d9d0960f.enable-bg-rollover .rollover i,\n.shortcode-single-image-wrap.shortcode-single-image-13b4aa90b94b0a77dde19752d9d0960f.enable-bg-rollover .rollover-video i {\n  background: -webkit-linear-gradient();\n  background: linear-gradient();\n}\n.shortcode-single-image-wrap.shortcode-single-image-13b4aa90b94b0a77dde19752d9d0960f .rollover-icon {\n  font-size: 32px;\n  color: #ffffff;\n  min-width: 44px;\n  min-height: 44px;\n  line-height: 44px;\n  border-radius: 100px;\n  border-style: solid;\n  border-width: 0px;\n}\n.dt-icon-bg-on.shortcode-single-image-wrap.shortcode-single-image-13b4aa90b94b0a77dde19752d9d0960f .rollover-icon {\n  background: rgba(255,255,255,0.3);\n  box-shadow: none;\n}\n<\/style><div class=\"shortcode-single-image-wrap shortcode-single-image-13b4aa90b94b0a77dde19752d9d0960f alignnone  enable-bg-rollover dt-icon-bg-off\" style=\"margin-top:0px; margin-bottom:0px; margin-left:0px; margin-right:0px;\"><div class=\"shortcode-single-image hero-head\"><div class=\"fancy-media-wrap  layzr-bg\" style=\"\"><img class=\"preload-me lazy-load\" src=\"data:image\/svg+xml,%3Csvg%20xmlns%3D&#39;http%3A%2F%2Fwww.w3.org%2F2000%2Fsvg&#39;%20viewBox%3D&#39;0%200%202560%20736&#39;%2F%3E\" data-src=\"https:\/\/electrohug.com\/wp-content\/uploads\/2022\/08\/electrohug-smt-vizsgalat-03.png\" data-srcset=\"https:\/\/electrohug.com\/wp-content\/uploads\/2022\/08\/electrohug-smt-vizsgalat-03.png 2560w\" width=\"2560\" height=\"736\"  data-dt-location=\"https:\/\/electrohug.com\/de\/fertigung\/electrohug-smt-vizsgalat-03-2\/\" style=\"\" alt=\"\" \/><\/div><\/div><\/div>[\/vc_column][\/vc_row][vc_row][vc_column width=&#8220;5\/6&#8243; offset=&#8220;vc_col-sm-offset-1&#8243;][vc_column_text]<\/p>\n<h2 class=\"h1\">Inspektionen<\/h2>\n<h3>Optische Inspektion<\/h3>\n<p>100% optische Inspektion von extern hergestellten Produkten. Wir sind mit unserer automatischen optischen Inspektionsmaschine unter vollautomatisierten Rahmen mit Magazinierstation zum Beladen und Entladen in der Lage, nach der Pr\u00fcfung bzgl. eines konkreten Fehlerbildes oder sogar eines ganzen Produktes eine automatische Pr\u00fcfung durchzuf\u00fchren.<\/p>\n<h3>R\u00f6ntgeninspektion<\/h3>\n<p>Viscom X7056RS &#8211; Ein leistungsstarkes Pr\u00fcfsystem, das gleichzeitig automatisiert optisch (AOI) und automatisierter R\u00f6ntgeninspektion (AXI) pr\u00fcft. Dadurch k\u00f6nnen Fehler an verdeckten L\u00f6tstellen (z.B. BGA) zuverl\u00e4ssig erkannt werden.<\/p>\n<p>Unsere Anlage ist zuverl\u00e4ssig und bietet eine schnelle Inline-Kontrolle mit Hilfe des zur Maschine geh\u00f6renden F\u00f6rdersystems.<\/p>\n<p>Mit unserem DMC\/QR-Codeleser am F\u00f6rderbandsystem &#8211; vor der X7056RS-Maschine in unserer Produktionslinie &#8211; ist die Identifikation der gepr\u00fcften Produkte sichergestellt. Nach dem Scannen des DMC\/QR-Codes am Arbeitsplatz hinter der Anlage wird das Fehlerbild des Produktes auf dem Monitor angezeigt. Durch die eindeutige Identifizierung der Leiterplatten k\u00f6nnen alle Ergebnisse der gepr\u00fcften Produkte abgerufen werden.<\/p>\n<p>Das X7056-System ist vollst\u00e4ndig modular aufgebaut und kann als kombiniertes System (AOXI) oder als Ger\u00e4t der R\u00f6ntgenkontrolle (AXI) eingesetzt werden.<\/p>\n<p><strong>Labortests zur Erkennung von Herstellungsproblemen:<\/strong><\/p>\n<ul>\n<li>Durch Grabsteineffekt aufgerichtete Widerst\u00e4nde<\/li>\n<li>QFP-L\u00f6tfehler<\/li>\n<li>PAD-Benetzungsfehler<\/li>\n<li>BGA-Fehler, etc.<\/li>\n<\/ul>\n<p><strong>Methoden der Fehleranalyse:<\/strong><\/p>\n<ul>\n<li>Optisches Mikroskop<\/li>\n<li>R\u00f6ntgenmikroskop<\/li>\n<li>Querschnitt &#8211; der Querschnitt ist f\u00fcr Flachprofil mit minimaler Oberfl\u00e4chenrauhigkeit vorgesehen, um die innere Struktur der Probe zu untersuchen<\/li>\n<li>Schertest &#8211; Scherfestigkeit von BGA Kugeln<\/li>\n<li>BGA-F\u00e4rbetest: Eine Analysemethode, bei der eine spezielle F\u00e4rbefl\u00fcssigkeit verwendet wird, die in vorhandene Rissen der BGA-Kugeln eindringt.<\/li>\n<li>Elektronenmikroskop &#8211; erm\u00f6glicht gro\u00dfe, graustufige Aufnahmen der Probenoberfl\u00e4che mit bis zu 100.000-facher Vergr\u00f6\u00dferung.<\/li>\n<\/ul>\n<p>[\/vc_column_text][\/vc_column][\/vc_row]<\/p>\n","protected":false},"excerpt":{"rendered":"<p>[vc_row][vc_column][\/vc_column][\/vc_row][vc_row css=&#8220;.vc_custom_1657616555393{margin-bottom: 80px !important;}&#8220;][vc_column width=&#8220;5\/6&#8243; offset=&#8220;vc_col-sm-offset-1&#8243;][vc_column_text] SMT Fertigung Von der Serienfertigung in gro\u00dfem Umfang bis hin zur Produktion einer Mindestzahl von Mustern. In der SMT-Fertigung bauen und steuern unsere Spezialisten den Produktionsprozess aufgrund ihrer Erfahrung in der Herstellung komplexer Produkte und gew\u00e4hrleisten so eine Lieferung, die Ihren Erwartungen entspricht. Unsere SMT-Produktionslinie ist vollst\u00e4ndig automatisiert, so&hellip;<\/p>\n","protected":false},"author":1,"featured_media":0,"parent":0,"menu_order":0,"comment_status":"closed","ping_status":"closed","template":"","meta":{"inline_featured_image":false},"yoast_head":"<!-- This site is optimized with the Yoast SEO plugin v19.10 - https:\/\/yoast.com\/wordpress\/plugins\/seo\/ -->\n<title>Fertigung - Electrohug-<\/title>\n<meta name=\"robots\" content=\"index, follow, max-snippet:-1, max-image-preview:large, max-video-preview:-1\" \/>\n<link rel=\"canonical\" href=\"https:\/\/electrohug.com\/de\/fertigung\/\" \/>\n<meta property=\"og:locale\" content=\"de_DE\" \/>\n<meta property=\"og:type\" content=\"article\" \/>\n<meta property=\"og:title\" content=\"Fertigung - Electrohug-\" \/>\n<meta property=\"og:description\" content=\"[vc_row][vc_column][\/vc_column][\/vc_row][vc_row css=&#8220;.vc_custom_1657616555393{margin-bottom: 80px !important;}&#8220;][vc_column width=&#8220;5\/6&#8243; offset=&#8220;vc_col-sm-offset-1&#8243;][vc_column_text] SMT Fertigung Von der Serienfertigung in gro\u00dfem Umfang bis hin zur Produktion einer Mindestzahl von Mustern. In der SMT-Fertigung bauen und steuern unsere Spezialisten den Produktionsprozess aufgrund ihrer Erfahrung in der Herstellung komplexer Produkte und gew\u00e4hrleisten so eine Lieferung, die Ihren Erwartungen entspricht. Unsere SMT-Produktionslinie ist vollst\u00e4ndig automatisiert, so&hellip;\" \/>\n<meta property=\"og:url\" content=\"https:\/\/electrohug.com\/de\/fertigung\/\" \/>\n<meta property=\"og:site_name\" content=\"Electrohug-\" \/>\n<meta property=\"article:modified_time\" content=\"2022-10-11T09:52:49+00:00\" \/>\n<meta name=\"twitter:card\" content=\"summary_large_image\" \/>\n<meta name=\"twitter:label1\" content=\"Gesch\u00e4tzte Lesezeit\" \/>\n\t<meta name=\"twitter:data1\" content=\"5\u00a0Minuten\" \/>\n<script type=\"application\/ld+json\" class=\"yoast-schema-graph\">{\"@context\":\"https:\/\/schema.org\",\"@graph\":[{\"@type\":\"WebPage\",\"@id\":\"https:\/\/electrohug.com\/de\/fertigung\/\",\"url\":\"https:\/\/electrohug.com\/de\/fertigung\/\",\"name\":\"Fertigung - Electrohug-\",\"isPartOf\":{\"@id\":\"https:\/\/electrohug.com\/#website\"},\"datePublished\":\"2022-05-25T09:36:09+00:00\",\"dateModified\":\"2022-10-11T09:52:49+00:00\",\"breadcrumb\":{\"@id\":\"https:\/\/electrohug.com\/de\/fertigung\/#breadcrumb\"},\"inLanguage\":\"de\",\"potentialAction\":[{\"@type\":\"ReadAction\",\"target\":[\"https:\/\/electrohug.com\/de\/fertigung\/\"]}]},{\"@type\":\"BreadcrumbList\",\"@id\":\"https:\/\/electrohug.com\/de\/fertigung\/#breadcrumb\",\"itemListElement\":[{\"@type\":\"ListItem\",\"position\":1,\"name\":\"Home\",\"item\":\"https:\/\/electrohug.com\/de\/\"},{\"@type\":\"ListItem\",\"position\":2,\"name\":\"Fertigung\"}]},{\"@type\":\"WebSite\",\"@id\":\"https:\/\/electrohug.com\/#website\",\"url\":\"https:\/\/electrohug.com\/\",\"name\":\"Electrohug-\",\"description\":\"\",\"potentialAction\":[{\"@type\":\"SearchAction\",\"target\":{\"@type\":\"EntryPoint\",\"urlTemplate\":\"https:\/\/electrohug.com\/?s={search_term_string}\"},\"query-input\":\"required name=search_term_string\"}],\"inLanguage\":\"de\"}]}<\/script>\n<!-- \/ Yoast SEO plugin. -->","yoast_head_json":{"title":"Fertigung - Electrohug-","robots":{"index":"index","follow":"follow","max-snippet":"max-snippet:-1","max-image-preview":"max-image-preview:large","max-video-preview":"max-video-preview:-1"},"canonical":"https:\/\/electrohug.com\/de\/fertigung\/","og_locale":"de_DE","og_type":"article","og_title":"Fertigung - Electrohug-","og_description":"[vc_row][vc_column][\/vc_column][\/vc_row][vc_row css=&#8220;.vc_custom_1657616555393{margin-bottom: 80px !important;}&#8220;][vc_column width=&#8220;5\/6&#8243; offset=&#8220;vc_col-sm-offset-1&#8243;][vc_column_text] SMT Fertigung Von der Serienfertigung in gro\u00dfem Umfang bis hin zur Produktion einer Mindestzahl von Mustern. In der SMT-Fertigung bauen und steuern unsere Spezialisten den Produktionsprozess aufgrund ihrer Erfahrung in der Herstellung komplexer Produkte und gew\u00e4hrleisten so eine Lieferung, die Ihren Erwartungen entspricht. Unsere SMT-Produktionslinie ist vollst\u00e4ndig automatisiert, so&hellip;","og_url":"https:\/\/electrohug.com\/de\/fertigung\/","og_site_name":"Electrohug-","article_modified_time":"2022-10-11T09:52:49+00:00","twitter_card":"summary_large_image","twitter_misc":{"Gesch\u00e4tzte Lesezeit":"5\u00a0Minuten"},"schema":{"@context":"https:\/\/schema.org","@graph":[{"@type":"WebPage","@id":"https:\/\/electrohug.com\/de\/fertigung\/","url":"https:\/\/electrohug.com\/de\/fertigung\/","name":"Fertigung - Electrohug-","isPartOf":{"@id":"https:\/\/electrohug.com\/#website"},"datePublished":"2022-05-25T09:36:09+00:00","dateModified":"2022-10-11T09:52:49+00:00","breadcrumb":{"@id":"https:\/\/electrohug.com\/de\/fertigung\/#breadcrumb"},"inLanguage":"de","potentialAction":[{"@type":"ReadAction","target":["https:\/\/electrohug.com\/de\/fertigung\/"]}]},{"@type":"BreadcrumbList","@id":"https:\/\/electrohug.com\/de\/fertigung\/#breadcrumb","itemListElement":[{"@type":"ListItem","position":1,"name":"Home","item":"https:\/\/electrohug.com\/de\/"},{"@type":"ListItem","position":2,"name":"Fertigung"}]},{"@type":"WebSite","@id":"https:\/\/electrohug.com\/#website","url":"https:\/\/electrohug.com\/","name":"Electrohug-","description":"","potentialAction":[{"@type":"SearchAction","target":{"@type":"EntryPoint","urlTemplate":"https:\/\/electrohug.com\/?s={search_term_string}"},"query-input":"required name=search_term_string"}],"inLanguage":"de"}]}},"_links":{"self":[{"href":"https:\/\/electrohug.com\/de\/wp-json\/wp\/v2\/pages\/407"}],"collection":[{"href":"https:\/\/electrohug.com\/de\/wp-json\/wp\/v2\/pages"}],"about":[{"href":"https:\/\/electrohug.com\/de\/wp-json\/wp\/v2\/types\/page"}],"author":[{"embeddable":true,"href":"https:\/\/electrohug.com\/de\/wp-json\/wp\/v2\/users\/1"}],"replies":[{"embeddable":true,"href":"https:\/\/electrohug.com\/de\/wp-json\/wp\/v2\/comments?post=407"}],"version-history":[{"count":4,"href":"https:\/\/electrohug.com\/de\/wp-json\/wp\/v2\/pages\/407\/revisions"}],"predecessor-version":[{"id":519,"href":"https:\/\/electrohug.com\/de\/wp-json\/wp\/v2\/pages\/407\/revisions\/519"}],"wp:attachment":[{"href":"https:\/\/electrohug.com\/de\/wp-json\/wp\/v2\/media?parent=407"}],"curies":[{"name":"wp","href":"https:\/\/api.w.org\/{rel}","templated":true}]}}