{"id":404,"date":"2022-05-25T09:35:50","date_gmt":"2022-05-25T09:35:50","guid":{"rendered":"http:\/\/dev-electrohugcom.srv1.clbr.hu\/fachlicher-hintergrund\/"},"modified":"2022-10-11T09:55:44","modified_gmt":"2022-10-11T09:55:44","slug":"fachlicher-hintergrund","status":"publish","type":"page","link":"https:\/\/electrohug.com\/de\/fachlicher-hintergrund\/","title":{"rendered":"Fachlicher Hintergrund"},"content":{"rendered":"<p>[vc_row full_height=&#8220;yes&#8220; css=&#8220;.vc_custom_1657627557664{padding-top: 50px !important;padding-bottom: 100px !important;}&#8220;][vc_column width=&#8220;5\/6&#8243; offset=&#8220;vc_col-sm-offset-1&#8243;][vc_column_text]<\/p>\n<h1 style=\"text-align: justify;\">Marktumfeld<\/h1>\n<p style=\"text-align: justify;\"><strong>Da sich der Wettbewerb in den letzten Jahrzehnten versch\u00e4rft hat, haben sich die Entscheidungstr\u00e4ger in den verschiedenen Wirtschaftssektoren zunehmend f\u00fcr branchenspezifische komplexe L\u00f6sungen entschieden. In einem immer engeren Wettbewerbsumfeld sind Zeit- und Kosteneffizienz zu einer klaren Priorit\u00e4t geworden, wobei sich immer weniger Kunden mit den Teilprozessen einer bestimmten Produktherstellung befassen und, wenn eine L\u00f6sung verf\u00fcgbar ist, diese outsourcen wollen.<\/strong><\/p>\n<p style=\"text-align: justify;\">Dieser Wandel hat auch den Markt f\u00fcr elektronische Produkte erheblich ver\u00e4ndert. In diesem Zusammenhang zeichnen sich f\u00fcr die traditionellen EMS-L\u00f6sungen zwei grundlegende Trends ab. Der erste folgt den Erwartungen internationaler Unternehmen, bei denen die Organisation und das Management von Prozessen in der Regel unternehmensintern abgewickelt werden, wobei der Schwerpunkt auf den Beziehungen zu den Zulieferern liegt, w\u00e4hrend die Zulieferer, die die verschiedenen T\u00e4tigkeiten im Rahmen von Untervertr\u00e4gen ausf\u00fchren, auf der Kundenseite auf hohem Niveau verwaltet werden. Auch in diesem Fall wird jedoch erwartet, dass ein Teilprozess zu einem bestimmten Lieferanten geh\u00f6rt, dass es eine bestimmte Person gibt, die f\u00fcr die ausgef\u00fchrten Arbeiten verantwortlich ist, und dass, wenn zus\u00e4tzliche Unterlieferanten ben\u00f6tigt werden, diese von einem Lieferanten verwaltet werden, der direkt mit dem Kunden verbunden ist. Mit anderen Worten: Die Verantwortung der TIER 1-Lieferanten wurde erweitert. Der andere Trend ist die Produktherstellung kleinerer Unternehmen, in denen im Allgemeinen aus Gr\u00fcnden der Kosteneffizienz keine internen Ressourcen f\u00fcr die Koordinierung, Kontrolle und Verwaltung von Zulieferern f\u00fcr Teilprozesse vorhanden sind, so dass zunehmend &#8222;One-Stop-Shop&#8220;-L\u00f6sungen erwartet werden. Dies wiederum erfordert Kenntnisse auf der Lieferantenseite, die f\u00fcr einen Lieferanten in einer traditionellen TIER-Kette nicht erforderlich waren. Komplexes Produktmanagement ist ein Wissen, das vor allem durch Erfahrung erworben wird. Dar\u00fcber hinaus ist die Entwicklung eines professionellen Netzwerks auf sehr hohem Niveau von besonderer Bedeutung, dessen Mitglieder mit Sicherheit und Vertrauen in einem Projekt vielseitig einsetzbar sind.<\/p>\n<p>[\/vc_column_text][vc_raw_html]PGRpdiBjbGFzcz0iY29udGFpbmVyLXNjcm9sbCI+DQogIDxkaXYgY2xhc3M9ImNoZXZyb24iPjwvZGl2Pg0KICA8ZGl2IGNsYXNzPSJjaGV2cm9uIj48L2Rpdj4NCiAgPGRpdiBjbGFzcz0iY2hldnJvbiI+PC9kaXY+DQogIDxzcGFuIGNsYXNzPSJ0ZXh0Ij5TY3JvbGwgZG93bjwvc3Bhbj4NCiAgPGEgY2xhc3M9InRleHQgYW5jaG9yLWxpbmsiIGhyZWY9IiMhL2NvbXBsZXgtZW1zLW1hbmFnZW1lbnQiPktPTVBMRVhFUyBFTVMtUFJPRFVLVE1BTkFHRU1FTlQ8L2E+DQo8L2Rpdj4=[\/vc_raw_html][\/vc_column][\/vc_row][vc_row el_id=&#8220;complex-ems-management&#8220;][vc_column]<style type=\"text\/css\" data-type=\"the7_shortcodes-inline-css\">.shortcode-single-image-wrap.shortcode-single-image-a220ffb155ebc94efb9fa4778ffbffa3.enable-bg-rollover .rollover i,\n.shortcode-single-image-wrap.shortcode-single-image-a220ffb155ebc94efb9fa4778ffbffa3.enable-bg-rollover .rollover-video i {\n  background: -webkit-linear-gradient();\n  background: linear-gradient();\n}\n.shortcode-single-image-wrap.shortcode-single-image-a220ffb155ebc94efb9fa4778ffbffa3 .rollover-icon {\n  font-size: 32px;\n  color: #ffffff;\n  min-width: 44px;\n  min-height: 44px;\n  line-height: 44px;\n  border-radius: 100px;\n  border-style: solid;\n  border-width: 0px;\n}\n.dt-icon-bg-on.shortcode-single-image-wrap.shortcode-single-image-a220ffb155ebc94efb9fa4778ffbffa3 .rollover-icon {\n  background: rgba(255,255,255,0.3);\n  box-shadow: none;\n}\n<\/style><div class=\"shortcode-single-image-wrap shortcode-single-image-a220ffb155ebc94efb9fa4778ffbffa3 alignnone fadeIn animate-element  enable-bg-rollover dt-icon-bg-off\" style=\"margin-top:0px; margin-bottom:0px; margin-left:0px; margin-right:0px;\"><div class=\"shortcode-single-image hero-head\"><div class=\"fancy-media-wrap  layzr-bg\" style=\"\"><img class=\"preload-me lazy-load\" src=\"data:image\/svg+xml,%3Csvg%20xmlns%3D&#39;http%3A%2F%2Fwww.w3.org%2F2000%2Fsvg&#39;%20viewBox%3D&#39;0%200%202560%20736&#39;%2F%3E\" data-src=\"https:\/\/electrohug.com\/wp-content\/uploads\/2022\/08\/complex-ems-product-management-bg-1.png\" data-srcset=\"https:\/\/electrohug.com\/wp-content\/uploads\/2022\/08\/complex-ems-product-management-bg-1.png 2560w\" width=\"2560\" height=\"736\"  data-dt-location=\"https:\/\/electrohug.com\/de\/szakmai-hatter\/complex-ems-product-management-bg\/\" style=\"\" alt=\"\" \/><\/div><\/div><\/div>[\/vc_column][\/vc_row][vc_row css=&#8220;.vc_custom_1659959306357{padding-bottom: 100px !important;}&#8220;][vc_column width=&#8220;5\/6&#8243; offset=&#8220;vc_col-sm-offset-1&#8243;][vc_column_text]<\/p>\n<h2 class=\"h1\">Komplexes Ems-produktmanagement<\/h2>\n<p><strong>Im Zuge der Marktver\u00e4nderungen gibt es eine wachsende Pr\u00e4senz von &#8222;komplexen EMS-Produktmanagement&#8220;-L\u00f6sungen, <\/strong>f\u00fcr die die Nachfrage in den letzten Jahren exponentiell gestiegen ist. Diese Entwicklung wurde zudem durch die Auswirkungen der COVID-19-Krise auf den Elektroniksektor stark beeinflusst. Die Vorhersehbarkeit der Produktion, die p\u00fcnktliche Lieferung und die Gew\u00e4hrleistung eines hohen Qualit\u00e4tsniveaus sind zu zentralen Elementen des Wettbewerbs geworden. Auch die Beziehungen zu den Zulieferern wurden und werden durch die Kosteneffizienzbem\u00fchungen der Unternehmen und die damit verbundenen Entlassungen beeintr\u00e4chtigt. Es \u00fcberrascht nicht, dass eine der offensichtlichen Folgen jeder Krise die steigende Nachfrage nach Outsourcing-L\u00f6sungen ist, die es den Unternehmen erm\u00f6glichen, fixe Arbeitskosten durch zeitlich begrenzte Kosten f\u00fcr die Dauer des spezifischen Produktionsprozesses zu ersetzen, was einen gro\u00dfen Einfluss auf das Ergebnis des Unternehmens hat. Tats\u00e4chlich kann ein komplexes Produktmanagement den gesamten Produktionsprozess vom &#8222;Design&#8220; bis zur Produktion des &#8222;Endprodukts&#8220; strukturieren und verwalten. Im EMS kann dies die folgenden Arbeitsabl\u00e4ufe betreffen:[\/vc_column_text][vc_column_text css=&#8220;.vc_custom_1661261158190{padding-top: 30px !important;padding-right: 30px !important;padding-bottom: 30px !important;padding-left: 30px !important;background-color: rgba(12,51,86,0.5) !important;*background-color: rgb(12,51,86) !important;}&#8220;]<\/p>\n<ul>\n<li>Durchf\u00fchrbarkeitsstudie,<\/li>\n<li>Beschaffung von Rohstoffen,<\/li>\n<li>Vorproduktion von Produktmustern,<\/li>\n<li>Testen von Produktmustern,<\/li>\n<li>Best\u00fcckung, L\u00f6ten, 2D\/3D-Pr\u00fcfung von oberfl\u00e4chenmontierten Bauelementen,<\/li>\n<li>Formen von Through-Hole-Komponenten, L\u00f6ten von Einlegeteilen, automatisierte Pr\u00fcfung,<\/li>\n<li>Selektive Schutzbeschichtung (Lackierung oder Silikonisierung) von elektronischen Halbfertigprodukten,<\/li>\n<li>Nutzentrennen von Produkten,<\/li>\n<li>Schrauben und Kleben von Produkten, Montage von verschiedenen Komponenten,<\/li>\n<li>Herstellung und Pressen von Spritzguss-Formteilen,<\/li>\n<li>ICT- oder Funktionstests von Halbfertigprodukten &#8211; Fertigprodukten,<\/li>\n<li>Programmierung von Produkten,<\/li>\n<li>Montieren und Verpacken von Produkten.<\/li>\n<\/ul>\n<p>[\/vc_column_text][\/vc_column][\/vc_row]<\/p>\n","protected":false},"excerpt":{"rendered":"<p>[vc_row full_height=&#8220;yes&#8220; css=&#8220;.vc_custom_1657627557664{padding-top: 50px !important;padding-bottom: 100px !important;}&#8220;][vc_column width=&#8220;5\/6&#8243; offset=&#8220;vc_col-sm-offset-1&#8243;][vc_column_text] Marktumfeld Da sich der Wettbewerb in den letzten Jahrzehnten versch\u00e4rft hat, haben sich die Entscheidungstr\u00e4ger in den verschiedenen Wirtschaftssektoren zunehmend f\u00fcr branchenspezifische komplexe L\u00f6sungen entschieden. In einem immer engeren Wettbewerbsumfeld sind Zeit- und Kosteneffizienz zu einer klaren Priorit\u00e4t geworden, wobei sich immer weniger Kunden mit den&hellip;<\/p>\n","protected":false},"author":1,"featured_media":0,"parent":0,"menu_order":0,"comment_status":"closed","ping_status":"closed","template":"","meta":{"inline_featured_image":false},"yoast_head":"<!-- This site is optimized with the Yoast SEO plugin v19.10 - https:\/\/yoast.com\/wordpress\/plugins\/seo\/ -->\n<title>Fachlicher Hintergrund - Electrohug-<\/title>\n<meta name=\"robots\" content=\"index, follow, max-snippet:-1, max-image-preview:large, max-video-preview:-1\" \/>\n<link rel=\"canonical\" href=\"https:\/\/electrohug.com\/de\/fachlicher-hintergrund\/\" \/>\n<meta property=\"og:locale\" content=\"de_DE\" \/>\n<meta property=\"og:type\" content=\"article\" \/>\n<meta property=\"og:title\" content=\"Fachlicher Hintergrund - Electrohug-\" \/>\n<meta property=\"og:description\" content=\"[vc_row full_height=&#8220;yes&#8220; css=&#8220;.vc_custom_1657627557664{padding-top: 50px !important;padding-bottom: 100px !important;}&#8220;][vc_column width=&#8220;5\/6&#8243; offset=&#8220;vc_col-sm-offset-1&#8243;][vc_column_text] Marktumfeld Da sich der Wettbewerb in den letzten Jahrzehnten versch\u00e4rft hat, haben sich die Entscheidungstr\u00e4ger in den verschiedenen Wirtschaftssektoren zunehmend f\u00fcr branchenspezifische komplexe L\u00f6sungen entschieden. In einem immer engeren Wettbewerbsumfeld sind Zeit- und Kosteneffizienz zu einer klaren Priorit\u00e4t geworden, wobei sich immer weniger Kunden mit den&hellip;\" \/>\n<meta property=\"og:url\" content=\"https:\/\/electrohug.com\/de\/fachlicher-hintergrund\/\" \/>\n<meta property=\"og:site_name\" content=\"Electrohug-\" \/>\n<meta property=\"article:modified_time\" content=\"2022-10-11T09:55:44+00:00\" \/>\n<meta name=\"twitter:card\" content=\"summary_large_image\" \/>\n<meta name=\"twitter:label1\" content=\"Gesch\u00e4tzte Lesezeit\" \/>\n\t<meta name=\"twitter:data1\" content=\"4\u00a0Minuten\" \/>\n<script type=\"application\/ld+json\" class=\"yoast-schema-graph\">{\"@context\":\"https:\/\/schema.org\",\"@graph\":[{\"@type\":\"WebPage\",\"@id\":\"https:\/\/electrohug.com\/de\/fachlicher-hintergrund\/\",\"url\":\"https:\/\/electrohug.com\/de\/fachlicher-hintergrund\/\",\"name\":\"Fachlicher Hintergrund - Electrohug-\",\"isPartOf\":{\"@id\":\"https:\/\/electrohug.com\/#website\"},\"datePublished\":\"2022-05-25T09:35:50+00:00\",\"dateModified\":\"2022-10-11T09:55:44+00:00\",\"breadcrumb\":{\"@id\":\"https:\/\/electrohug.com\/de\/fachlicher-hintergrund\/#breadcrumb\"},\"inLanguage\":\"de\",\"potentialAction\":[{\"@type\":\"ReadAction\",\"target\":[\"https:\/\/electrohug.com\/de\/fachlicher-hintergrund\/\"]}]},{\"@type\":\"BreadcrumbList\",\"@id\":\"https:\/\/electrohug.com\/de\/fachlicher-hintergrund\/#breadcrumb\",\"itemListElement\":[{\"@type\":\"ListItem\",\"position\":1,\"name\":\"Home\",\"item\":\"https:\/\/electrohug.com\/de\/\"},{\"@type\":\"ListItem\",\"position\":2,\"name\":\"Fachlicher Hintergrund\"}]},{\"@type\":\"WebSite\",\"@id\":\"https:\/\/electrohug.com\/#website\",\"url\":\"https:\/\/electrohug.com\/\",\"name\":\"Electrohug-\",\"description\":\"\",\"potentialAction\":[{\"@type\":\"SearchAction\",\"target\":{\"@type\":\"EntryPoint\",\"urlTemplate\":\"https:\/\/electrohug.com\/?s={search_term_string}\"},\"query-input\":\"required name=search_term_string\"}],\"inLanguage\":\"de\"}]}<\/script>\n<!-- \/ Yoast SEO plugin. -->","yoast_head_json":{"title":"Fachlicher Hintergrund - Electrohug-","robots":{"index":"index","follow":"follow","max-snippet":"max-snippet:-1","max-image-preview":"max-image-preview:large","max-video-preview":"max-video-preview:-1"},"canonical":"https:\/\/electrohug.com\/de\/fachlicher-hintergrund\/","og_locale":"de_DE","og_type":"article","og_title":"Fachlicher Hintergrund - Electrohug-","og_description":"[vc_row full_height=&#8220;yes&#8220; css=&#8220;.vc_custom_1657627557664{padding-top: 50px !important;padding-bottom: 100px !important;}&#8220;][vc_column width=&#8220;5\/6&#8243; offset=&#8220;vc_col-sm-offset-1&#8243;][vc_column_text] Marktumfeld Da sich der Wettbewerb in den letzten Jahrzehnten versch\u00e4rft hat, haben sich die Entscheidungstr\u00e4ger in den verschiedenen Wirtschaftssektoren zunehmend f\u00fcr branchenspezifische komplexe L\u00f6sungen entschieden. In einem immer engeren Wettbewerbsumfeld sind Zeit- und Kosteneffizienz zu einer klaren Priorit\u00e4t geworden, wobei sich immer weniger Kunden mit den&hellip;","og_url":"https:\/\/electrohug.com\/de\/fachlicher-hintergrund\/","og_site_name":"Electrohug-","article_modified_time":"2022-10-11T09:55:44+00:00","twitter_card":"summary_large_image","twitter_misc":{"Gesch\u00e4tzte Lesezeit":"4\u00a0Minuten"},"schema":{"@context":"https:\/\/schema.org","@graph":[{"@type":"WebPage","@id":"https:\/\/electrohug.com\/de\/fachlicher-hintergrund\/","url":"https:\/\/electrohug.com\/de\/fachlicher-hintergrund\/","name":"Fachlicher Hintergrund - Electrohug-","isPartOf":{"@id":"https:\/\/electrohug.com\/#website"},"datePublished":"2022-05-25T09:35:50+00:00","dateModified":"2022-10-11T09:55:44+00:00","breadcrumb":{"@id":"https:\/\/electrohug.com\/de\/fachlicher-hintergrund\/#breadcrumb"},"inLanguage":"de","potentialAction":[{"@type":"ReadAction","target":["https:\/\/electrohug.com\/de\/fachlicher-hintergrund\/"]}]},{"@type":"BreadcrumbList","@id":"https:\/\/electrohug.com\/de\/fachlicher-hintergrund\/#breadcrumb","itemListElement":[{"@type":"ListItem","position":1,"name":"Home","item":"https:\/\/electrohug.com\/de\/"},{"@type":"ListItem","position":2,"name":"Fachlicher Hintergrund"}]},{"@type":"WebSite","@id":"https:\/\/electrohug.com\/#website","url":"https:\/\/electrohug.com\/","name":"Electrohug-","description":"","potentialAction":[{"@type":"SearchAction","target":{"@type":"EntryPoint","urlTemplate":"https:\/\/electrohug.com\/?s={search_term_string}"},"query-input":"required name=search_term_string"}],"inLanguage":"de"}]}},"_links":{"self":[{"href":"https:\/\/electrohug.com\/de\/wp-json\/wp\/v2\/pages\/404"}],"collection":[{"href":"https:\/\/electrohug.com\/de\/wp-json\/wp\/v2\/pages"}],"about":[{"href":"https:\/\/electrohug.com\/de\/wp-json\/wp\/v2\/types\/page"}],"author":[{"embeddable":true,"href":"https:\/\/electrohug.com\/de\/wp-json\/wp\/v2\/users\/1"}],"replies":[{"embeddable":true,"href":"https:\/\/electrohug.com\/de\/wp-json\/wp\/v2\/comments?post=404"}],"version-history":[{"count":3,"href":"https:\/\/electrohug.com\/de\/wp-json\/wp\/v2\/pages\/404\/revisions"}],"predecessor-version":[{"id":521,"href":"https:\/\/electrohug.com\/de\/wp-json\/wp\/v2\/pages\/404\/revisions\/521"}],"wp:attachment":[{"href":"https:\/\/electrohug.com\/de\/wp-json\/wp\/v2\/media?parent=404"}],"curies":[{"name":"wp","href":"https:\/\/api.w.org\/{rel}","templated":true}]}}