{"id":398,"date":"2022-05-25T09:35:36","date_gmt":"2022-05-25T09:35:36","guid":{"rendered":"http:\/\/dev-electrohugcom.srv1.clbr.hu\/ueber-uns\/"},"modified":"2022-08-26T08:32:48","modified_gmt":"2022-08-26T08:32:48","slug":"ueber-uns","status":"publish","type":"page","link":"https:\/\/electrohug.com\/de\/ueber-uns\/","title":{"rendered":"\u00dcber uns"},"content":{"rendered":"<p>[vc_row][vc_column]<style type=\"text\/css\" data-type=\"the7_shortcodes-inline-css\">.shortcode-single-image-wrap.shortcode-single-image-682e07423fc265484717e4f746bcbc55.enable-bg-rollover .rollover i,\n.shortcode-single-image-wrap.shortcode-single-image-682e07423fc265484717e4f746bcbc55.enable-bg-rollover .rollover-video i {\n  background: -webkit-linear-gradient();\n  background: linear-gradient();\n}\n.shortcode-single-image-wrap.shortcode-single-image-682e07423fc265484717e4f746bcbc55 .rollover-icon {\n  font-size: 32px;\n  color: #ffffff;\n  min-width: 44px;\n  min-height: 44px;\n  line-height: 44px;\n  border-radius: 100px;\n  border-style: solid;\n  border-width: 0px;\n}\n.dt-icon-bg-on.shortcode-single-image-wrap.shortcode-single-image-682e07423fc265484717e4f746bcbc55 .rollover-icon {\n  background: rgba(255,255,255,0.3);\n  box-shadow: none;\n}\n<\/style><div class=\"shortcode-single-image-wrap shortcode-single-image-682e07423fc265484717e4f746bcbc55 alignnone fadeInDownBig animate-element  enable-bg-rollover dt-icon-bg-off\" style=\"margin-top:0px; margin-bottom:0px; margin-left:0px; margin-right:0px;\"><div class=\"shortcode-single-image hero-head\"><div class=\"fancy-media-wrap  layzr-bg\" style=\"\"><img class=\"preload-me lazy-load\" src=\"data:image\/svg+xml,%3Csvg%20xmlns%3D&#39;http%3A%2F%2Fwww.w3.org%2F2000%2Fsvg&#39;%20viewBox%3D&#39;0%200%202560%20845&#39;%2F%3E\" data-src=\"https:\/\/electrohug.com\/wp-content\/uploads\/2022\/07\/electrohug-rolunk.png\" data-srcset=\"https:\/\/electrohug.com\/wp-content\/uploads\/2022\/07\/electrohug-rolunk.png 2560w\" width=\"2560\" height=\"845\"  data-dt-location=\"https:\/\/electrohug.com\/de\/about-us\/electrohug-rolunk-2\/\" style=\"\" alt=\"\" \/><\/div><\/div><\/div>[\/vc_column][\/vc_row][vc_row full_height=&#8220;yes&#8220;][vc_column width=&#8220;2\/3&#8243; offset=&#8220;vc_col-sm-offset-2&#8243;][vc_column_text]<\/p>\n<h1>\u00dcber uns<\/h1>\n<p style=\"text-align: justify;\"><strong>ELECTROHUG ist der erste Teilnehmer auf dem internationalen EMS-Markt, der seinen Partnern zus\u00e4tzlich zu traditionellen L\u00f6sungen auch komplexe L\u00f6sungen f\u00fcr die Produktherstellung anbietet. Je nach Bedarf des Kunden kann ELECTROHUG den gesamten Herstellungsprozess oder einen spezifischen Teilprozess abdecken. Ein wichtiger Marktvorteil von ELECTROHUG ist die Tatsache, dass seine Spezialisten \u00fcber mehr als ein Jahrzehnt EMS-Erfahrung in den Bereichen Automobilindustrie, Medizintechnik, Smart Control, Telekommunikation, Industrieautomation, Robotik, IT-Tools und Energie verf\u00fcgen. Das professionelle Team hat komplexe Produktmanagement-Unterst\u00fctzung bei der Entwicklung und Implementierung von mehr als 30 komplexen Produktprozessen geleistet. Wir bieten L\u00f6sungen f\u00fcr komplexe Projekte, die von der Designberatung nach dem Produktdesign bis zur eigentlichen Herstellung des Produkts reichen.<br \/>\n<\/strong><\/p>\n<p style=\"text-align: justify;\">ELECTROHUG wurde gegr\u00fcndet, um das Fachwissen multinationaler Unternehmen in den Bereichen Prozesskontrolle und Qualit\u00e4tsmanagement &#8211; das eine hohe und gleichbleibende Produktionsqualit\u00e4t garantiert &#8211; mit der Flexibilit\u00e4t kleinerer Unternehmen zu kombinieren, was ELECTROHUG einen klaren Marktvorteil verschafft. Heute, nach einer bedeutenden quantitativen und qualitativen Verbesserung, arbeitet das Unternehmen in \u00dcbereinstimmung mit den Standards ISO9001, ISO14001 und IATF16949 in einer modernen Produktionsbasis, die auf einem eigenen 5000 m2 gro\u00dfen Gel\u00e4nde errichtet wurde.<\/p>\n<p>[\/vc_column_text][\/vc_column][\/vc_row]<\/p>\n","protected":false},"excerpt":{"rendered":"<p>[vc_row][vc_column][\/vc_column][\/vc_row][vc_row full_height=&#8220;yes&#8220;][vc_column width=&#8220;2\/3&#8243; offset=&#8220;vc_col-sm-offset-2&#8243;][vc_column_text] \u00dcber uns ELECTROHUG ist der erste Teilnehmer auf dem internationalen EMS-Markt, der seinen Partnern zus\u00e4tzlich zu traditionellen L\u00f6sungen auch komplexe L\u00f6sungen f\u00fcr die Produktherstellung anbietet. Je nach Bedarf des Kunden kann ELECTROHUG den gesamten Herstellungsprozess oder einen spezifischen Teilprozess abdecken. Ein wichtiger Marktvorteil von ELECTROHUG ist die Tatsache, dass seine Spezialisten&hellip;<\/p>\n","protected":false},"author":1,"featured_media":0,"parent":0,"menu_order":0,"comment_status":"closed","ping_status":"closed","template":"","meta":{"inline_featured_image":false},"yoast_head":"<!-- This site is optimized with the Yoast SEO plugin v19.10 - https:\/\/yoast.com\/wordpress\/plugins\/seo\/ -->\n<title>\u00dcber uns - Electrohug-<\/title>\n<meta name=\"robots\" content=\"index, follow, max-snippet:-1, max-image-preview:large, max-video-preview:-1\" \/>\n<link rel=\"canonical\" href=\"https:\/\/electrohug.com\/de\/ueber-uns\/\" \/>\n<meta property=\"og:locale\" content=\"de_DE\" \/>\n<meta property=\"og:type\" content=\"article\" \/>\n<meta property=\"og:title\" content=\"\u00dcber uns - Electrohug-\" \/>\n<meta property=\"og:description\" content=\"[vc_row][vc_column][\/vc_column][\/vc_row][vc_row full_height=&#8220;yes&#8220;][vc_column width=&#8220;2\/3&#8243; offset=&#8220;vc_col-sm-offset-2&#8243;][vc_column_text] \u00dcber uns ELECTROHUG ist der erste Teilnehmer auf dem internationalen EMS-Markt, der seinen Partnern zus\u00e4tzlich zu traditionellen L\u00f6sungen auch komplexe L\u00f6sungen f\u00fcr die Produktherstellung anbietet. Je nach Bedarf des Kunden kann ELECTROHUG den gesamten Herstellungsprozess oder einen spezifischen Teilprozess abdecken. Ein wichtiger Marktvorteil von ELECTROHUG ist die Tatsache, dass seine Spezialisten&hellip;\" \/>\n<meta property=\"og:url\" content=\"https:\/\/electrohug.com\/de\/ueber-uns\/\" \/>\n<meta property=\"og:site_name\" content=\"Electrohug-\" \/>\n<meta property=\"article:modified_time\" content=\"2022-08-26T08:32:48+00:00\" \/>\n<meta name=\"twitter:card\" content=\"summary_large_image\" \/>\n<meta name=\"twitter:label1\" content=\"Gesch\u00e4tzte Lesezeit\" \/>\n\t<meta name=\"twitter:data1\" content=\"1\u00a0Minute\" \/>\n<script type=\"application\/ld+json\" class=\"yoast-schema-graph\">{\"@context\":\"https:\/\/schema.org\",\"@graph\":[{\"@type\":\"WebPage\",\"@id\":\"https:\/\/electrohug.com\/de\/ueber-uns\/\",\"url\":\"https:\/\/electrohug.com\/de\/ueber-uns\/\",\"name\":\"\u00dcber uns - Electrohug-\",\"isPartOf\":{\"@id\":\"https:\/\/electrohug.com\/#website\"},\"datePublished\":\"2022-05-25T09:35:36+00:00\",\"dateModified\":\"2022-08-26T08:32:48+00:00\",\"breadcrumb\":{\"@id\":\"https:\/\/electrohug.com\/de\/ueber-uns\/#breadcrumb\"},\"inLanguage\":\"de\",\"potentialAction\":[{\"@type\":\"ReadAction\",\"target\":[\"https:\/\/electrohug.com\/de\/ueber-uns\/\"]}]},{\"@type\":\"BreadcrumbList\",\"@id\":\"https:\/\/electrohug.com\/de\/ueber-uns\/#breadcrumb\",\"itemListElement\":[{\"@type\":\"ListItem\",\"position\":1,\"name\":\"Home\",\"item\":\"https:\/\/electrohug.com\/de\/\"},{\"@type\":\"ListItem\",\"position\":2,\"name\":\"\u00dcber uns\"}]},{\"@type\":\"WebSite\",\"@id\":\"https:\/\/electrohug.com\/#website\",\"url\":\"https:\/\/electrohug.com\/\",\"name\":\"Electrohug-\",\"description\":\"\",\"potentialAction\":[{\"@type\":\"SearchAction\",\"target\":{\"@type\":\"EntryPoint\",\"urlTemplate\":\"https:\/\/electrohug.com\/?s={search_term_string}\"},\"query-input\":\"required name=search_term_string\"}],\"inLanguage\":\"de\"}]}<\/script>\n<!-- \/ Yoast SEO plugin. -->","yoast_head_json":{"title":"\u00dcber uns - Electrohug-","robots":{"index":"index","follow":"follow","max-snippet":"max-snippet:-1","max-image-preview":"max-image-preview:large","max-video-preview":"max-video-preview:-1"},"canonical":"https:\/\/electrohug.com\/de\/ueber-uns\/","og_locale":"de_DE","og_type":"article","og_title":"\u00dcber uns - Electrohug-","og_description":"[vc_row][vc_column][\/vc_column][\/vc_row][vc_row full_height=&#8220;yes&#8220;][vc_column width=&#8220;2\/3&#8243; offset=&#8220;vc_col-sm-offset-2&#8243;][vc_column_text] \u00dcber uns ELECTROHUG ist der erste Teilnehmer auf dem internationalen EMS-Markt, der seinen Partnern zus\u00e4tzlich zu traditionellen L\u00f6sungen auch komplexe L\u00f6sungen f\u00fcr die Produktherstellung anbietet. Je nach Bedarf des Kunden kann ELECTROHUG den gesamten Herstellungsprozess oder einen spezifischen Teilprozess abdecken. Ein wichtiger Marktvorteil von ELECTROHUG ist die Tatsache, dass seine Spezialisten&hellip;","og_url":"https:\/\/electrohug.com\/de\/ueber-uns\/","og_site_name":"Electrohug-","article_modified_time":"2022-08-26T08:32:48+00:00","twitter_card":"summary_large_image","twitter_misc":{"Gesch\u00e4tzte Lesezeit":"1\u00a0Minute"},"schema":{"@context":"https:\/\/schema.org","@graph":[{"@type":"WebPage","@id":"https:\/\/electrohug.com\/de\/ueber-uns\/","url":"https:\/\/electrohug.com\/de\/ueber-uns\/","name":"\u00dcber uns - Electrohug-","isPartOf":{"@id":"https:\/\/electrohug.com\/#website"},"datePublished":"2022-05-25T09:35:36+00:00","dateModified":"2022-08-26T08:32:48+00:00","breadcrumb":{"@id":"https:\/\/electrohug.com\/de\/ueber-uns\/#breadcrumb"},"inLanguage":"de","potentialAction":[{"@type":"ReadAction","target":["https:\/\/electrohug.com\/de\/ueber-uns\/"]}]},{"@type":"BreadcrumbList","@id":"https:\/\/electrohug.com\/de\/ueber-uns\/#breadcrumb","itemListElement":[{"@type":"ListItem","position":1,"name":"Home","item":"https:\/\/electrohug.com\/de\/"},{"@type":"ListItem","position":2,"name":"\u00dcber uns"}]},{"@type":"WebSite","@id":"https:\/\/electrohug.com\/#website","url":"https:\/\/electrohug.com\/","name":"Electrohug-","description":"","potentialAction":[{"@type":"SearchAction","target":{"@type":"EntryPoint","urlTemplate":"https:\/\/electrohug.com\/?s={search_term_string}"},"query-input":"required name=search_term_string"}],"inLanguage":"de"}]}},"_links":{"self":[{"href":"https:\/\/electrohug.com\/de\/wp-json\/wp\/v2\/pages\/398"}],"collection":[{"href":"https:\/\/electrohug.com\/de\/wp-json\/wp\/v2\/pages"}],"about":[{"href":"https:\/\/electrohug.com\/de\/wp-json\/wp\/v2\/types\/page"}],"author":[{"embeddable":true,"href":"https:\/\/electrohug.com\/de\/wp-json\/wp\/v2\/users\/1"}],"replies":[{"embeddable":true,"href":"https:\/\/electrohug.com\/de\/wp-json\/wp\/v2\/comments?post=398"}],"version-history":[{"count":3,"href":"https:\/\/electrohug.com\/de\/wp-json\/wp\/v2\/pages\/398\/revisions"}],"predecessor-version":[{"id":456,"href":"https:\/\/electrohug.com\/de\/wp-json\/wp\/v2\/pages\/398\/revisions\/456"}],"wp:attachment":[{"href":"https:\/\/electrohug.com\/de\/wp-json\/wp\/v2\/media?parent=398"}],"curies":[{"name":"wp","href":"https:\/\/api.w.org\/{rel}","templated":true}]}}